{"id":62090,"date":"2025-10-08T12:18:03","date_gmt":"2025-10-08T10:18:03","guid":{"rendered":"https:\/\/hbiconsulting.eu\/?page_id=62090"},"modified":"2025-10-08T12:18:03","modified_gmt":"2025-10-08T10:18:03","slug":"geschaeftseinleitung-in-der-region-westmakedonien","status":"publish","type":"page","link":"https:\/\/hbiconsulting.eu\/de\/geschaeftseinleitung-in-der-region-westmakedonien\/","title":{"rendered":"\u00abGesch\u00e4ftseinleitung in der Region Westmakedonien\u00bb"},"content":{"rendered":"<div class=\"wpb-content-wrapper\"><p>[vc_row][vc_column][vc_column_text css=&#8220;&#8220;]Die Ma\u00dfnahme zielt darauf ab, neue und junge, kleine und mittlere Unternehmen zu unterst\u00fctzen, die in der Region Westmakedonien t\u00e4tig sind oder sein werden, um das Unternehmertum in der Region zu f\u00f6rdern, die Schaffung von Arbeitspl\u00e4tzen zu verbessern und die Grundlage f\u00fcr wettbewerbsf\u00e4hige Unternehmen sowohl auf dem heimischen als auch auf dem internationalen Markt zu schaffen.<\/p>\n<p>&nbsp;<\/p>\n<p>Das Gesamtbudget der Ma\u00dfnahme bel\u00e4uft sich auf 4.200.000,00\u20ac.<\/p>\n<p>&nbsp;<\/p>\n<p><strong><u>TEILNAHMEBEDINGUNGEN<\/u><\/strong><\/p>\n<p>Ein Unternehmen kann sich f\u00fcr die Ma\u00dfnahme bewerben, wenn es \u2013 kumulativ \u2013 die folgenden Bedingungen erf\u00fcllt:<\/p>\n<ul>\n<li>Jedes neue Unternehmen muss nach dem 01.01.2022 gegr\u00fcndet worden sein und bis zum Zeitpunkt der Ausschreibung, d. h. bis zum 04.02.2025, weniger als zwei vollst\u00e4ndige, abgeschlossene Gesch\u00e4ftsjahre vorweisen k\u00f6nnen.<\/li>\n<li>Die gleiche Investitionseinheit (Partner\/Gesellschafter\/Unternehmen) darf nicht an mehr als einem (1) Investitionsprojekt beteiligt sein, das ein Unternehmen betrifft, das sich gerade in der Gr\u00fcndungsphase befindet.<\/li>\n<li>Es muss mindestens einen gem\u00e4\u00df der Ausschreibung zul\u00e4ssigen SIC haben, in dem es bis zur Einreichung des ersten \u00dcberpr\u00fcfungsantrags (in Gr\u00fcndung) oder vor dem 02.04.2025 t\u00e4tig sein muss.<\/li>\n<li>Arbeiten Sie legal mit den entsprechenden Genehmigungsunterlagen.<\/li>\n<li>F\u00fcr Unternehmen, die sich in der Gr\u00fcndungsphase befinden: Gr\u00fcndung mit einer Mindestbeteiligung von 51 % und ausschlie\u00dflicher Gesch\u00e4ftsf\u00fchrung\/Vertretung durch nat\u00fcrliche Personen, die im Jahr 2023 weder als Einzelunternehmer noch als Gesellschafter\/Aktion\u00e4re in anderen Unternehmen gesch\u00e4ftlich t\u00e4tig waren.<\/li>\n<li>F\u00fcr neue Unternehmen: Eintragung in das Register der Beg\u00fcnstigten.<\/li>\n<li>Reichen Sie einen Nachweis \u00fcber die Verf\u00fcgbarkeit von Finanzmitteln ein, der die Deckung von mindestens 25 % der Gesamtkosten des Investitionsvorhabens dokumentiert.<\/li>\n<li>Nachweis der Verf\u00fcgbarkeit des Investitionsstandorts vorlegen, falls das Investitionsvorhaben den Bau\/die Erweiterung eines Geb\u00e4udes umfasst.<\/li>\n<li>Verpflichtung, bis zum Abschluss der Investition und je nach Art und Beschaffenheit des Betriebs den Zugang von Menschen mit Behinderungen zu den Geb\u00e4uden, Dienstleistungen und elektronischen Umgebungen des Unternehmens sicherzustellen.<\/li>\n<\/ul>\n<p>&nbsp;<\/p>\n<p><strong><u>BUDGET &amp; UMSETZUNGSZEITRAUM<\/u><\/strong><\/p>\n<p>Mindestbudget: 15.000,00\u20ac<\/p>\n<p>Maximales Budget: 250.000,00\u20ac<\/p>\n<p>&nbsp;<\/p>\n<p>Die Dauer der Umsetzung der Ma\u00dfnahme betr\u00e4gt vierundzwanzig (24) Monate ab dem Datum der Ver\u00f6ffentlichung der Entscheidung \u00fcber die Aufnahme jedes Projekts.<\/p>\n<p>&nbsp;<\/p>\n<p><strong><u>BEIHILFESATZ<\/u><\/strong><\/p>\n<p>Die Beihilferegelung der Ma\u00dfnahme ist die Verordnung E.E. 2831\/2023 (De Minimis), und der Beihilfesatz f\u00fcr alle Investitionsvorhaben betr\u00e4gt 70% des gef\u00f6rderten Budgets.<\/p>\n<p>Falls das Investitionsvorhaben Personalkosten umfasst, wird der Zuschusssatz \u2013 nur f\u00fcr diese Ausgabenkategorie \u2013 auf 80% erh\u00f6ht.<\/p>\n<p>&nbsp;<\/p>\n<p><strong><u>F\u00d6RDERF\u00c4HIGE AUSGABEN<\/u><\/strong><\/p>\n<table width=\"586\">\n<tbody>\n<tr>\n<td width=\"132\"><strong>Ausgabenkategorie<\/strong><\/td>\n<td width=\"454\"><strong>Unterkategorie der Ausgaben<\/strong><\/td>\n<\/tr>\n<tr>\n<td width=\"132\"><strong>Personalkosten<\/strong><\/td>\n<td width=\"454\">\u00b7\u00a0\u00a0\u00a0\u00a0\u00a0\u00a0\u00a0\u00a0 Gesamte Gehaltskosten f\u00fcr neu eingestellte Mitarbeiter<\/td>\n<\/tr>\n<tr>\n<td width=\"132\"><strong>Ausgaben f\u00fcr Ausr\u00fcstung, Transportmittel und Instrumente<\/strong><\/td>\n<td width=\"454\">\u00b7\u00a0\u00a0\u00a0\u00a0\u00a0\u00a0\u00a0\u00a0 Ausr\u00fcstung f\u00fcr Umweltschutz und Energieeinsparung<\/p>\n<p>\u00b7\u00a0\u00a0\u00a0\u00a0\u00a0\u00a0\u00a0\u00a0 Sonstige Ausr\u00fcstung<\/p>\n<p>\u00b7\u00a0\u00a0\u00a0\u00a0\u00a0\u00a0\u00a0\u00a0 Digitale B\u00fcroausstattung<\/p>\n<p>\u00b7\u00a0\u00a0\u00a0\u00a0\u00a0\u00a0\u00a0\u00a0 Produktions- und Maschinenausr\u00fcstung<\/p>\n<p>\u00b7\u00a0\u00a0\u00a0\u00a0\u00a0\u00a0\u00a0\u00a0 Elektrische Transportmittel<\/td>\n<\/tr>\n<tr>\n<td width=\"132\"><strong>Ausgaben f\u00fcr Geb\u00e4ude, Grundst\u00fccke, Einrichtungen und Umwelt<\/strong><\/td>\n<td width=\"454\">\u00b7\u00a0\u00a0\u00a0\u00a0\u00a0\u00a0\u00a0\u00a0 Geb\u00e4ude, Einrichtungen und Umgebung<\/td>\n<\/tr>\n<tr>\n<td width=\"132\"><strong>Ausgaben f\u00fcr die Erbringung von Dienstleistungen<\/strong><\/td>\n<td width=\"454\">\u00b7\u00a0\u00a0\u00a0\u00a0\u00a0\u00a0\u00a0\u00a0 Kosten f\u00fcr Beratungsleistungen externer Berater<\/p>\n<p>\u00b7\u00a0\u00a0\u00a0\u00a0\u00a0\u00a0\u00a0\u00a0 Softwarebereitstellung\/-nutzung im Rahmen von \u201cSoftware as a Service\u201d, \u201cCloud Computing\u201d oder \u00e4hnlichen Modellen<\/p>\n<p>\u00b7\u00a0\u00a0\u00a0\u00a0\u00a0\u00a0\u00a0\u00a0 Kosten f\u00fcr die Erbringung von Dienstleistungen f\u00fcr Produkt- und\/oder Prozessentwicklungsstudien<\/p>\n<p>\u00b7\u00a0\u00a0\u00a0\u00a0\u00a0\u00a0\u00a0\u00a0 Zertifizierung von Dienstleistungen und Verfahren gem\u00e4\u00df nationalen, harmonisierten und anderen europ\u00e4ischen und internationalen Normen<\/p>\n<p>\u00b7\u00a0\u00a0\u00a0\u00a0\u00a0\u00a0\u00a0\u00a0 Verpackungsdesign-Dienstleistungen \u2013 Etikettendesign \u2013 Markenbildung<\/p>\n<p>\u00b7\u00a0\u00a0\u00a0\u00a0\u00a0\u00a0\u00a0\u00a0 Geistiges Eigentum \u2013 Patente \u2013 Transfer von Know-how<\/td>\n<\/tr>\n<tr>\n<td width=\"132\"><strong>Softwarekosten<\/strong><\/td>\n<td width=\"454\">\u00b7\u00a0\u00a0\u00a0\u00a0\u00a0\u00a0\u00a0\u00a0 Software und Softwarelizenzen<\/td>\n<\/tr>\n<tr>\n<td width=\"132\"><strong>Werbung, Verkaufsf\u00f6rderung und Networking<\/strong><\/td>\n<td width=\"454\">\u00b7\u00a0\u00a0\u00a0\u00a0\u00a0\u00a0\u00a0\u00a0 Ausgaben f\u00fcr die Teilnahme an Messen<\/p>\n<p>\u00b7\u00a0\u00a0\u00a0\u00a0\u00a0\u00a0\u00a0\u00a0 Sonstige Werbung \u2013 Kosten f\u00fcr Werbung und Networking<\/td>\n<\/tr>\n<tr>\n<td width=\"132\"><strong>Indirekte Kosten<\/strong><\/td>\n<td width=\"454\">\u00b7\u00a0\u00a0\u00a0\u00a0\u00a0\u00a0\u00a0\u00a0 Indirekte Kosten<\/td>\n<\/tr>\n<\/tbody>\n<\/table>\n<p><u>Das Datum der F\u00f6rderf\u00e4higkeit der Ausgaben ist das Datum der Ver\u00f6ffentlichung der Aufforderung zur Einreichung von Vorschl\u00e4gen, d. h. der 02.04.2025.<\/u><\/p>\n<p>&nbsp;<\/p>\n<p><strong><u>BEWERTUNGSKRITERIEN<\/u><\/strong><\/p>\n<p>Die Bewertungsmethode ist vergleichend und basiert auf den folgenden Kriterien:<\/p>\n<ul>\n<li>Verf\u00fcgbare Mittel im Zusammenhang mit dem Investitionsvorhaben<\/li>\n<li>Erfahrung des Eigent\u00fcmers oder Partners\/Aktion\u00e4rs mit dem gr\u00f6\u00dften Aktienanteil<\/li>\n<li>Untersuchungen zum Eigent\u00fcmer oder Gesellschafter\/Aktion\u00e4r mit dem gr\u00f6\u00dften Anteil<\/li>\n<li>Vorhandensein eines eingetragenen Patents im Zusammenhang mit dem Gesch\u00e4ftsplan<\/li>\n<\/ul>\n<p>Die Mindestpunktzahl betr\u00e4gt 40 Punkte.<\/p>\n<p>&nbsp;<\/p>\n<p><strong><u>Beginn der Bewerbungsfrist:<\/u><\/strong> 03\/04\/2025, 13:00<\/p>\n<p><strong><u>Bewerbungsschluss:<\/u><\/strong> 31\/07\/2025, 15:00<\/p>\n<p>&nbsp;<\/p>\n<p>F\u00fcr weitere Informationen k\u00f6nnen Sie uns unter der nummer 2108020555 anrufen oder eine e-mail an\u00a0info@hbiconsulting.eu senden.[\/vc_column_text][\/vc_column][\/vc_row][vc_row disable_element=&#8220;yes&#8220;][vc_column][vc_empty_space height=&#8220;40px&#8220;][vc_column_text css=&#8220;&#8220;]<strong>\u0393\u03b9\u03b1 \u03c0\u03b5\u03c1\u03b9\u03c3\u03c3\u03cc\u03c4\u03b5\u03c1\u03b5\u03c2 \u03c0\u03bb\u03b7\u03c1\u03bf\u03c6\u03bf\u03c1\u03af\u03b5\u03c2 \u03bc\u03c0\u03bf\u03c1\u03b5\u03af\u03c4\u03b5 \u03bd\u03b1 \u03b5\u03c0\u03b9\u03ba\u03bf\u03b9\u03bd\u03c9\u03bd\u03ae\u03c3\u03b5\u03c4\u03b5 \u03bc\u03b1\u03b6\u03af \u03bc\u03b1\u03c2 \u03c4\u03b7\u03bb\u03b5\u03c6\u03c9\u03bd\u03b9\u03ba\u03ce\u03c2 \u03c3\u03c4\u03bf 2108020555 \u03ae \u03c3\u03c5\u03bc\u03c0\u03bb\u03b7\u03c1\u03ce\u03bd\u03bf\u03bd\u03c4\u03b1\u03c2 \u03c4\u03b7\u03bd \u03c0\u03b1\u03c1\u03b1\u03ba\u03ac\u03c4\u03c9 \u03c6\u03cc\u03c1\u03bc\u03b1.<\/strong>[\/vc_column_text][vc_empty_space height=&#8220;40px&#8220;][vc_row_inner content_placement=&#8220;middle&#8220; css=&#8220;.vc_custom_1752573252837{margin-bottom: 120px !important;padding-top: 40px !important;padding-right: 40px !important;padding-bottom: 40px !important;padding-left: 40px !important;background-color: #FDC800 !important;}&#8220; el_class=&#8220;box-shadow&#8220;][vc_column_inner width=&#8220;1\/2&#8243;]<div id=\"ultimate-heading-277769eca1a9aca7d\" class=\"uvc-heading ult-adjust-bottom-margin ultimate-heading-277769eca1a9aca7d uvc-6816 white medium title\" data-hspacer=\"no_spacer\"  data-halign=\"left\" style=\"text-align:left\"><div class=\"uvc-heading-spacer no_spacer\" style=\"top\"><\/div><div class=\"uvc-sub-heading ult-responsive\"  data-ultimate-target='.uvc-heading.ultimate-heading-277769eca1a9aca7d .uvc-sub-heading '  data-responsive-json-new='{\"font-size\":\"\",\"line-height\":\"\"}'  style=\"font-weight:normal;\">\u0395\u039d\u0394\u0399\u0391\u03a6\u0395\u03a1\u0395\u03a3\u03a4\u0395 \u0393\u0399\u0391 \u03a0\u0395\u03a1\u0399\u03a3\u03a3\u039f\u03a4\u0395\u03a1\u0395\u03a3<br \/>\n\u03a0\u039b\u0397\u03a1\u039f\u03a6\u039f\u03a1\u0399\u0395\u03a3 \u03a3\u03a7\u0395\u03a4\u0399\u039a\u0391;<\/div><\/div>[\/vc_column_inner][vc_column_inner width=&#8220;1\/2&#8243;]\n<div class=\"wpcf7 no-js\" id=\"wpcf7-f61575-o1\" lang=\"el\" dir=\"ltr\" data-wpcf7-id=\"61575\">\n<div class=\"screen-reader-response\"><p role=\"status\" aria-live=\"polite\" aria-atomic=\"true\"><\/p> <ul><\/ul><\/div>\n<form action=\"\/de\/wp-json\/wp\/v2\/pages\/62090#wpcf7-f61575-o1\" method=\"post\" class=\"wpcf7-form init\" aria-label=\"\u03a6\u03cc\u03c1\u03bc\u03b1 \u03b5\u03c0\u03b9\u03ba\u03bf\u03b9\u03bd\u03c9\u03bd\u03af\u03b1\u03c2\" novalidate=\"novalidate\" data-status=\"init\">\n<fieldset class=\"hidden-fields-container\"><input type=\"hidden\" name=\"_wpcf7\" value=\"61575\" \/><input type=\"hidden\" name=\"_wpcf7_version\" value=\"6.1\" \/><input type=\"hidden\" name=\"_wpcf7_locale\" value=\"el\" \/><input type=\"hidden\" name=\"_wpcf7_unit_tag\" value=\"wpcf7-f61575-o1\" \/><input type=\"hidden\" name=\"_wpcf7_container_post\" value=\"0\" \/><input type=\"hidden\" name=\"_wpcf7_posted_data_hash\" value=\"\" \/>\n<\/fieldset>\n<div class=\"vc_row\">\n\t<div class=\"vc_col-sm-6\">\n\t\t<p><label for=\"namefield\"> \u039f\u03bd\u03bf\u03bc\/\u03bd\u03c5\u03bc\u03bf*<br \/>\n<span class=\"wpcf7-form-control-wrap\" data-name=\"your-name\"><input size=\"40\" maxlength=\"400\" class=\"wpcf7-form-control wpcf7-text wpcf7-validates-as-required\" id=\"namefield\" aria-required=\"true\" aria-invalid=\"false\" value=\"\" type=\"text\" name=\"your-name\" \/><\/span> <\/label>\n\t\t<\/p>\n\t<\/div>\n\t<div class=\"vc_col-sm-6\">\n\t\t<p><label for=\"email\"> Email*<br \/>\n<span class=\"wpcf7-form-control-wrap\" data-name=\"your-email\"><input size=\"40\" maxlength=\"400\" class=\"wpcf7-form-control wpcf7-email wpcf7-validates-as-required wpcf7-text wpcf7-validates-as-email\" id=\"email\" aria-required=\"true\" aria-invalid=\"false\" value=\"\" type=\"email\" name=\"your-email\" \/><\/span> <\/label>\n\t\t<\/p>\n\t<\/div>\n\t<div class=\"vc_col-sm-12\">\n\t\t<p><label for=\"checkbox\" class=\"guide-checkbox-label\">\u03a0\u03bf\u03bb\u03b9\u03c4\u03b9\u03ba\u03ae \u0391\u03c0\u03bf\u03c1\u03c1\u03ae\u03c4\u03bf\u03c5<br \/>\n<span class=\"wpcf7-form-control-wrap\" data-name=\"your-consent\"><span class=\"wpcf7-form-control wpcf7-acceptance\"><span class=\"wpcf7-list-item\"><label><input type=\"checkbox\" name=\"your-consent\" value=\"1\" id=\"checkbox\" aria-invalid=\"false\" \/><span class=\"wpcf7-list-item-label\">\u0395\u03bd\u03b7\u03bc\u03b5\u03c1\u03ce\u03b8\u03b7\u03ba\u03b1 \u03ba\u03b1\u03b9 \u03b1\u03c0\u03bf\u03b4\u03ad\u03c7\u03bf\u03bc\u03b1\u03b9 \u03c4\u03b7\u03bd <a href=\"\/politiki-aporritou\/\">\u03c0\u03bf\u03bb\u03b9\u03c4\u03b9\u03ba\u03ae \u03b1\u03c0\u03bf\u03c1\u03c1\u03ae\u03c4\u03bf\u03c5<\/a> \u03c3\u03c7\u03b5\u03c4\u03b9\u03ba\u03ac \u03bc\u03b5 \u03c4\u03b7\u03bd \u03c3\u03c5\u03bb\u03bb\u03bf\u03b3\u03ae \u03ba\u03b1\u03b9 \u03c7\u03c1\u03ae\u03c3\u03b7 \u03b4\u03b5\u03b4\u03bf\u03bc\u03ad\u03bd\u03c9\u03bd<\/span><\/label><\/span><\/span><\/span><\/label>\n\t\t<\/p>\n\t<\/div>\n\t<div class=\"vc_col-sm-12\">\n\t\t<p><input class=\"wpcf7-form-control wpcf7-submit has-spinner\" type=\"submit\" value=\"\u0391\u03c0\u03bf\u03c3\u03c4\u03bf\u03bb\u03ae\" \/>\n\t\t<\/p>\n\t<\/div>\n<\/div><div class=\"wpcf7-response-output\" aria-hidden=\"true\"><\/div>\n<\/form>\n<\/div>\n[\/vc_column_inner][\/vc_row_inner][\/vc_column][\/vc_row]<\/p>\n<\/div>","protected":false},"excerpt":{"rendered":"<p>[vc_row][vc_column][vc_column_text css=&#8220;&#8220;]Die Ma\u00dfnahme zielt darauf ab, neue und junge, kleine und mittlere Unternehmen zu unterst\u00fctzen, die in der Region Westmakedonien t\u00e4tig sind oder sein werden, um das Unternehmertum in der Region zu f\u00f6rdern, die Schaffung von Arbeitspl\u00e4tzen zu verbessern und die Grundlage f\u00fcr wettbewerbsf\u00e4hige Unternehmen sowohl auf dem heimischen als auch auf dem internationalen Markt&hellip;<\/p>\n","protected":false},"author":4,"featured_media":0,"parent":0,"menu_order":0,"comment_status":"closed","ping_status":"closed","template":"","meta":{"footnotes":""},"class_list":["post-62090","page","type-page","status-publish","hentry","description-off"],"yoast_head":"<!-- This site is optimized with the Yoast SEO plugin v25.5 - https:\/\/yoast.com\/wordpress\/plugins\/seo\/ -->\n<title>\u00abGesch\u00e4ftseinleitung in der Region Westmakedonien\u00bb - HBI<\/title>\n<meta name=\"robots\" content=\"index, follow, max-snippet:-1, max-image-preview:large, max-video-preview:-1\" \/>\n<link rel=\"canonical\" href=\"https:\/\/hbiconsulting.eu\/de\/geschaeftseinleitung-in-der-region-westmakedonien\/\" \/>\n<meta property=\"og:locale\" content=\"de_DE\" \/>\n<meta property=\"og:type\" content=\"article\" \/>\n<meta property=\"og:title\" content=\"\u00abGesch\u00e4ftseinleitung in der Region Westmakedonien\u00bb - HBI\" \/>\n<meta property=\"og:description\" content=\"[vc_row][vc_column][vc_column_text css=&#8220;&#8220;]Die Ma\u00dfnahme zielt darauf ab, neue und junge, kleine und mittlere Unternehmen zu unterst\u00fctzen, die in der Region Westmakedonien t\u00e4tig sind oder sein werden, um das Unternehmertum in der Region zu f\u00f6rdern, die Schaffung von Arbeitspl\u00e4tzen zu verbessern und die Grundlage f\u00fcr wettbewerbsf\u00e4hige Unternehmen sowohl auf dem heimischen als auch auf dem internationalen Markt&hellip;\" \/>\n<meta property=\"og:url\" content=\"https:\/\/hbiconsulting.eu\/de\/geschaeftseinleitung-in-der-region-westmakedonien\/\" \/>\n<meta property=\"og:site_name\" content=\"HBI\" \/>\n<meta property=\"article:publisher\" content=\"https:\/\/www.facebook.com\/harevabusinessideas\/\" \/>\n<meta name=\"twitter:card\" content=\"summary_large_image\" \/>\n<meta name=\"twitter:label1\" content=\"Gesch\u00e4tzte Lesezeit\" \/>\n\t<meta name=\"twitter:data1\" content=\"4\u00a0Minuten\" \/>\n<script type=\"application\/ld+json\" class=\"yoast-schema-graph\">{\"@context\":\"https:\/\/schema.org\",\"@graph\":[{\"@type\":\"WebPage\",\"@id\":\"https:\/\/hbiconsulting.eu\/de\/geschaeftseinleitung-in-der-region-westmakedonien\/\",\"url\":\"https:\/\/hbiconsulting.eu\/de\/geschaeftseinleitung-in-der-region-westmakedonien\/\",\"name\":\"\u00abGesch\u00e4ftseinleitung in der Region Westmakedonien\u00bb - HBI\",\"isPartOf\":{\"@id\":\"https:\/\/hbiconsulting.eu\/de\/#website\"},\"datePublished\":\"2025-10-08T10:18:03+00:00\",\"breadcrumb\":{\"@id\":\"https:\/\/hbiconsulting.eu\/de\/geschaeftseinleitung-in-der-region-westmakedonien\/#breadcrumb\"},\"inLanguage\":\"de\",\"potentialAction\":[{\"@type\":\"ReadAction\",\"target\":[\"https:\/\/hbiconsulting.eu\/de\/geschaeftseinleitung-in-der-region-westmakedonien\/\"]}]},{\"@type\":\"BreadcrumbList\",\"@id\":\"https:\/\/hbiconsulting.eu\/de\/geschaeftseinleitung-in-der-region-westmakedonien\/#breadcrumb\",\"itemListElement\":[{\"@type\":\"ListItem\",\"position\":1,\"name\":\"Home\",\"item\":\"https:\/\/hbiconsulting.eu\/de\/\"},{\"@type\":\"ListItem\",\"position\":2,\"name\":\"\u00abGesch\u00e4ftseinleitung in der Region Westmakedonien\u00bb\"}]},{\"@type\":\"WebSite\",\"@id\":\"https:\/\/hbiconsulting.eu\/de\/#website\",\"url\":\"https:\/\/hbiconsulting.eu\/de\/\",\"name\":\"HBI\",\"description\":\"BUSINESS IDEAS\",\"potentialAction\":[{\"@type\":\"SearchAction\",\"target\":{\"@type\":\"EntryPoint\",\"urlTemplate\":\"https:\/\/hbiconsulting.eu\/de\/?s={search_term_string}\"},\"query-input\":{\"@type\":\"PropertyValueSpecification\",\"valueRequired\":true,\"valueName\":\"search_term_string\"}}],\"inLanguage\":\"de\"}]}<\/script>\n<!-- \/ Yoast SEO plugin. -->","yoast_head_json":{"title":"\u00abGesch\u00e4ftseinleitung in der Region Westmakedonien\u00bb - HBI","robots":{"index":"index","follow":"follow","max-snippet":"max-snippet:-1","max-image-preview":"max-image-preview:large","max-video-preview":"max-video-preview:-1"},"canonical":"https:\/\/hbiconsulting.eu\/de\/geschaeftseinleitung-in-der-region-westmakedonien\/","og_locale":"de_DE","og_type":"article","og_title":"\u00abGesch\u00e4ftseinleitung in der Region Westmakedonien\u00bb - HBI","og_description":"[vc_row][vc_column][vc_column_text css=&#8220;&#8220;]Die Ma\u00dfnahme zielt darauf ab, neue und junge, kleine und mittlere Unternehmen zu unterst\u00fctzen, die in der Region Westmakedonien t\u00e4tig sind oder sein werden, um das Unternehmertum in der Region zu f\u00f6rdern, die Schaffung von Arbeitspl\u00e4tzen zu verbessern und die Grundlage f\u00fcr wettbewerbsf\u00e4hige Unternehmen sowohl auf dem heimischen als auch auf dem internationalen Markt&hellip;","og_url":"https:\/\/hbiconsulting.eu\/de\/geschaeftseinleitung-in-der-region-westmakedonien\/","og_site_name":"HBI","article_publisher":"https:\/\/www.facebook.com\/harevabusinessideas\/","twitter_card":"summary_large_image","twitter_misc":{"Gesch\u00e4tzte Lesezeit":"4\u00a0Minuten"},"schema":{"@context":"https:\/\/schema.org","@graph":[{"@type":"WebPage","@id":"https:\/\/hbiconsulting.eu\/de\/geschaeftseinleitung-in-der-region-westmakedonien\/","url":"https:\/\/hbiconsulting.eu\/de\/geschaeftseinleitung-in-der-region-westmakedonien\/","name":"\u00abGesch\u00e4ftseinleitung in der Region Westmakedonien\u00bb - HBI","isPartOf":{"@id":"https:\/\/hbiconsulting.eu\/de\/#website"},"datePublished":"2025-10-08T10:18:03+00:00","breadcrumb":{"@id":"https:\/\/hbiconsulting.eu\/de\/geschaeftseinleitung-in-der-region-westmakedonien\/#breadcrumb"},"inLanguage":"de","potentialAction":[{"@type":"ReadAction","target":["https:\/\/hbiconsulting.eu\/de\/geschaeftseinleitung-in-der-region-westmakedonien\/"]}]},{"@type":"BreadcrumbList","@id":"https:\/\/hbiconsulting.eu\/de\/geschaeftseinleitung-in-der-region-westmakedonien\/#breadcrumb","itemListElement":[{"@type":"ListItem","position":1,"name":"Home","item":"https:\/\/hbiconsulting.eu\/de\/"},{"@type":"ListItem","position":2,"name":"\u00abGesch\u00e4ftseinleitung in der Region Westmakedonien\u00bb"}]},{"@type":"WebSite","@id":"https:\/\/hbiconsulting.eu\/de\/#website","url":"https:\/\/hbiconsulting.eu\/de\/","name":"HBI","description":"BUSINESS IDEAS","potentialAction":[{"@type":"SearchAction","target":{"@type":"EntryPoint","urlTemplate":"https:\/\/hbiconsulting.eu\/de\/?s={search_term_string}"},"query-input":{"@type":"PropertyValueSpecification","valueRequired":true,"valueName":"search_term_string"}}],"inLanguage":"de"}]}},"_links":{"self":[{"href":"https:\/\/hbiconsulting.eu\/de\/wp-json\/wp\/v2\/pages\/62090","targetHints":{"allow":["GET"]}}],"collection":[{"href":"https:\/\/hbiconsulting.eu\/de\/wp-json\/wp\/v2\/pages"}],"about":[{"href":"https:\/\/hbiconsulting.eu\/de\/wp-json\/wp\/v2\/types\/page"}],"author":[{"embeddable":true,"href":"https:\/\/hbiconsulting.eu\/de\/wp-json\/wp\/v2\/users\/4"}],"replies":[{"embeddable":true,"href":"https:\/\/hbiconsulting.eu\/de\/wp-json\/wp\/v2\/comments?post=62090"}],"version-history":[{"count":1,"href":"https:\/\/hbiconsulting.eu\/de\/wp-json\/wp\/v2\/pages\/62090\/revisions"}],"predecessor-version":[{"id":62091,"href":"https:\/\/hbiconsulting.eu\/de\/wp-json\/wp\/v2\/pages\/62090\/revisions\/62091"}],"wp:attachment":[{"href":"https:\/\/hbiconsulting.eu\/de\/wp-json\/wp\/v2\/media?parent=62090"}],"curies":[{"name":"wp","href":"https:\/\/api.w.org\/{rel}","templated":true}]}}