{"id":62082,"date":"2025-10-08T12:02:34","date_gmt":"2025-10-08T10:02:34","guid":{"rendered":"https:\/\/hbiconsulting.eu\/?page_id=62082"},"modified":"2025-10-09T11:41:15","modified_gmt":"2025-10-09T09:41:15","slug":"extroversion-von-kleinen-und-mittleren-unternehmen","status":"publish","type":"page","link":"https:\/\/hbiconsulting.eu\/de\/extroversion-von-kleinen-und-mittleren-unternehmen\/","title":{"rendered":"\u00abExtroversion von kleinen und mittleren Unternehmen\u00bb"},"content":{"rendered":"<div class=\"wpb-content-wrapper\"><p>[vc_row][vc_column][vc_column_text css=&#8220;&#8220;]Die Aktion zielt darauf ab, die Exportorientierung bestehender kleiner, sehr kleiner und mittlerer Unternehmen mit einem Beihilfesatz von 40 bis 50 % zu st\u00e4rken und zu unterst\u00fctzen.<\/p>\n<p>Das Budget f\u00fcr die Aktion betr\u00e4gt 200.000.000,00\u20ac.<\/p>\n<p>&nbsp;<\/p>\n<p><strong><u>TEILNAHMEBEDINGUNGEN<\/u><\/strong><\/p>\n<p>Ein Unternehmen kann die Aktion beantragen, wenn es die folgenden Bedingungen erf\u00fcllt:<\/p>\n<ul>\n<li>Hat mindestens ein (1) vollst\u00e4ndiges (d.h. aufeinanderfolgende 12-monatige) abgeschlossenes Steuerjahr.<\/li>\n<li>Hat mindestens eine (1) Jahresarbeitseinheit w\u00e4hrend des Kalenderjahres vor dem Datum der Einreichung des Finanzierungsantrags (<strong>2024<\/strong>).<\/li>\n<li>Ist zum Zeitpunkt der Einreichung des Finanzierungsantrags in einem f\u00f6rderf\u00e4higen Wirtschaftszweig (auf der Grundlage der Aufforderung zur Einreichung von Vorschl\u00e4gen) [verarbeitendes Gewerbe (Kategorien 10 bis 33) und\/oder in verwandten Dienstleistungssektoren wie Verkehr und Lagerung, Forschung und Entwicklung usw. (Kategorien 52, 62, 71, 72)] t\u00e4tig und erzielt dort die h\u00f6chsten Ums\u00e4tze (f\u00fcr das Jahr 2024).<\/li>\n<li>T\u00e4tigen Sie eine Investition in ein f\u00f6rderf\u00e4higes &#8211; im Rahmen der Aufforderung zur Einreichung von Vorschl\u00e4gen &#8211; SIC.<\/li>\n<li>Erbringen Sie den Nachweis, dass Sie mindestens 25 % der Eigenbeteiligung erreicht haben.<\/li>\n<li>F\u00fchren Sie ein entsprechendes Genehmigungsdokument mit sich.<\/li>\n<li>Verpflichtet sich, bis zum Abschluss der Investition und je nach Art und Charakter des Betriebs den Zugang f\u00fcr Menschen mit Behinderungen zu den Geb\u00e4uden, Dienstleistungen und elektronischen Umgebungen des Unternehmens zu gew\u00e4hrleisten.<\/li>\n<\/ul>\n<p>&nbsp;<\/p>\n<p><strong><u>DURCHF\u00dcHRUNGSZEITRAUM &#8211; BEWERTUNGSMETHODE<\/u><\/strong><\/p>\n<ul>\n<li>Die Laufzeit der Aktion betr\u00e4gt achtzehn (18) Monate ab dem Datum der Ver\u00f6ffentlichung der Entscheidung \u00fcber die Aufnahme der einzelnen Projekte.<\/li>\n<li>Die Bewertungsmethode ist vergleichend, wobei eine Mindestpunktzahl von 75 Punkten erreicht werden muss.<\/li>\n<\/ul>\n<p>&nbsp;<\/p>\n<p><strong><u>HAUSHALT &#8211; BEIHILFESATZ<\/u><\/strong><\/p>\n<p>Das m\u00f6gliche Mindestbudget betr\u00e4gt 80.000,00 \u20ac und die maximal m\u00f6gliche Beihilfe kann 200.000,00 \u20ac nicht \u00fcberschreiten.<\/p>\n<p>Der Beihilfesatz f\u00fcr die Regionen Attika und S\u00fcd\u00e4g\u00e4is betr\u00e4gt 40% und f\u00fcr alle anderen Regionen 50%.<\/p>\n<p>&nbsp;<\/p>\n<p><strong><u>F\u00d6RDERF\u00c4HIGE AUSGABEN<\/u><\/strong><\/p>\n<table width=\"630\">\n<tbody>\n<tr>\n<td width=\"141\"><strong>Ausgabenkategorie<\/strong><\/td>\n<td width=\"488\"><strong>Unterkategorie der Ausgaben<\/strong><\/td>\n<\/tr>\n<tr>\n<td width=\"141\"><strong>Ausgaben f\u00fcr Ausr\u00fcstung, Transportmittel und Instrumente<\/strong><\/td>\n<td width=\"488\">\u00b7\u00a0\u00a0\u00a0\u00a0\u00a0\u00a0\u00a0\u00a0 Herstellung und mechanische Ausr\u00fcstung<\/p>\n<p>\u00b7\u00a0\u00a0\u00a0\u00a0\u00a0\u00a0\u00a0\u00a0 Ausr\u00fcstung f\u00fcr Umweltschutz und Energieeinsparung<\/p>\n<p>\u00b7\u00a0\u00a0\u00a0\u00a0\u00a0\u00a0\u00a0\u00a0 Ausr\u00fcstung f\u00fcr die Kreislaufwirtschaft<\/td>\n<\/tr>\n<tr>\n<td width=\"141\"><strong>Ausgaben f\u00fcr die Erbringung von Dienstleistungen<\/strong><\/td>\n<td width=\"488\">\u00b7\u00a0\u00a0\u00a0\u00a0\u00a0\u00a0\u00a0\u00a0 Bereitstellung\/Nutzung von Software im Rahmen von &#8222;Software as a Service&#8220;, &#8222;Cloud Computing&#8220; oder \u00e4hnlichem<\/p>\n<p>\u00b7\u00a0\u00a0\u00a0\u00a0\u00a0\u00a0\u00a0\u00a0 Zertifizierung und Konformit\u00e4t von Produkten nach nationalen, harmonisierten und optionalen Normen europ\u00e4ischer L\u00e4nder und\/oder von Nicht-EU-L\u00e4ndern<\/p>\n<p>\u00b7\u00a0\u00a0\u00a0\u00a0\u00a0\u00a0\u00a0\u00a0 Zertifizierung von Dienstleistungen und Verfahren nach nationalen, harmonisierten sowie anderen europ\u00e4ischen und internationalen Normen<\/p>\n<p>\u00b7\u00a0\u00a0\u00a0\u00a0\u00a0\u00a0\u00a0\u00a0 Verpackungsdesign Dienstleistungen &#8211; Etikettendesign &#8211; Branding<\/p>\n<p>\u00b7\u00a0\u00a0\u00a0\u00a0\u00a0\u00a0\u00a0\u00a0 Geistiges Eigentum &#8211; Patente &#8211; Transfer von Know-how<\/p>\n<p>\u00b7\u00a0\u00a0\u00a0\u00a0\u00a0\u00a0\u00a0\u00a0 Kosten f\u00fcr Beratungsleistungen durch externe Berater<\/p>\n<p>\u00b7\u00a0\u00a0\u00a0\u00a0\u00a0\u00a0\u00a0\u00a0 Beratende Unterst\u00fctzung bei der \u00dcberwachung der Umsetzung des Investitionsplans<\/td>\n<\/tr>\n<tr>\n<td rowspan=\"3\" width=\"141\"><strong>Software-Kosten<\/strong><\/td>\n<td width=\"488\">\u00b7\u00a0\u00a0\u00a0\u00a0\u00a0\u00a0\u00a0\u00a0 Aufbau von Website, E-Shop, mobilen Anwendungen als feste Bestandteile<\/td>\n<\/tr>\n<tr>\n<td width=\"488\">\u00b7\u00a0\u00a0\u00a0\u00a0\u00a0\u00a0\u00a0\u00a0 Software und Lizenzen f\u00fcr Softwareprogramme<\/td>\n<\/tr>\n<tr>\n<td width=\"488\">\u00b7\u00a0\u00a0\u00a0\u00a0\u00a0\u00a0\u00a0\u00a0 Bereitstellung von Anwendungen zur Optimierung von Produktions-, Dienstleistungs- und Verwaltungsprozessen<\/td>\n<\/tr>\n<tr>\n<td width=\"141\"><strong>Ausgaben f\u00fcr Werbung, Verkaufsf\u00f6rderung und Vernetzung<\/strong><\/td>\n<td width=\"488\">\u00b7\u00a0\u00a0\u00a0\u00a0\u00a0\u00a0\u00a0\u00a0 Teilnahme an Fachmessen als Aussteller im Ausland<\/p>\n<p>\u00b7\u00a0\u00a0\u00a0\u00a0\u00a0\u00a0\u00a0\u00a0 Sonstige Kosten f\u00fcr \u00d6ffentlichkeitsarbeit, Werbung und Vernetzung<\/td>\n<\/tr>\n<tr>\n<td width=\"141\"><strong>Personalkosten<\/strong><\/td>\n<td width=\"488\">\u00b7\u00a0\u00a0\u00a0\u00a0\u00a0\u00a0\u00a0\u00a0 Volle Gehaltskosten f\u00fcr neu eingestellte Mitarbeiter (1 Jahresarbeitseinheit)<\/td>\n<\/tr>\n<tr>\n<td width=\"141\"><strong>Indirekte Kosten<\/strong><\/td>\n<td width=\"488\">\u00b7\u00a0\u00a0\u00a0\u00a0\u00a0\u00a0\u00a0\u00a0 Indirekte Kosten (7% der f\u00f6rderf\u00e4higen direkten Kosten des Investitionsprojekts)<\/td>\n<\/tr>\n<\/tbody>\n<\/table>\n<p><u>Der Beginn der Zuschussf\u00e4higkeit der Ausgaben ist das Datum der Einreichung des entsprechenden Finanzierungsantrags.<\/u><\/p>\n<p><strong>\u00a0<\/strong><\/p>\n<p><strong>\u00d6ffnungstermin f\u00fcr die Einreichung von Finanzierungsantr\u00e4gen:<\/strong> 17\/07\/2025, 13:00<\/p>\n<p><strong>Annahmeschluss f\u00fcr die Einreichung von Finanzierungsantr\u00e4gen:<\/strong> 11\/11\/2025, 15:00<\/p>\n<p>&nbsp;<\/p>\n<p>F\u00fcr weitere Informationen k\u00f6nnen Sie uns telefonisch unter 2108020555 oder per e-mail unter info@hbiconsulting.eu kontaktieren.[\/vc_column_text][\/vc_column][\/vc_row][vc_row disable_element=&#8220;yes&#8220;][vc_column][vc_empty_space height=&#8220;40px&#8220;][vc_column_text css=&#8220;&#8220;]<strong>\u0393\u03b9\u03b1 \u03c0\u03b5\u03c1\u03b9\u03c3\u03c3\u03cc\u03c4\u03b5\u03c1\u03b5\u03c2 \u03c0\u03bb\u03b7\u03c1\u03bf\u03c6\u03bf\u03c1\u03af\u03b5\u03c2 \u03bc\u03c0\u03bf\u03c1\u03b5\u03af\u03c4\u03b5 \u03bd\u03b1 \u03b5\u03c0\u03b9\u03ba\u03bf\u03b9\u03bd\u03c9\u03bd\u03ae\u03c3\u03b5\u03c4\u03b5 \u03bc\u03b1\u03b6\u03af \u03bc\u03b1\u03c2 \u03c4\u03b7\u03bb\u03b5\u03c6\u03c9\u03bd\u03b9\u03ba\u03ce\u03c2 \u03c3\u03c4\u03bf 2108020555 \u03ae \u03c3\u03c5\u03bc\u03c0\u03bb\u03b7\u03c1\u03ce\u03bd\u03bf\u03bd\u03c4\u03b1\u03c2 \u03c4\u03b7\u03bd \u03c0\u03b1\u03c1\u03b1\u03ba\u03ac\u03c4\u03c9 \u03c6\u03cc\u03c1\u03bc\u03b1.<\/strong>[\/vc_column_text][vc_empty_space height=&#8220;40px&#8220;][vc_row_inner content_placement=&#8220;middle&#8220; css=&#8220;.vc_custom_1752573252837{margin-bottom: 120px !important;padding-top: 40px !important;padding-right: 40px !important;padding-bottom: 40px !important;padding-left: 40px !important;background-color: #FDC800 !important;}&#8220; el_class=&#8220;box-shadow&#8220;][vc_column_inner width=&#8220;1\/2&#8243;]<div id=\"ultimate-heading-415969f475d6a2450\" class=\"uvc-heading ult-adjust-bottom-margin ultimate-heading-415969f475d6a2450 uvc-9172 white medium title\" data-hspacer=\"no_spacer\"  data-halign=\"left\" style=\"text-align:left\"><div class=\"uvc-heading-spacer no_spacer\" style=\"top\"><\/div><div class=\"uvc-sub-heading ult-responsive\"  data-ultimate-target='.uvc-heading.ultimate-heading-415969f475d6a2450 .uvc-sub-heading '  data-responsive-json-new='{\"font-size\":\"\",\"line-height\":\"\"}'  style=\"font-weight:normal;\">\u0395\u039d\u0394\u0399\u0391\u03a6\u0395\u03a1\u0395\u03a3\u03a4\u0395 \u0393\u0399\u0391 \u03a0\u0395\u03a1\u0399\u03a3\u03a3\u039f\u03a4\u0395\u03a1\u0395\u03a3<br \/>\n\u03a0\u039b\u0397\u03a1\u039f\u03a6\u039f\u03a1\u0399\u0395\u03a3 \u03a3\u03a7\u0395\u03a4\u0399\u039a\u0391;<\/div><\/div>[\/vc_column_inner][vc_column_inner width=&#8220;1\/2&#8243;]\n<div class=\"wpcf7 no-js\" id=\"wpcf7-f61575-o1\" lang=\"el\" dir=\"ltr\" data-wpcf7-id=\"61575\">\n<div class=\"screen-reader-response\"><p role=\"status\" aria-live=\"polite\" aria-atomic=\"true\"><\/p> <ul><\/ul><\/div>\n<form action=\"\/de\/wp-json\/wp\/v2\/pages\/62082#wpcf7-f61575-o1\" method=\"post\" class=\"wpcf7-form init\" aria-label=\"\u03a6\u03cc\u03c1\u03bc\u03b1 \u03b5\u03c0\u03b9\u03ba\u03bf\u03b9\u03bd\u03c9\u03bd\u03af\u03b1\u03c2\" novalidate=\"novalidate\" data-status=\"init\">\n<fieldset class=\"hidden-fields-container\"><input type=\"hidden\" name=\"_wpcf7\" value=\"61575\" \/><input type=\"hidden\" name=\"_wpcf7_version\" value=\"6.1\" \/><input type=\"hidden\" name=\"_wpcf7_locale\" value=\"el\" \/><input type=\"hidden\" name=\"_wpcf7_unit_tag\" value=\"wpcf7-f61575-o1\" \/><input type=\"hidden\" name=\"_wpcf7_container_post\" value=\"0\" \/><input type=\"hidden\" name=\"_wpcf7_posted_data_hash\" value=\"\" \/>\n<\/fieldset>\n<div class=\"vc_row\">\n\t<div class=\"vc_col-sm-6\">\n\t\t<p><label for=\"namefield\"> \u039f\u03bd\u03bf\u03bc\/\u03bd\u03c5\u03bc\u03bf*<br \/>\n<span class=\"wpcf7-form-control-wrap\" data-name=\"your-name\"><input size=\"40\" maxlength=\"400\" class=\"wpcf7-form-control wpcf7-text wpcf7-validates-as-required\" id=\"namefield\" aria-required=\"true\" aria-invalid=\"false\" value=\"\" type=\"text\" name=\"your-name\" \/><\/span> <\/label>\n\t\t<\/p>\n\t<\/div>\n\t<div class=\"vc_col-sm-6\">\n\t\t<p><label for=\"email\"> Email*<br \/>\n<span class=\"wpcf7-form-control-wrap\" data-name=\"your-email\"><input size=\"40\" maxlength=\"400\" class=\"wpcf7-form-control wpcf7-email wpcf7-validates-as-required wpcf7-text wpcf7-validates-as-email\" id=\"email\" aria-required=\"true\" aria-invalid=\"false\" value=\"\" type=\"email\" name=\"your-email\" \/><\/span> <\/label>\n\t\t<\/p>\n\t<\/div>\n\t<div class=\"vc_col-sm-12\">\n\t\t<p><label for=\"checkbox\" class=\"guide-checkbox-label\">\u03a0\u03bf\u03bb\u03b9\u03c4\u03b9\u03ba\u03ae \u0391\u03c0\u03bf\u03c1\u03c1\u03ae\u03c4\u03bf\u03c5<br \/>\n<span class=\"wpcf7-form-control-wrap\" data-name=\"your-consent\"><span class=\"wpcf7-form-control wpcf7-acceptance\"><span class=\"wpcf7-list-item\"><label><input type=\"checkbox\" name=\"your-consent\" value=\"1\" id=\"checkbox\" aria-invalid=\"false\" \/><span class=\"wpcf7-list-item-label\">\u0395\u03bd\u03b7\u03bc\u03b5\u03c1\u03ce\u03b8\u03b7\u03ba\u03b1 \u03ba\u03b1\u03b9 \u03b1\u03c0\u03bf\u03b4\u03ad\u03c7\u03bf\u03bc\u03b1\u03b9 \u03c4\u03b7\u03bd <a href=\"\/politiki-aporritou\/\">\u03c0\u03bf\u03bb\u03b9\u03c4\u03b9\u03ba\u03ae \u03b1\u03c0\u03bf\u03c1\u03c1\u03ae\u03c4\u03bf\u03c5<\/a> \u03c3\u03c7\u03b5\u03c4\u03b9\u03ba\u03ac \u03bc\u03b5 \u03c4\u03b7\u03bd \u03c3\u03c5\u03bb\u03bb\u03bf\u03b3\u03ae \u03ba\u03b1\u03b9 \u03c7\u03c1\u03ae\u03c3\u03b7 \u03b4\u03b5\u03b4\u03bf\u03bc\u03ad\u03bd\u03c9\u03bd<\/span><\/label><\/span><\/span><\/span><\/label>\n\t\t<\/p>\n\t<\/div>\n\t<div class=\"vc_col-sm-12\">\n\t\t<p><input class=\"wpcf7-form-control wpcf7-submit has-spinner\" type=\"submit\" value=\"\u0391\u03c0\u03bf\u03c3\u03c4\u03bf\u03bb\u03ae\" \/>\n\t\t<\/p>\n\t<\/div>\n<\/div><div class=\"wpcf7-response-output\" aria-hidden=\"true\"><\/div>\n<\/form>\n<\/div>\n[\/vc_column_inner][\/vc_row_inner][\/vc_column][\/vc_row]<\/p>\n<\/div>","protected":false},"excerpt":{"rendered":"<p>[vc_row][vc_column][vc_column_text css=&#8220;&#8220;]Die Aktion zielt darauf ab, die Exportorientierung bestehender kleiner, sehr kleiner und mittlerer Unternehmen mit einem Beihilfesatz von 40 bis 50 % zu st\u00e4rken und zu unterst\u00fctzen. Das Budget f\u00fcr die Aktion betr\u00e4gt 200.000.000,00\u20ac. &nbsp; TEILNAHMEBEDINGUNGEN Ein Unternehmen kann die Aktion beantragen, wenn es die folgenden Bedingungen erf\u00fcllt: Hat mindestens ein (1) vollst\u00e4ndiges (d.h.&hellip;<\/p>\n","protected":false},"author":4,"featured_media":0,"parent":0,"menu_order":0,"comment_status":"closed","ping_status":"closed","template":"","meta":{"footnotes":""},"class_list":["post-62082","page","type-page","status-publish","hentry","description-off"],"yoast_head":"<!-- This site is optimized with the Yoast SEO plugin v25.5 - https:\/\/yoast.com\/wordpress\/plugins\/seo\/ -->\n<title>\u00abExtroversion von kleinen und mittleren Unternehmen\u00bb - HBI<\/title>\n<meta name=\"robots\" content=\"index, follow, max-snippet:-1, max-image-preview:large, max-video-preview:-1\" \/>\n<link rel=\"canonical\" href=\"https:\/\/hbiconsulting.eu\/de\/extroversion-von-kleinen-und-mittleren-unternehmen\/\" \/>\n<meta property=\"og:locale\" content=\"de_DE\" \/>\n<meta property=\"og:type\" content=\"article\" \/>\n<meta property=\"og:title\" content=\"\u00abExtroversion von kleinen und mittleren Unternehmen\u00bb - HBI\" \/>\n<meta property=\"og:description\" content=\"[vc_row][vc_column][vc_column_text css=&#8220;&#8220;]Die Aktion zielt darauf ab, die Exportorientierung bestehender kleiner, sehr kleiner und mittlerer Unternehmen mit einem Beihilfesatz von 40 bis 50 % zu st\u00e4rken und zu unterst\u00fctzen. Das Budget f\u00fcr die Aktion betr\u00e4gt 200.000.000,00\u20ac. &nbsp; TEILNAHMEBEDINGUNGEN Ein Unternehmen kann die Aktion beantragen, wenn es die folgenden Bedingungen erf\u00fcllt: Hat mindestens ein (1) vollst\u00e4ndiges (d.h.&hellip;\" \/>\n<meta property=\"og:url\" content=\"https:\/\/hbiconsulting.eu\/de\/extroversion-von-kleinen-und-mittleren-unternehmen\/\" \/>\n<meta property=\"og:site_name\" content=\"HBI\" \/>\n<meta property=\"article:publisher\" content=\"https:\/\/www.facebook.com\/harevabusinessideas\/\" \/>\n<meta property=\"article:modified_time\" content=\"2025-10-09T09:41:15+00:00\" \/>\n<meta name=\"twitter:card\" content=\"summary_large_image\" \/>\n<meta name=\"twitter:label1\" content=\"Gesch\u00e4tzte Lesezeit\" \/>\n\t<meta name=\"twitter:data1\" content=\"3\u00a0Minuten\" \/>\n<script type=\"application\/ld+json\" class=\"yoast-schema-graph\">{\"@context\":\"https:\/\/schema.org\",\"@graph\":[{\"@type\":\"WebPage\",\"@id\":\"https:\/\/hbiconsulting.eu\/de\/extroversion-von-kleinen-und-mittleren-unternehmen\/\",\"url\":\"https:\/\/hbiconsulting.eu\/de\/extroversion-von-kleinen-und-mittleren-unternehmen\/\",\"name\":\"\u00abExtroversion von kleinen und mittleren Unternehmen\u00bb - HBI\",\"isPartOf\":{\"@id\":\"https:\/\/hbiconsulting.eu\/de\/#website\"},\"datePublished\":\"2025-10-08T10:02:34+00:00\",\"dateModified\":\"2025-10-09T09:41:15+00:00\",\"breadcrumb\":{\"@id\":\"https:\/\/hbiconsulting.eu\/de\/extroversion-von-kleinen-und-mittleren-unternehmen\/#breadcrumb\"},\"inLanguage\":\"de\",\"potentialAction\":[{\"@type\":\"ReadAction\",\"target\":[\"https:\/\/hbiconsulting.eu\/de\/extroversion-von-kleinen-und-mittleren-unternehmen\/\"]}]},{\"@type\":\"BreadcrumbList\",\"@id\":\"https:\/\/hbiconsulting.eu\/de\/extroversion-von-kleinen-und-mittleren-unternehmen\/#breadcrumb\",\"itemListElement\":[{\"@type\":\"ListItem\",\"position\":1,\"name\":\"Home\",\"item\":\"https:\/\/hbiconsulting.eu\/de\/\"},{\"@type\":\"ListItem\",\"position\":2,\"name\":\"\u00abExtroversion von kleinen und mittleren Unternehmen\u00bb\"}]},{\"@type\":\"WebSite\",\"@id\":\"https:\/\/hbiconsulting.eu\/de\/#website\",\"url\":\"https:\/\/hbiconsulting.eu\/de\/\",\"name\":\"HBI\",\"description\":\"BUSINESS IDEAS\",\"potentialAction\":[{\"@type\":\"SearchAction\",\"target\":{\"@type\":\"EntryPoint\",\"urlTemplate\":\"https:\/\/hbiconsulting.eu\/de\/?s={search_term_string}\"},\"query-input\":{\"@type\":\"PropertyValueSpecification\",\"valueRequired\":true,\"valueName\":\"search_term_string\"}}],\"inLanguage\":\"de\"}]}<\/script>\n<!-- \/ Yoast SEO plugin. -->","yoast_head_json":{"title":"\u00abExtroversion von kleinen und mittleren Unternehmen\u00bb - HBI","robots":{"index":"index","follow":"follow","max-snippet":"max-snippet:-1","max-image-preview":"max-image-preview:large","max-video-preview":"max-video-preview:-1"},"canonical":"https:\/\/hbiconsulting.eu\/de\/extroversion-von-kleinen-und-mittleren-unternehmen\/","og_locale":"de_DE","og_type":"article","og_title":"\u00abExtroversion von kleinen und mittleren Unternehmen\u00bb - HBI","og_description":"[vc_row][vc_column][vc_column_text css=&#8220;&#8220;]Die Aktion zielt darauf ab, die Exportorientierung bestehender kleiner, sehr kleiner und mittlerer Unternehmen mit einem Beihilfesatz von 40 bis 50 % zu st\u00e4rken und zu unterst\u00fctzen. Das Budget f\u00fcr die Aktion betr\u00e4gt 200.000.000,00\u20ac. &nbsp; TEILNAHMEBEDINGUNGEN Ein Unternehmen kann die Aktion beantragen, wenn es die folgenden Bedingungen erf\u00fcllt: Hat mindestens ein (1) vollst\u00e4ndiges (d.h.&hellip;","og_url":"https:\/\/hbiconsulting.eu\/de\/extroversion-von-kleinen-und-mittleren-unternehmen\/","og_site_name":"HBI","article_publisher":"https:\/\/www.facebook.com\/harevabusinessideas\/","article_modified_time":"2025-10-09T09:41:15+00:00","twitter_card":"summary_large_image","twitter_misc":{"Gesch\u00e4tzte Lesezeit":"3\u00a0Minuten"},"schema":{"@context":"https:\/\/schema.org","@graph":[{"@type":"WebPage","@id":"https:\/\/hbiconsulting.eu\/de\/extroversion-von-kleinen-und-mittleren-unternehmen\/","url":"https:\/\/hbiconsulting.eu\/de\/extroversion-von-kleinen-und-mittleren-unternehmen\/","name":"\u00abExtroversion von kleinen und mittleren Unternehmen\u00bb - HBI","isPartOf":{"@id":"https:\/\/hbiconsulting.eu\/de\/#website"},"datePublished":"2025-10-08T10:02:34+00:00","dateModified":"2025-10-09T09:41:15+00:00","breadcrumb":{"@id":"https:\/\/hbiconsulting.eu\/de\/extroversion-von-kleinen-und-mittleren-unternehmen\/#breadcrumb"},"inLanguage":"de","potentialAction":[{"@type":"ReadAction","target":["https:\/\/hbiconsulting.eu\/de\/extroversion-von-kleinen-und-mittleren-unternehmen\/"]}]},{"@type":"BreadcrumbList","@id":"https:\/\/hbiconsulting.eu\/de\/extroversion-von-kleinen-und-mittleren-unternehmen\/#breadcrumb","itemListElement":[{"@type":"ListItem","position":1,"name":"Home","item":"https:\/\/hbiconsulting.eu\/de\/"},{"@type":"ListItem","position":2,"name":"\u00abExtroversion von kleinen und mittleren Unternehmen\u00bb"}]},{"@type":"WebSite","@id":"https:\/\/hbiconsulting.eu\/de\/#website","url":"https:\/\/hbiconsulting.eu\/de\/","name":"HBI","description":"BUSINESS IDEAS","potentialAction":[{"@type":"SearchAction","target":{"@type":"EntryPoint","urlTemplate":"https:\/\/hbiconsulting.eu\/de\/?s={search_term_string}"},"query-input":{"@type":"PropertyValueSpecification","valueRequired":true,"valueName":"search_term_string"}}],"inLanguage":"de"}]}},"_links":{"self":[{"href":"https:\/\/hbiconsulting.eu\/de\/wp-json\/wp\/v2\/pages\/62082","targetHints":{"allow":["GET"]}}],"collection":[{"href":"https:\/\/hbiconsulting.eu\/de\/wp-json\/wp\/v2\/pages"}],"about":[{"href":"https:\/\/hbiconsulting.eu\/de\/wp-json\/wp\/v2\/types\/page"}],"author":[{"embeddable":true,"href":"https:\/\/hbiconsulting.eu\/de\/wp-json\/wp\/v2\/users\/4"}],"replies":[{"embeddable":true,"href":"https:\/\/hbiconsulting.eu\/de\/wp-json\/wp\/v2\/comments?post=62082"}],"version-history":[{"count":3,"href":"https:\/\/hbiconsulting.eu\/de\/wp-json\/wp\/v2\/pages\/62082\/revisions"}],"predecessor-version":[{"id":62204,"href":"https:\/\/hbiconsulting.eu\/de\/wp-json\/wp\/v2\/pages\/62082\/revisions\/62204"}],"wp:attachment":[{"href":"https:\/\/hbiconsulting.eu\/de\/wp-json\/wp\/v2\/media?parent=62082"}],"curies":[{"name":"wp","href":"https:\/\/api.w.org\/{rel}","templated":true}]}}