{"id":62078,"date":"2025-10-08T11:55:52","date_gmt":"2025-10-08T09:55:52","guid":{"rendered":"https:\/\/hbiconsulting.eu\/?page_id=62078"},"modified":"2025-10-08T11:55:52","modified_gmt":"2025-10-08T09:55:52","slug":"unterstuetzung-von-produktiven-investitionen-fuer-anpassung-modernisierung-und-wiederaufbau","status":"publish","type":"page","link":"https:\/\/hbiconsulting.eu\/de\/unterstuetzung-von-produktiven-investitionen-fuer-anpassung-modernisierung-und-wiederaufbau\/","title":{"rendered":"\u00abUnterst\u00fctzung von produktiven Investitionen f\u00fcr Anpassung\/Modernisierung und Wiederaufbau\u00bb"},"content":{"rendered":"<div class=\"wpb-content-wrapper\"><p>[vc_row][vc_column][vc_column_text css=&#8220;&#8220;]Die Aktion zielt darauf ab, Investitionsprojekte von bestehenden kleinen und sehr kleinen Unternehmen mit einem Beihilfesatz von 50 bis 65% zu unterst\u00fctzen.<\/p>\n<p>&nbsp;<\/p>\n<p><strong><u>TEILNAHMEBEDINGUNGEN<\/u><\/strong><\/p>\n<p>Ein Unternehmen kann die Aktion beantragen, wenn es die folgenden Bedingungen erf\u00fcllt:<\/p>\n<ul>\n<li>Sie m\u00fcssen mindestens zwei (2) vollst\u00e4ndig abgeschlossene Gesch\u00e4ftsjahre vor dem Datum der Online-Einreichung des F\u00f6rderantrags vorweisen k\u00f6nnen.<\/li>\n<li>Sie haben eine f\u00f6rderf\u00e4hige &#8211; gem\u00e4\u00df der Aufforderung zur Einreichung von Vorschl\u00e4gen &#8211; Investitions-SIC in Sektoren wie z. B. Produktherstellung, Stromerzeugung, Abfallsammlung und -behandlung, Logistik, Hotels und \u00e4hnliche Beherbergungsbetriebe, Software-Ver\u00f6ffentlichung, Datenverarbeitungsdienste, Film- und Audioproduktion, Forschung und Entwicklung, Pr\u00fcfdienste, Tourismusf\u00f6rderung, Museen usw. T\u00e4tigkeiten im Bereich des Handels sind nicht f\u00f6rderf\u00e4hig.<\/li>\n<li>Seit zwei (2) Jahren im Wesentlichen aktiv sein [Haupt-SIC (2023 &amp; 2024) oder SIC mit den h\u00f6chsten Einnahmen (2022 &amp; 2023)] in einem f\u00f6rderf\u00e4higen &#8211; gem\u00e4\u00df der Aufforderung zur Einreichung von Vorschl\u00e4gen &#8211; SIC.<\/li>\n<li>Mindestens zwei (2) Jahresarbeitseinheiten (JAE) im Kalenderjahr vor dem Datum der Einreichung des Finanzierungsantrags (2024).<\/li>\n<li>Das entsprechende Lizenzierungsdokument f\u00fcr den Auftraggeber oder denjenigen mit dem h\u00f6chsten SIC-Umsatz tragen.<\/li>\n<li>Verpflichtet sich, bis zum Abschluss der Investition und je nach Art und Beschaffenheit des Vorhabens den Zugang f\u00fcr Menschen mit Behinderungen zu den Geb\u00e4uden, Dienstleistungen und elektronischen Umgebungen des Unternehmens zu gew\u00e4hrleisten.<\/li>\n<\/ul>\n<p>&nbsp;<\/p>\n<p><strong><u>HAUSHALT &#8211; DURCHF\u00dcHRUNGSZEITRAUM &#8211; BEWERTUNGSMETHODE<\/u><\/strong><\/p>\n<ul>\n<li>M\u00f6gliches Mindestbudget: 30.000,00\u20ac \/ Maximal m\u00f6gliches Budget: 200.000,00\u20ac<\/li>\n<li>Die Laufzeit der Aktion betr\u00e4gt vierundzwanzig (24) Monate ab dem Datum der Ver\u00f6ffentlichung der Entscheidung \u00fcber die Aufnahme der einzelnen Projekte.<\/li>\n<li>Die Bewertung erfolgt nach dem Grundsatz \u201eWer zuerst kommt, mahlt zuerst\u201c (FiFo) des Finanzierungsantrags und bis zur Aussch\u00f6pfung der verf\u00fcgbaren Mittel.<\/li>\n<\/ul>\n<p>&nbsp;<\/p>\n<p><strong><u>BEIHILFENSATZ<\/u><\/strong><\/p>\n<p>Der Beihilfesatz f\u00fcr alle Investitionsvorhaben betr\u00e4gt 50 % des bezuschussten Budgets und kann um weitere 50 % erh\u00f6ht werden:<\/p>\n<ul>\n<li>10%, wenn das Investitionsprojekt Ausgaben in der Kategorie &#8222;GR\u00dcNE Ausr\u00fcstung&#8220; in H\u00f6he von mindestens 20% des f\u00f6rderf\u00e4higen Budgets umfasst<\/li>\n<li>5%, wenn die Investition in einer der Gemeinden Agistri, Aegina, Kythera, Kythera, Poros, Salamina, Spetses, Trizinia &#8211; Methana, Hydra durchgef\u00fchrt wird.<\/li>\n<\/ul>\n<p>&nbsp;<\/p>\n<p><strong><u>F\u00d6RDERF\u00c4HIGE AUSGABEN<\/u><\/strong><\/p>\n<table width=\"630\">\n<tbody>\n<tr>\n<td width=\"141\"><strong>Ausgabenkategorie<\/strong><\/td>\n<td width=\"488\"><strong>Unterkategorie der Ausgaben<\/strong><\/td>\n<\/tr>\n<tr>\n<td width=\"141\"><strong>Personalkosten<\/strong><\/td>\n<td width=\"488\">\u00b7\u00a0\u00a0\u00a0\u00a0\u00a0\u00a0\u00a0\u00a0 Volle Gehaltskosten f\u00fcr neu eingestellte Mitarbeiter<\/td>\n<\/tr>\n<tr>\n<td width=\"141\"><strong>Ausgaben f\u00fcr Ausr\u00fcstung, Transportmittel und Instrumente<\/strong><\/td>\n<td width=\"488\">\u00b7\u00a0\u00a0\u00a0\u00a0\u00a0\u00a0\u00a0\u00a0 Sonstige Ausr\u00fcstung des Unternehmens (Labor, Qualit\u00e4tskontrolle usw.)<\/p>\n<p>\u00b7\u00a0\u00a0\u00a0\u00a0\u00a0\u00a0\u00a0\u00a0 Digitale B\u00fcroger\u00e4te<\/p>\n<p>\u00b7\u00a0\u00a0\u00a0\u00a0\u00a0\u00a0\u00a0\u00a0 Produktion und mechanische Ausr\u00fcstung<\/p>\n<p>\u00b7\u00a0\u00a0\u00a0\u00a0\u00a0\u00a0\u00a0\u00a0 Elektrofahrzeuge (gewerblich oder gemischt genutzte Fahrzeuge mit bis zu 9 Sitzpl\u00e4tzen)<\/td>\n<\/tr>\n<tr>\n<td width=\"141\"><strong>GR\u00dcNE Ausr\u00fcstung<\/strong><\/td>\n<td width=\"488\">\u00b7\u00a0\u00a0\u00a0\u00a0\u00a0\u00a0\u00a0\u00a0 Ger\u00e4te zur Verbesserung der Energieeffizienz\/Energieeinsparung<\/p>\n<p>\u00b7\u00a0\u00a0\u00a0\u00a0\u00a0\u00a0\u00a0\u00a0 Ausr\u00fcstung f\u00fcr die Kreislaufwirtschaft<\/p>\n<p>\u00b7\u00a0\u00a0\u00a0\u00a0\u00a0\u00a0\u00a0\u00a0 Ausr\u00fcstung f\u00fcr die Installation von Fotovoltaikanlagen und Speichersystemen f\u00fcr die Stromerzeugung und Eigenproduktion<\/td>\n<\/tr>\n<tr>\n<td width=\"141\"><strong>Ausgaben f\u00fcr Geb\u00e4ude, Grundst\u00fccke, Einrichtungen und Au\u00dfenanlagen<\/strong><\/td>\n<td width=\"488\">\u00b7\u00a0\u00a0\u00a0\u00a0\u00a0\u00a0\u00a0\u00a0 Geb\u00e4ude, Einrichtungen und Umgebung<\/p>\n<p>\u00b7\u00a0\u00a0\u00a0\u00a0\u00a0\u00a0\u00a0\u00a0 Konstruktionen, Konfigurationen, Erweiterungen, Anordnungen zur Erleichterung der Zug\u00e4nglichkeit f\u00fcr Menschen mit Behinderungen<\/td>\n<\/tr>\n<tr>\n<td width=\"141\"><strong>Ausgaben f\u00fcr die Erbringung von Dienstleistungen<\/strong><\/td>\n<td width=\"488\">\u00b7\u00a0\u00a0\u00a0\u00a0\u00a0\u00a0\u00a0\u00a0 Kosten f\u00fcr die Einreichung des Antrags auf Finanzierung<\/p>\n<p>\u00b7\u00a0\u00a0\u00a0\u00a0\u00a0\u00a0\u00a0\u00a0 Beratende Unterst\u00fctzung bei der Umsetzung des Investitionsplans<\/p>\n<p>\u00b7\u00a0\u00a0\u00a0\u00a0\u00a0\u00a0\u00a0\u00a0 Bereitstellung\/Nutzung von Software im Rahmen von &#8222;Software as a Service&#8220;, &#8222;Cloud Computing&#8220; oder \u00e4hnlichem<\/p>\n<p>\u00b7\u00a0\u00a0\u00a0\u00a0\u00a0\u00a0\u00a0\u00a0 Kosten f\u00fcr die Erbringung von Dienstleistungen f\u00fcr Studien zur Produkt- und\/oder Verfahrensentwicklung<\/p>\n<p>\u00b7\u00a0\u00a0\u00a0\u00a0\u00a0\u00a0\u00a0\u00a0 Zertifizierung von Dienstleistungen und Prozessen nach nationalen, harmonisierten und anderen europ\u00e4ischen und internationalen Normen<\/p>\n<p>\u00b7\u00a0\u00a0\u00a0\u00a0\u00a0\u00a0\u00a0\u00a0 Verpackungsdesign Dienstleistungen &#8211; Etikettendesign &#8211; Branding<\/p>\n<p>\u00b7\u00a0\u00a0\u00a0\u00a0\u00a0\u00a0\u00a0\u00a0 Geistiges Eigentum &#8211; Patente &#8211; Transfer von Know-how<\/td>\n<\/tr>\n<tr>\n<td width=\"141\"><strong>Software-Kosten<\/strong><\/td>\n<td width=\"488\">\u00b7\u00a0\u00a0\u00a0\u00a0\u00a0\u00a0\u00a0\u00a0 Software und Lizenzen f\u00fcr Softwareprogramme<\/td>\n<\/tr>\n<tr>\n<td width=\"141\"><strong>Ausgaben f\u00fcr Werbung, Verkaufsf\u00f6rderung und Vernetzung<\/strong><\/td>\n<td width=\"488\">\u00b7\u00a0\u00a0\u00a0\u00a0\u00a0\u00a0\u00a0\u00a0 Ausgaben f\u00fcr die Teilnahme an Fachmessen<\/p>\n<p>\u00b7\u00a0\u00a0\u00a0\u00a0\u00a0\u00a0\u00a0\u00a0 Sonstige Kosten f\u00fcr \u00d6ffentlichkeitsarbeit, Werbung und Vernetzung<\/td>\n<\/tr>\n<tr>\n<td width=\"141\"><strong>Indirekte Kosten<\/strong><\/td>\n<td width=\"488\">\u00b7\u00a0\u00a0\u00a0\u00a0\u00a0\u00a0\u00a0\u00a0 Indirekte Kosten<\/td>\n<\/tr>\n<\/tbody>\n<\/table>\n<p><u>Das Datum der Zuschussf\u00e4higkeit der Ausgaben ist das Datum der Ver\u00f6ffentlichung der Aufforderung zur Einreichung von Vorschl\u00e4gen, d.h. der 04\/06\/2025.<\/u><\/p>\n<p>&nbsp;<\/p>\n<p><strong>Termin f\u00fcr die Einreichung der Bewerbungen: <\/strong>30\/06\/2025, 13:00<\/p>\n<p><strong>Annahmeschluss f\u00fcr die Einreichung von Bewerbungen: <\/strong>bis zur Aussch\u00f6pfung der verf\u00fcgbaren Mittel, sp\u00e4testens jedoch bis zum 30\/12\/2025<\/p>\n<p>&nbsp;<\/p>\n<p>F\u00fcr weitere Informationen k\u00f6nnen Sie uns telefonisch unter 2108020555 oder per e-mail unter info@hbiconsulting.eu.[\/vc_column_text][\/vc_column][\/vc_row][vc_row disable_element=&#8220;yes&#8220;][vc_column][vc_empty_space height=&#8220;40px&#8220;][vc_column_text css=&#8220;&#8220;]<strong>\u0393\u03b9\u03b1 \u03c0\u03b5\u03c1\u03b9\u03c3\u03c3\u03cc\u03c4\u03b5\u03c1\u03b5\u03c2 \u03c0\u03bb\u03b7\u03c1\u03bf\u03c6\u03bf\u03c1\u03af\u03b5\u03c2 \u03bc\u03c0\u03bf\u03c1\u03b5\u03af\u03c4\u03b5 \u03bd\u03b1 \u03b5\u03c0\u03b9\u03ba\u03bf\u03b9\u03bd\u03c9\u03bd\u03ae\u03c3\u03b5\u03c4\u03b5 \u03bc\u03b1\u03b6\u03af \u03bc\u03b1\u03c2 \u03c4\u03b7\u03bb\u03b5\u03c6\u03c9\u03bd\u03b9\u03ba\u03ce\u03c2 \u03c3\u03c4\u03bf 2108020555 \u03ae \u03c3\u03c5\u03bc\u03c0\u03bb\u03b7\u03c1\u03ce\u03bd\u03bf\u03bd\u03c4\u03b1\u03c2 \u03c4\u03b7\u03bd \u03c0\u03b1\u03c1\u03b1\u03ba\u03ac\u03c4\u03c9 \u03c6\u03cc\u03c1\u03bc\u03b1.<\/strong>[\/vc_column_text][vc_empty_space height=&#8220;40px&#8220;][vc_row_inner content_placement=&#8220;middle&#8220; css=&#8220;.vc_custom_1752573252837{margin-bottom: 120px !important;padding-top: 40px !important;padding-right: 40px !important;padding-bottom: 40px !important;padding-left: 40px !important;background-color: #FDC800 !important;}&#8220; el_class=&#8220;box-shadow&#8220;][vc_column_inner width=&#8220;1\/2&#8243;]<div id=\"ultimate-heading-438669eca1fb609dc\" class=\"uvc-heading ult-adjust-bottom-margin ultimate-heading-438669eca1fb609dc uvc-6418 white medium title\" data-hspacer=\"no_spacer\"  data-halign=\"left\" style=\"text-align:left\"><div class=\"uvc-heading-spacer no_spacer\" style=\"top\"><\/div><div class=\"uvc-sub-heading ult-responsive\"  data-ultimate-target='.uvc-heading.ultimate-heading-438669eca1fb609dc .uvc-sub-heading '  data-responsive-json-new='{\"font-size\":\"\",\"line-height\":\"\"}'  style=\"font-weight:normal;\">\u0395\u039d\u0394\u0399\u0391\u03a6\u0395\u03a1\u0395\u03a3\u03a4\u0395 \u0393\u0399\u0391 \u03a0\u0395\u03a1\u0399\u03a3\u03a3\u039f\u03a4\u0395\u03a1\u0395\u03a3<br \/>\n\u03a0\u039b\u0397\u03a1\u039f\u03a6\u039f\u03a1\u0399\u0395\u03a3 \u03a3\u03a7\u0395\u03a4\u0399\u039a\u0391;<\/div><\/div>[\/vc_column_inner][vc_column_inner width=&#8220;1\/2&#8243;]\n<div class=\"wpcf7 no-js\" id=\"wpcf7-f61575-o1\" lang=\"el\" dir=\"ltr\" data-wpcf7-id=\"61575\">\n<div class=\"screen-reader-response\"><p role=\"status\" aria-live=\"polite\" aria-atomic=\"true\"><\/p> <ul><\/ul><\/div>\n<form action=\"\/de\/wp-json\/wp\/v2\/pages\/62078#wpcf7-f61575-o1\" method=\"post\" class=\"wpcf7-form init\" aria-label=\"\u03a6\u03cc\u03c1\u03bc\u03b1 \u03b5\u03c0\u03b9\u03ba\u03bf\u03b9\u03bd\u03c9\u03bd\u03af\u03b1\u03c2\" novalidate=\"novalidate\" data-status=\"init\">\n<fieldset class=\"hidden-fields-container\"><input type=\"hidden\" name=\"_wpcf7\" value=\"61575\" \/><input type=\"hidden\" name=\"_wpcf7_version\" value=\"6.1\" \/><input type=\"hidden\" name=\"_wpcf7_locale\" value=\"el\" \/><input type=\"hidden\" name=\"_wpcf7_unit_tag\" value=\"wpcf7-f61575-o1\" \/><input type=\"hidden\" name=\"_wpcf7_container_post\" value=\"0\" \/><input type=\"hidden\" name=\"_wpcf7_posted_data_hash\" value=\"\" \/>\n<\/fieldset>\n<div class=\"vc_row\">\n\t<div class=\"vc_col-sm-6\">\n\t\t<p><label for=\"namefield\"> \u039f\u03bd\u03bf\u03bc\/\u03bd\u03c5\u03bc\u03bf*<br \/>\n<span class=\"wpcf7-form-control-wrap\" data-name=\"your-name\"><input size=\"40\" maxlength=\"400\" class=\"wpcf7-form-control wpcf7-text wpcf7-validates-as-required\" id=\"namefield\" aria-required=\"true\" aria-invalid=\"false\" value=\"\" type=\"text\" name=\"your-name\" \/><\/span> <\/label>\n\t\t<\/p>\n\t<\/div>\n\t<div class=\"vc_col-sm-6\">\n\t\t<p><label for=\"email\"> Email*<br \/>\n<span class=\"wpcf7-form-control-wrap\" data-name=\"your-email\"><input size=\"40\" maxlength=\"400\" class=\"wpcf7-form-control wpcf7-email wpcf7-validates-as-required wpcf7-text wpcf7-validates-as-email\" id=\"email\" aria-required=\"true\" aria-invalid=\"false\" value=\"\" type=\"email\" name=\"your-email\" \/><\/span> <\/label>\n\t\t<\/p>\n\t<\/div>\n\t<div class=\"vc_col-sm-12\">\n\t\t<p><label for=\"checkbox\" class=\"guide-checkbox-label\">\u03a0\u03bf\u03bb\u03b9\u03c4\u03b9\u03ba\u03ae \u0391\u03c0\u03bf\u03c1\u03c1\u03ae\u03c4\u03bf\u03c5<br \/>\n<span class=\"wpcf7-form-control-wrap\" data-name=\"your-consent\"><span class=\"wpcf7-form-control wpcf7-acceptance\"><span class=\"wpcf7-list-item\"><label><input type=\"checkbox\" name=\"your-consent\" value=\"1\" id=\"checkbox\" aria-invalid=\"false\" \/><span class=\"wpcf7-list-item-label\">\u0395\u03bd\u03b7\u03bc\u03b5\u03c1\u03ce\u03b8\u03b7\u03ba\u03b1 \u03ba\u03b1\u03b9 \u03b1\u03c0\u03bf\u03b4\u03ad\u03c7\u03bf\u03bc\u03b1\u03b9 \u03c4\u03b7\u03bd <a href=\"\/politiki-aporritou\/\">\u03c0\u03bf\u03bb\u03b9\u03c4\u03b9\u03ba\u03ae \u03b1\u03c0\u03bf\u03c1\u03c1\u03ae\u03c4\u03bf\u03c5<\/a> \u03c3\u03c7\u03b5\u03c4\u03b9\u03ba\u03ac \u03bc\u03b5 \u03c4\u03b7\u03bd \u03c3\u03c5\u03bb\u03bb\u03bf\u03b3\u03ae \u03ba\u03b1\u03b9 \u03c7\u03c1\u03ae\u03c3\u03b7 \u03b4\u03b5\u03b4\u03bf\u03bc\u03ad\u03bd\u03c9\u03bd<\/span><\/label><\/span><\/span><\/span><\/label>\n\t\t<\/p>\n\t<\/div>\n\t<div class=\"vc_col-sm-12\">\n\t\t<p><input class=\"wpcf7-form-control wpcf7-submit has-spinner\" type=\"submit\" value=\"\u0391\u03c0\u03bf\u03c3\u03c4\u03bf\u03bb\u03ae\" \/>\n\t\t<\/p>\n\t<\/div>\n<\/div><div class=\"wpcf7-response-output\" aria-hidden=\"true\"><\/div>\n<\/form>\n<\/div>\n[\/vc_column_inner][\/vc_row_inner][\/vc_column][\/vc_row]<\/p>\n<\/div>","protected":false},"excerpt":{"rendered":"<p>[vc_row][vc_column][vc_column_text css=&#8220;&#8220;]Die Aktion zielt darauf ab, Investitionsprojekte von bestehenden kleinen und sehr kleinen Unternehmen mit einem Beihilfesatz von 50 bis 65% zu unterst\u00fctzen. &nbsp; TEILNAHMEBEDINGUNGEN Ein Unternehmen kann die Aktion beantragen, wenn es die folgenden Bedingungen erf\u00fcllt: Sie m\u00fcssen mindestens zwei (2) vollst\u00e4ndig abgeschlossene Gesch\u00e4ftsjahre vor dem Datum der Online-Einreichung des F\u00f6rderantrags vorweisen k\u00f6nnen. Sie&hellip;<\/p>\n","protected":false},"author":4,"featured_media":0,"parent":0,"menu_order":0,"comment_status":"closed","ping_status":"closed","template":"","meta":{"footnotes":""},"class_list":["post-62078","page","type-page","status-publish","hentry","description-off"],"yoast_head":"<!-- This site is optimized with the Yoast SEO plugin v25.5 - https:\/\/yoast.com\/wordpress\/plugins\/seo\/ -->\n<title>\u00abUnterst\u00fctzung von produktiven Investitionen f\u00fcr Anpassung\/Modernisierung und Wiederaufbau\u00bb - HBI<\/title>\n<meta name=\"robots\" content=\"index, follow, max-snippet:-1, max-image-preview:large, max-video-preview:-1\" \/>\n<link rel=\"canonical\" href=\"https:\/\/hbiconsulting.eu\/de\/unterstuetzung-von-produktiven-investitionen-fuer-anpassung-modernisierung-und-wiederaufbau\/\" \/>\n<meta property=\"og:locale\" content=\"de_DE\" \/>\n<meta property=\"og:type\" content=\"article\" \/>\n<meta property=\"og:title\" content=\"\u00abUnterst\u00fctzung von produktiven Investitionen f\u00fcr Anpassung\/Modernisierung und Wiederaufbau\u00bb - HBI\" \/>\n<meta property=\"og:description\" content=\"[vc_row][vc_column][vc_column_text css=&#8220;&#8220;]Die Aktion zielt darauf ab, Investitionsprojekte von bestehenden kleinen und sehr kleinen Unternehmen mit einem Beihilfesatz von 50 bis 65% zu unterst\u00fctzen. &nbsp; TEILNAHMEBEDINGUNGEN Ein Unternehmen kann die Aktion beantragen, wenn es die folgenden Bedingungen erf\u00fcllt: Sie m\u00fcssen mindestens zwei (2) vollst\u00e4ndig abgeschlossene Gesch\u00e4ftsjahre vor dem Datum der Online-Einreichung des F\u00f6rderantrags vorweisen k\u00f6nnen. Sie&hellip;\" \/>\n<meta property=\"og:url\" content=\"https:\/\/hbiconsulting.eu\/de\/unterstuetzung-von-produktiven-investitionen-fuer-anpassung-modernisierung-und-wiederaufbau\/\" \/>\n<meta property=\"og:site_name\" content=\"HBI\" \/>\n<meta property=\"article:publisher\" content=\"https:\/\/www.facebook.com\/harevabusinessideas\/\" \/>\n<meta name=\"twitter:card\" content=\"summary_large_image\" \/>\n<meta name=\"twitter:label1\" content=\"Gesch\u00e4tzte Lesezeit\" \/>\n\t<meta name=\"twitter:data1\" content=\"4\u00a0Minuten\" \/>\n<script type=\"application\/ld+json\" class=\"yoast-schema-graph\">{\"@context\":\"https:\/\/schema.org\",\"@graph\":[{\"@type\":\"WebPage\",\"@id\":\"https:\/\/hbiconsulting.eu\/de\/unterstuetzung-von-produktiven-investitionen-fuer-anpassung-modernisierung-und-wiederaufbau\/\",\"url\":\"https:\/\/hbiconsulting.eu\/de\/unterstuetzung-von-produktiven-investitionen-fuer-anpassung-modernisierung-und-wiederaufbau\/\",\"name\":\"\u00abUnterst\u00fctzung von produktiven Investitionen f\u00fcr Anpassung\/Modernisierung und Wiederaufbau\u00bb - HBI\",\"isPartOf\":{\"@id\":\"https:\/\/hbiconsulting.eu\/de\/#website\"},\"datePublished\":\"2025-10-08T09:55:52+00:00\",\"breadcrumb\":{\"@id\":\"https:\/\/hbiconsulting.eu\/de\/unterstuetzung-von-produktiven-investitionen-fuer-anpassung-modernisierung-und-wiederaufbau\/#breadcrumb\"},\"inLanguage\":\"de\",\"potentialAction\":[{\"@type\":\"ReadAction\",\"target\":[\"https:\/\/hbiconsulting.eu\/de\/unterstuetzung-von-produktiven-investitionen-fuer-anpassung-modernisierung-und-wiederaufbau\/\"]}]},{\"@type\":\"BreadcrumbList\",\"@id\":\"https:\/\/hbiconsulting.eu\/de\/unterstuetzung-von-produktiven-investitionen-fuer-anpassung-modernisierung-und-wiederaufbau\/#breadcrumb\",\"itemListElement\":[{\"@type\":\"ListItem\",\"position\":1,\"name\":\"Home\",\"item\":\"https:\/\/hbiconsulting.eu\/de\/\"},{\"@type\":\"ListItem\",\"position\":2,\"name\":\"\u00abUnterst\u00fctzung von produktiven Investitionen f\u00fcr Anpassung\/Modernisierung und Wiederaufbau\u00bb\"}]},{\"@type\":\"WebSite\",\"@id\":\"https:\/\/hbiconsulting.eu\/de\/#website\",\"url\":\"https:\/\/hbiconsulting.eu\/de\/\",\"name\":\"HBI\",\"description\":\"BUSINESS IDEAS\",\"potentialAction\":[{\"@type\":\"SearchAction\",\"target\":{\"@type\":\"EntryPoint\",\"urlTemplate\":\"https:\/\/hbiconsulting.eu\/de\/?s={search_term_string}\"},\"query-input\":{\"@type\":\"PropertyValueSpecification\",\"valueRequired\":true,\"valueName\":\"search_term_string\"}}],\"inLanguage\":\"de\"}]}<\/script>\n<!-- \/ Yoast SEO plugin. -->","yoast_head_json":{"title":"\u00abUnterst\u00fctzung von produktiven Investitionen f\u00fcr Anpassung\/Modernisierung und Wiederaufbau\u00bb - HBI","robots":{"index":"index","follow":"follow","max-snippet":"max-snippet:-1","max-image-preview":"max-image-preview:large","max-video-preview":"max-video-preview:-1"},"canonical":"https:\/\/hbiconsulting.eu\/de\/unterstuetzung-von-produktiven-investitionen-fuer-anpassung-modernisierung-und-wiederaufbau\/","og_locale":"de_DE","og_type":"article","og_title":"\u00abUnterst\u00fctzung von produktiven Investitionen f\u00fcr Anpassung\/Modernisierung und Wiederaufbau\u00bb - HBI","og_description":"[vc_row][vc_column][vc_column_text css=&#8220;&#8220;]Die Aktion zielt darauf ab, Investitionsprojekte von bestehenden kleinen und sehr kleinen Unternehmen mit einem Beihilfesatz von 50 bis 65% zu unterst\u00fctzen. &nbsp; TEILNAHMEBEDINGUNGEN Ein Unternehmen kann die Aktion beantragen, wenn es die folgenden Bedingungen erf\u00fcllt: Sie m\u00fcssen mindestens zwei (2) vollst\u00e4ndig abgeschlossene Gesch\u00e4ftsjahre vor dem Datum der Online-Einreichung des F\u00f6rderantrags vorweisen k\u00f6nnen. Sie&hellip;","og_url":"https:\/\/hbiconsulting.eu\/de\/unterstuetzung-von-produktiven-investitionen-fuer-anpassung-modernisierung-und-wiederaufbau\/","og_site_name":"HBI","article_publisher":"https:\/\/www.facebook.com\/harevabusinessideas\/","twitter_card":"summary_large_image","twitter_misc":{"Gesch\u00e4tzte Lesezeit":"4\u00a0Minuten"},"schema":{"@context":"https:\/\/schema.org","@graph":[{"@type":"WebPage","@id":"https:\/\/hbiconsulting.eu\/de\/unterstuetzung-von-produktiven-investitionen-fuer-anpassung-modernisierung-und-wiederaufbau\/","url":"https:\/\/hbiconsulting.eu\/de\/unterstuetzung-von-produktiven-investitionen-fuer-anpassung-modernisierung-und-wiederaufbau\/","name":"\u00abUnterst\u00fctzung von produktiven Investitionen f\u00fcr Anpassung\/Modernisierung und Wiederaufbau\u00bb - HBI","isPartOf":{"@id":"https:\/\/hbiconsulting.eu\/de\/#website"},"datePublished":"2025-10-08T09:55:52+00:00","breadcrumb":{"@id":"https:\/\/hbiconsulting.eu\/de\/unterstuetzung-von-produktiven-investitionen-fuer-anpassung-modernisierung-und-wiederaufbau\/#breadcrumb"},"inLanguage":"de","potentialAction":[{"@type":"ReadAction","target":["https:\/\/hbiconsulting.eu\/de\/unterstuetzung-von-produktiven-investitionen-fuer-anpassung-modernisierung-und-wiederaufbau\/"]}]},{"@type":"BreadcrumbList","@id":"https:\/\/hbiconsulting.eu\/de\/unterstuetzung-von-produktiven-investitionen-fuer-anpassung-modernisierung-und-wiederaufbau\/#breadcrumb","itemListElement":[{"@type":"ListItem","position":1,"name":"Home","item":"https:\/\/hbiconsulting.eu\/de\/"},{"@type":"ListItem","position":2,"name":"\u00abUnterst\u00fctzung von produktiven Investitionen f\u00fcr Anpassung\/Modernisierung und Wiederaufbau\u00bb"}]},{"@type":"WebSite","@id":"https:\/\/hbiconsulting.eu\/de\/#website","url":"https:\/\/hbiconsulting.eu\/de\/","name":"HBI","description":"BUSINESS IDEAS","potentialAction":[{"@type":"SearchAction","target":{"@type":"EntryPoint","urlTemplate":"https:\/\/hbiconsulting.eu\/de\/?s={search_term_string}"},"query-input":{"@type":"PropertyValueSpecification","valueRequired":true,"valueName":"search_term_string"}}],"inLanguage":"de"}]}},"_links":{"self":[{"href":"https:\/\/hbiconsulting.eu\/de\/wp-json\/wp\/v2\/pages\/62078","targetHints":{"allow":["GET"]}}],"collection":[{"href":"https:\/\/hbiconsulting.eu\/de\/wp-json\/wp\/v2\/pages"}],"about":[{"href":"https:\/\/hbiconsulting.eu\/de\/wp-json\/wp\/v2\/types\/page"}],"author":[{"embeddable":true,"href":"https:\/\/hbiconsulting.eu\/de\/wp-json\/wp\/v2\/users\/4"}],"replies":[{"embeddable":true,"href":"https:\/\/hbiconsulting.eu\/de\/wp-json\/wp\/v2\/comments?post=62078"}],"version-history":[{"count":2,"href":"https:\/\/hbiconsulting.eu\/de\/wp-json\/wp\/v2\/pages\/62078\/revisions"}],"predecessor-version":[{"id":62080,"href":"https:\/\/hbiconsulting.eu\/de\/wp-json\/wp\/v2\/pages\/62078\/revisions\/62080"}],"wp:attachment":[{"href":"https:\/\/hbiconsulting.eu\/de\/wp-json\/wp\/v2\/media?parent=62078"}],"curies":[{"name":"wp","href":"https:\/\/api.w.org\/{rel}","templated":true}]}}