{"id":62072,"date":"2025-10-08T11:46:51","date_gmt":"2025-10-08T09:46:51","guid":{"rendered":"https:\/\/hbiconsulting.eu\/?page_id=62072"},"modified":"2025-10-08T11:46:51","modified_gmt":"2025-10-08T09:46:51","slug":"staerkung-der-produktiven-investitionen-in-der-region-peloponnes-durch-bestehende-kmu","status":"publish","type":"page","link":"https:\/\/hbiconsulting.eu\/de\/staerkung-der-produktiven-investitionen-in-der-region-peloponnes-durch-bestehende-kmu\/","title":{"rendered":"\u00abSt\u00e4rkung der produktiven Investitionen in der Region Peloponnes durch bestehende KMU\u00bb"},"content":{"rendered":"<div class=\"wpb-content-wrapper\"><p>[vc_row][vc_column][vc_column_text css=&#8220;&#8220;]Die Aktion zielt darauf ab, Investitionsinitiativen von bestehenden Unternehmen, die in der Region Peloponnes t\u00e4tig sind oder sein werden, mit hohen Budgets zu unterst\u00fctzen, und ist Teil des Programms \u201cPeloponnes\u201d 2021-2027 des NSRP 2021-2027.<\/p>\n<p>&nbsp;<\/p>\n<p><strong><u>TEILNAHMEBEDINGUNGEN<\/u><\/strong><\/p>\n<p>Ein Unternehmen kann einen Antrag auf Aufnahme in die Aktion stellen, wenn es die folgenden Bedingungen erf\u00fcllt:<\/p>\n<ul>\n<li>Muss seine T\u00e4tigkeit vor dem 01\/01\/2023 aufgenommen haben.<\/li>\n<li>Das vorgeschlagene Investitionsvorhaben muss sich auf eine oder mehrere der in der Aufforderung zur Einreichung von Vorschl\u00e4gen aufgef\u00fchrten f\u00f6rderf\u00e4higen Schwellenwerte beziehen und als Anreiz in Frage kommen.<\/li>\n<li>Das vorgeschlagene Investitionsvorhaben muss den integrierten Charakter einer Erstinvestition haben und eine der folgenden Ma\u00dfnahmen umfassen: i. Gr\u00fcndung eines neuen Betriebs; ii. Erweiterung der Produktionskapazit\u00e4t eines bestehenden Betriebs; iii. Diversifizierung der Produktion eines bestehenden Betriebs auf Produkte oder Dienstleistungen, die zuvor nicht von diesem Betrieb hergestellt wurden; iv. Grundlegende \u00c4nderung des gesamten Produktionsprozesses der Erzeugnisse oder der gesamten Erbringung von Dienstleistungen, auf die sich die Investition in den Betrieb bezieht.<\/li>\n<\/ul>\n<p><u>Beachten Sie, dass eine Ersatzinvestition keine Erstinvestition darstellt.<\/u><\/p>\n<ul>\n<li>Der finanzielle Beitrag des Beihilfeempf\u00e4ngers bel\u00e4uft sich auf mindestens 25 % der gesamten f\u00f6rderf\u00e4higen Kosten durch eigene Mittel oder Fremdfinanzierung.<\/li>\n<li>Verpflichtet sich, bis zum Abschluss der Investition und je nach Art und Beschaffenheit des Vorhabens den Zugang f\u00fcr Menschen mit Behinderungen zu den Geb\u00e4uden, Dienstleistungen und elektronischen Umgebungen des Unternehmens zu gew\u00e4hrleisten.<\/li>\n<\/ul>\n<p>&nbsp;<\/p>\n<p><strong><u>Ein Hinweis zu Investitionen im Tourismussektor:<\/u><\/strong> Investitionsprojekte mit dem Investitionscode \u201c55.10.10.03 &#8211; Beherbergungsdienstleistungen mit Restaurant\u201d und\/oder &#8222;55.10.10.04 &#8211; Beherbergungsdienstleistungen ohne Restaurant&#8220; im Tourismussektor sind f\u00f6rderf\u00e4hig, wenn sie Hotels betreffen, die die folgenden Bedingungen erf\u00fcllen:<\/p>\n<p>&#8211; Einstufung in die Kategorie 4**** (vier Sterne) und h\u00f6her,<\/p>\n<p>&#8211; Kapazit\u00e4t von zw\u00f6lf (12) Betten oder mehr.<\/p>\n<p>&nbsp;<\/p>\n<p>&nbsp;<\/p>\n<p><strong><u>HAUSHALT &#8211; DURCHF\u00dcHRUNGSZEITRAUM &#8211; BEIHILFESATZ<\/u><\/strong><\/p>\n<ul>\n<li>M\u00f6gliches Mindestbudget: 600.000,00\u20ac \/ Maximal m\u00f6gliches Budget: 5.000.000,00\u20ac<\/li>\n<li>Die Laufzeit der Aktion betr\u00e4gt drei\u00dfig (30) Monate ab dem Datum der Ver\u00f6ffentlichung der Entscheidung \u00fcber die Aufnahme der einzelnen Projekte.<\/li>\n<li>Der Beihilfesatz wird nach der folgenden Tabelle festgelegt.<\/li>\n<\/ul>\n<table width=\"653\">\n<tbody>\n<tr>\n<td width=\"237\"><strong>Region<\/strong><\/td>\n<td width=\"227\"><strong>Kleine und sehr kleine Unternehmen<\/strong><\/td>\n<td colspan=\"2\" width=\"189\"><strong>Mittelst\u00e4ndische Unternehmen<\/strong><\/td>\n<\/tr>\n<tr>\n<td width=\"237\"><strong>Gemeinden von Megalopolis, Gortynia, Tripoli und Oichalia<\/strong><\/td>\n<td width=\"227\"><strong>70%<\/strong><\/td>\n<td width=\"187\"><strong>60%<\/strong><\/td>\n<td width=\"2\"><\/td>\n<\/tr>\n<tr>\n<td width=\"237\"><strong>Rest von Peloponnese<\/strong><\/td>\n<td width=\"227\"><strong>60%<\/strong><\/td>\n<td width=\"187\"><strong>50%<\/strong><\/td>\n<td width=\"2\"><\/td>\n<\/tr>\n<\/tbody>\n<\/table>\n<p><em>*F\u00fcr Beratung, Branding, technische Studien, Gehaltskosten und RES-Kosten gelten von Fall zu Fall unterschiedliche Beihilfes\u00e4tze.<\/em><\/p>\n<p>&nbsp;<\/p>\n<p><strong><u>F\u00d6RDERF\u00c4HIGE AUSGABEN<\/u><\/strong><\/p>\n<table width=\"647\">\n<tbody>\n<tr>\n<td width=\"244\"><strong>Ausgabenkategorie<\/strong><\/td>\n<td width=\"403\"><strong>Unterkategorie der Ausgaben<\/strong><\/td>\n<\/tr>\n<tr>\n<td width=\"244\"><strong>Volle Gehaltskosten f\u00fcr Mitarbeiter mit Behinderungen<\/strong><\/td>\n<td width=\"403\">\u00b7\u00a0\u00a0\u00a0 Volle Gehaltskosten f\u00fcr Mitarbeiter mit Behinderungen<\/td>\n<\/tr>\n<tr>\n<td width=\"244\"><strong>Ausgaben f\u00fcr Ausr\u00fcstung, Transportmittel und Instrumente<\/strong><\/td>\n<td width=\"403\">\u00b7\u00a0\u00a0\u00a0 Ger\u00e4te zur Verbesserung der Energieeffizienz und Energieeinsparung<\/p>\n<p>\u00b7\u00a0\u00a0\u00a0 Ausr\u00fcstung f\u00fcr die Kreislaufwirtschaft<\/p>\n<p>\u00b7\u00a0\u00a0\u00a0 Investitionsausgaben f\u00fcr die Erzeugung erneuerbarer Energie<\/p>\n<p>\u00b7\u00a0\u00a0\u00a0 Sonstige Gesch\u00e4ftsausstattung<\/p>\n<p>\u00b7\u00a0\u00a0\u00a0 Digitale B\u00fcroausstattung<\/p>\n<p>\u00b7\u00a0\u00a0\u00a0 Produktion und mechanische Ausr\u00fcstung<\/p>\n<p>\u00b7\u00a0\u00a0\u00a0 Elektrische Verkehrsmittel<\/td>\n<\/tr>\n<tr>\n<td width=\"244\"><strong>Ausgaben f\u00fcr Geb\u00e4ude, Grundst\u00fccke, Einrichtungen und Au\u00dfenanlagen<\/strong><\/td>\n<td width=\"403\">\u00b7\u00a0\u00a0\u00a0 Geb\u00e4ude, Einrichtungen und Umgebung<\/td>\n<\/tr>\n<tr>\n<td width=\"244\"><strong>Ausgaben f\u00fcr die Erbringung von Dienstleistungen<\/strong><\/td>\n<td width=\"403\">\u00b7\u00a0\u00a0\u00a0 Beratende Unterst\u00fctzung bei der \u00dcberwachung der Umsetzung des Investitionsplans<\/p>\n<p>\u00b7\u00a0\u00a0\u00a0 Technische Studien, die zwangsl\u00e4ufig mit Investitionsausgaben verbunden sind<\/p>\n<p>\u00b7\u00a0\u00a0\u00a0 Zertifizierung von Produkten, Dienstleistungen und Prozessen nach nationalen, harmonisierten und anderen europ\u00e4ischen und internationalen Normen<\/p>\n<p>\u00b7\u00a0\u00a0\u00a0 Verpackungsdesign Dienstleistungen &#8211; Etikettendesign \u2013 Branding<\/p>\n<p>\u00b7\u00a0\u00a0\u00a0 Geistiges Eigentum &#8211; Patente &#8211; \u00dcbertragung von Know-how<\/td>\n<\/tr>\n<tr>\n<td width=\"244\"><strong>Software-Kosten<\/strong><\/td>\n<td width=\"403\">\u00b7\u00a0\u00a0\u00a0 Software und Lizenzen f\u00fcr Softwareprogramme<\/td>\n<\/tr>\n<\/tbody>\n<\/table>\n<p><u>Das Datum, an dem die Ausgaben f\u00f6rderf\u00e4hig werden, ist das Datum der Einreichung des entsprechenden Antrags auf Finanzierung.<\/u><\/p>\n<p>&nbsp;<\/p>\n<p><strong><u>BEWERTUNGSKRITERIEN<\/u><\/strong><\/p>\n<p>Die Bewertungsmethode ist vergleichend mit einer Mindestpunktzahl von 50 Punkten und basiert auf den folgenden Kriterien \u25aa Reifegrad des Investitionsplans (Verf\u00fcgbarkeit des Standorts, Genehmigungen f\u00fcr die Durchf\u00fchrung der Investition) \u25aa Prozentsatz des verf\u00fcgbaren Kapitals im Verh\u00e4ltnis zu den Gesamtkosten der Investition \u25aa Bewertung der Finanzdaten des Unternehmens in den vergangenen Jahren \u25aa Finanzielle Bewertung &#8211; Nachhaltigkeit des Investitionsplans \u25aa Relevanz des SIC f\u00fcr die thematischen Sektoren Agrar- und Ern\u00e4hrungswirtschaft und Tourismus \u25aa Grad der Innovation.<\/p>\n<p>&nbsp;<\/p>\n<p><strong><u>Frist f\u00fcr die Einreichung von Antr\u00e4gen auf finanzielle Unterst\u00fctzung:<\/u><\/strong> 19\/05\/2025, 10:00<\/p>\n<p><strong><u>Annahmeschluss f\u00fcr die Einreichung von F\u00f6rderantr\u00e4gen:<\/u><\/strong> 23\/07\/2025, 15:00<\/p>\n<p>&nbsp;<\/p>\n<p>F\u00fcr weitere Informationen k\u00f6nnen Sie uns telefonisch unter 2108020555 oder per e-mail unter info@hbiconsulting.eu kontaktieren.[\/vc_column_text][\/vc_column][\/vc_row][vc_row disable_element=&#8220;yes&#8220;][vc_column][vc_empty_space height=&#8220;40px&#8220;][vc_column_text css=&#8220;&#8220;]<strong>\u0393\u03b9\u03b1 \u03c0\u03b5\u03c1\u03b9\u03c3\u03c3\u03cc\u03c4\u03b5\u03c1\u03b5\u03c2 \u03c0\u03bb\u03b7\u03c1\u03bf\u03c6\u03bf\u03c1\u03af\u03b5\u03c2 \u03bc\u03c0\u03bf\u03c1\u03b5\u03af\u03c4\u03b5 \u03bd\u03b1 \u03b5\u03c0\u03b9\u03ba\u03bf\u03b9\u03bd\u03c9\u03bd\u03ae\u03c3\u03b5\u03c4\u03b5 \u03bc\u03b1\u03b6\u03af \u03bc\u03b1\u03c2 \u03c4\u03b7\u03bb\u03b5\u03c6\u03c9\u03bd\u03b9\u03ba\u03ce\u03c2 \u03c3\u03c4\u03bf 2108020555 \u03ae \u03c3\u03c5\u03bc\u03c0\u03bb\u03b7\u03c1\u03ce\u03bd\u03bf\u03bd\u03c4\u03b1\u03c2 \u03c4\u03b7\u03bd \u03c0\u03b1\u03c1\u03b1\u03ba\u03ac\u03c4\u03c9 \u03c6\u03cc\u03c1\u03bc\u03b1.<\/strong>[\/vc_column_text][vc_empty_space height=&#8220;40px&#8220;][vc_row_inner content_placement=&#8220;middle&#8220; css=&#8220;.vc_custom_1752573252837{margin-bottom: 120px !important;padding-top: 40px !important;padding-right: 40px !important;padding-bottom: 40px !important;padding-left: 40px !important;background-color: #FDC800 !important;}&#8220; el_class=&#8220;box-shadow&#8220;][vc_column_inner width=&#8220;1\/2&#8243;]<div id=\"ultimate-heading-173069eca53600722\" class=\"uvc-heading ult-adjust-bottom-margin ultimate-heading-173069eca53600722 uvc-936 white medium title\" data-hspacer=\"no_spacer\"  data-halign=\"left\" style=\"text-align:left\"><div class=\"uvc-heading-spacer no_spacer\" style=\"top\"><\/div><div class=\"uvc-sub-heading ult-responsive\"  data-ultimate-target='.uvc-heading.ultimate-heading-173069eca53600722 .uvc-sub-heading '  data-responsive-json-new='{\"font-size\":\"\",\"line-height\":\"\"}'  style=\"font-weight:normal;\">\u0395\u039d\u0394\u0399\u0391\u03a6\u0395\u03a1\u0395\u03a3\u03a4\u0395 \u0393\u0399\u0391 \u03a0\u0395\u03a1\u0399\u03a3\u03a3\u039f\u03a4\u0395\u03a1\u0395\u03a3<br \/>\n\u03a0\u039b\u0397\u03a1\u039f\u03a6\u039f\u03a1\u0399\u0395\u03a3 \u03a3\u03a7\u0395\u03a4\u0399\u039a\u0391;<\/div><\/div>[\/vc_column_inner][vc_column_inner width=&#8220;1\/2&#8243;]\n<div class=\"wpcf7 no-js\" id=\"wpcf7-f61575-o1\" lang=\"el\" dir=\"ltr\" data-wpcf7-id=\"61575\">\n<div class=\"screen-reader-response\"><p role=\"status\" aria-live=\"polite\" aria-atomic=\"true\"><\/p> <ul><\/ul><\/div>\n<form action=\"\/de\/wp-json\/wp\/v2\/pages\/62072#wpcf7-f61575-o1\" method=\"post\" class=\"wpcf7-form init\" aria-label=\"\u03a6\u03cc\u03c1\u03bc\u03b1 \u03b5\u03c0\u03b9\u03ba\u03bf\u03b9\u03bd\u03c9\u03bd\u03af\u03b1\u03c2\" novalidate=\"novalidate\" data-status=\"init\">\n<fieldset class=\"hidden-fields-container\"><input type=\"hidden\" name=\"_wpcf7\" value=\"61575\" \/><input type=\"hidden\" name=\"_wpcf7_version\" value=\"6.1\" \/><input type=\"hidden\" name=\"_wpcf7_locale\" value=\"el\" \/><input type=\"hidden\" name=\"_wpcf7_unit_tag\" value=\"wpcf7-f61575-o1\" \/><input type=\"hidden\" name=\"_wpcf7_container_post\" value=\"0\" \/><input type=\"hidden\" name=\"_wpcf7_posted_data_hash\" value=\"\" \/>\n<\/fieldset>\n<div class=\"vc_row\">\n\t<div class=\"vc_col-sm-6\">\n\t\t<p><label for=\"namefield\"> \u039f\u03bd\u03bf\u03bc\/\u03bd\u03c5\u03bc\u03bf*<br \/>\n<span class=\"wpcf7-form-control-wrap\" data-name=\"your-name\"><input size=\"40\" maxlength=\"400\" class=\"wpcf7-form-control wpcf7-text wpcf7-validates-as-required\" id=\"namefield\" aria-required=\"true\" aria-invalid=\"false\" value=\"\" type=\"text\" name=\"your-name\" \/><\/span> <\/label>\n\t\t<\/p>\n\t<\/div>\n\t<div class=\"vc_col-sm-6\">\n\t\t<p><label for=\"email\"> Email*<br \/>\n<span class=\"wpcf7-form-control-wrap\" data-name=\"your-email\"><input size=\"40\" maxlength=\"400\" class=\"wpcf7-form-control wpcf7-email wpcf7-validates-as-required wpcf7-text wpcf7-validates-as-email\" id=\"email\" aria-required=\"true\" aria-invalid=\"false\" value=\"\" type=\"email\" name=\"your-email\" \/><\/span> <\/label>\n\t\t<\/p>\n\t<\/div>\n\t<div class=\"vc_col-sm-12\">\n\t\t<p><label for=\"checkbox\" class=\"guide-checkbox-label\">\u03a0\u03bf\u03bb\u03b9\u03c4\u03b9\u03ba\u03ae \u0391\u03c0\u03bf\u03c1\u03c1\u03ae\u03c4\u03bf\u03c5<br \/>\n<span class=\"wpcf7-form-control-wrap\" data-name=\"your-consent\"><span class=\"wpcf7-form-control wpcf7-acceptance\"><span class=\"wpcf7-list-item\"><label><input type=\"checkbox\" name=\"your-consent\" value=\"1\" id=\"checkbox\" aria-invalid=\"false\" \/><span class=\"wpcf7-list-item-label\">\u0395\u03bd\u03b7\u03bc\u03b5\u03c1\u03ce\u03b8\u03b7\u03ba\u03b1 \u03ba\u03b1\u03b9 \u03b1\u03c0\u03bf\u03b4\u03ad\u03c7\u03bf\u03bc\u03b1\u03b9 \u03c4\u03b7\u03bd <a href=\"\/politiki-aporritou\/\">\u03c0\u03bf\u03bb\u03b9\u03c4\u03b9\u03ba\u03ae \u03b1\u03c0\u03bf\u03c1\u03c1\u03ae\u03c4\u03bf\u03c5<\/a> \u03c3\u03c7\u03b5\u03c4\u03b9\u03ba\u03ac \u03bc\u03b5 \u03c4\u03b7\u03bd \u03c3\u03c5\u03bb\u03bb\u03bf\u03b3\u03ae \u03ba\u03b1\u03b9 \u03c7\u03c1\u03ae\u03c3\u03b7 \u03b4\u03b5\u03b4\u03bf\u03bc\u03ad\u03bd\u03c9\u03bd<\/span><\/label><\/span><\/span><\/span><\/label>\n\t\t<\/p>\n\t<\/div>\n\t<div class=\"vc_col-sm-12\">\n\t\t<p><input class=\"wpcf7-form-control wpcf7-submit has-spinner\" type=\"submit\" value=\"\u0391\u03c0\u03bf\u03c3\u03c4\u03bf\u03bb\u03ae\" \/>\n\t\t<\/p>\n\t<\/div>\n<\/div><div class=\"wpcf7-response-output\" aria-hidden=\"true\"><\/div>\n<\/form>\n<\/div>\n[\/vc_column_inner][\/vc_row_inner][\/vc_column][\/vc_row]<\/p>\n<\/div>","protected":false},"excerpt":{"rendered":"<p>[vc_row][vc_column][vc_column_text css=&#8220;&#8220;]Die Aktion zielt darauf ab, Investitionsinitiativen von bestehenden Unternehmen, die in der Region Peloponnes t\u00e4tig sind oder sein werden, mit hohen Budgets zu unterst\u00fctzen, und ist Teil des Programms \u201cPeloponnes\u201d 2021-2027 des NSRP 2021-2027. &nbsp; TEILNAHMEBEDINGUNGEN Ein Unternehmen kann einen Antrag auf Aufnahme in die Aktion stellen, wenn es die folgenden Bedingungen erf\u00fcllt: Muss&hellip;<\/p>\n","protected":false},"author":4,"featured_media":0,"parent":0,"menu_order":0,"comment_status":"closed","ping_status":"closed","template":"","meta":{"footnotes":""},"class_list":["post-62072","page","type-page","status-publish","hentry","description-off"],"yoast_head":"<!-- This site is optimized with the Yoast SEO plugin v25.5 - https:\/\/yoast.com\/wordpress\/plugins\/seo\/ -->\n<title>\u00abSt\u00e4rkung der produktiven Investitionen in der Region Peloponnes durch bestehende KMU\u00bb - HBI<\/title>\n<meta name=\"robots\" content=\"index, follow, max-snippet:-1, max-image-preview:large, max-video-preview:-1\" \/>\n<link rel=\"canonical\" href=\"https:\/\/hbiconsulting.eu\/de\/staerkung-der-produktiven-investitionen-in-der-region-peloponnes-durch-bestehende-kmu\/\" \/>\n<meta property=\"og:locale\" content=\"de_DE\" \/>\n<meta property=\"og:type\" content=\"article\" \/>\n<meta property=\"og:title\" content=\"\u00abSt\u00e4rkung der produktiven Investitionen in der Region Peloponnes durch bestehende KMU\u00bb - HBI\" \/>\n<meta property=\"og:description\" content=\"[vc_row][vc_column][vc_column_text css=&#8220;&#8220;]Die Aktion zielt darauf ab, Investitionsinitiativen von bestehenden Unternehmen, die in der Region Peloponnes t\u00e4tig sind oder sein werden, mit hohen Budgets zu unterst\u00fctzen, und ist Teil des Programms \u201cPeloponnes\u201d 2021-2027 des NSRP 2021-2027. &nbsp; TEILNAHMEBEDINGUNGEN Ein Unternehmen kann einen Antrag auf Aufnahme in die Aktion stellen, wenn es die folgenden Bedingungen erf\u00fcllt: Muss&hellip;\" \/>\n<meta property=\"og:url\" content=\"https:\/\/hbiconsulting.eu\/de\/staerkung-der-produktiven-investitionen-in-der-region-peloponnes-durch-bestehende-kmu\/\" \/>\n<meta property=\"og:site_name\" content=\"HBI\" \/>\n<meta property=\"article:publisher\" content=\"https:\/\/www.facebook.com\/harevabusinessideas\/\" \/>\n<meta name=\"twitter:card\" content=\"summary_large_image\" \/>\n<meta name=\"twitter:label1\" content=\"Gesch\u00e4tzte Lesezeit\" \/>\n\t<meta name=\"twitter:data1\" content=\"4\u00a0Minuten\" \/>\n<script type=\"application\/ld+json\" class=\"yoast-schema-graph\">{\"@context\":\"https:\/\/schema.org\",\"@graph\":[{\"@type\":\"WebPage\",\"@id\":\"https:\/\/hbiconsulting.eu\/de\/staerkung-der-produktiven-investitionen-in-der-region-peloponnes-durch-bestehende-kmu\/\",\"url\":\"https:\/\/hbiconsulting.eu\/de\/staerkung-der-produktiven-investitionen-in-der-region-peloponnes-durch-bestehende-kmu\/\",\"name\":\"\u00abSt\u00e4rkung der produktiven Investitionen in der Region Peloponnes durch bestehende KMU\u00bb - HBI\",\"isPartOf\":{\"@id\":\"https:\/\/hbiconsulting.eu\/de\/#website\"},\"datePublished\":\"2025-10-08T09:46:51+00:00\",\"breadcrumb\":{\"@id\":\"https:\/\/hbiconsulting.eu\/de\/staerkung-der-produktiven-investitionen-in-der-region-peloponnes-durch-bestehende-kmu\/#breadcrumb\"},\"inLanguage\":\"de\",\"potentialAction\":[{\"@type\":\"ReadAction\",\"target\":[\"https:\/\/hbiconsulting.eu\/de\/staerkung-der-produktiven-investitionen-in-der-region-peloponnes-durch-bestehende-kmu\/\"]}]},{\"@type\":\"BreadcrumbList\",\"@id\":\"https:\/\/hbiconsulting.eu\/de\/staerkung-der-produktiven-investitionen-in-der-region-peloponnes-durch-bestehende-kmu\/#breadcrumb\",\"itemListElement\":[{\"@type\":\"ListItem\",\"position\":1,\"name\":\"Home\",\"item\":\"https:\/\/hbiconsulting.eu\/de\/\"},{\"@type\":\"ListItem\",\"position\":2,\"name\":\"\u00abSt\u00e4rkung der produktiven Investitionen in der Region Peloponnes durch bestehende KMU\u00bb\"}]},{\"@type\":\"WebSite\",\"@id\":\"https:\/\/hbiconsulting.eu\/de\/#website\",\"url\":\"https:\/\/hbiconsulting.eu\/de\/\",\"name\":\"HBI\",\"description\":\"BUSINESS IDEAS\",\"potentialAction\":[{\"@type\":\"SearchAction\",\"target\":{\"@type\":\"EntryPoint\",\"urlTemplate\":\"https:\/\/hbiconsulting.eu\/de\/?s={search_term_string}\"},\"query-input\":{\"@type\":\"PropertyValueSpecification\",\"valueRequired\":true,\"valueName\":\"search_term_string\"}}],\"inLanguage\":\"de\"}]}<\/script>\n<!-- \/ Yoast SEO plugin. -->","yoast_head_json":{"title":"\u00abSt\u00e4rkung der produktiven Investitionen in der Region Peloponnes durch bestehende KMU\u00bb - HBI","robots":{"index":"index","follow":"follow","max-snippet":"max-snippet:-1","max-image-preview":"max-image-preview:large","max-video-preview":"max-video-preview:-1"},"canonical":"https:\/\/hbiconsulting.eu\/de\/staerkung-der-produktiven-investitionen-in-der-region-peloponnes-durch-bestehende-kmu\/","og_locale":"de_DE","og_type":"article","og_title":"\u00abSt\u00e4rkung der produktiven Investitionen in der Region Peloponnes durch bestehende KMU\u00bb - HBI","og_description":"[vc_row][vc_column][vc_column_text css=&#8220;&#8220;]Die Aktion zielt darauf ab, Investitionsinitiativen von bestehenden Unternehmen, die in der Region Peloponnes t\u00e4tig sind oder sein werden, mit hohen Budgets zu unterst\u00fctzen, und ist Teil des Programms \u201cPeloponnes\u201d 2021-2027 des NSRP 2021-2027. &nbsp; TEILNAHMEBEDINGUNGEN Ein Unternehmen kann einen Antrag auf Aufnahme in die Aktion stellen, wenn es die folgenden Bedingungen erf\u00fcllt: Muss&hellip;","og_url":"https:\/\/hbiconsulting.eu\/de\/staerkung-der-produktiven-investitionen-in-der-region-peloponnes-durch-bestehende-kmu\/","og_site_name":"HBI","article_publisher":"https:\/\/www.facebook.com\/harevabusinessideas\/","twitter_card":"summary_large_image","twitter_misc":{"Gesch\u00e4tzte Lesezeit":"4\u00a0Minuten"},"schema":{"@context":"https:\/\/schema.org","@graph":[{"@type":"WebPage","@id":"https:\/\/hbiconsulting.eu\/de\/staerkung-der-produktiven-investitionen-in-der-region-peloponnes-durch-bestehende-kmu\/","url":"https:\/\/hbiconsulting.eu\/de\/staerkung-der-produktiven-investitionen-in-der-region-peloponnes-durch-bestehende-kmu\/","name":"\u00abSt\u00e4rkung der produktiven Investitionen in der Region Peloponnes durch bestehende KMU\u00bb - HBI","isPartOf":{"@id":"https:\/\/hbiconsulting.eu\/de\/#website"},"datePublished":"2025-10-08T09:46:51+00:00","breadcrumb":{"@id":"https:\/\/hbiconsulting.eu\/de\/staerkung-der-produktiven-investitionen-in-der-region-peloponnes-durch-bestehende-kmu\/#breadcrumb"},"inLanguage":"de","potentialAction":[{"@type":"ReadAction","target":["https:\/\/hbiconsulting.eu\/de\/staerkung-der-produktiven-investitionen-in-der-region-peloponnes-durch-bestehende-kmu\/"]}]},{"@type":"BreadcrumbList","@id":"https:\/\/hbiconsulting.eu\/de\/staerkung-der-produktiven-investitionen-in-der-region-peloponnes-durch-bestehende-kmu\/#breadcrumb","itemListElement":[{"@type":"ListItem","position":1,"name":"Home","item":"https:\/\/hbiconsulting.eu\/de\/"},{"@type":"ListItem","position":2,"name":"\u00abSt\u00e4rkung der produktiven Investitionen in der Region Peloponnes durch bestehende KMU\u00bb"}]},{"@type":"WebSite","@id":"https:\/\/hbiconsulting.eu\/de\/#website","url":"https:\/\/hbiconsulting.eu\/de\/","name":"HBI","description":"BUSINESS IDEAS","potentialAction":[{"@type":"SearchAction","target":{"@type":"EntryPoint","urlTemplate":"https:\/\/hbiconsulting.eu\/de\/?s={search_term_string}"},"query-input":{"@type":"PropertyValueSpecification","valueRequired":true,"valueName":"search_term_string"}}],"inLanguage":"de"}]}},"_links":{"self":[{"href":"https:\/\/hbiconsulting.eu\/de\/wp-json\/wp\/v2\/pages\/62072","targetHints":{"allow":["GET"]}}],"collection":[{"href":"https:\/\/hbiconsulting.eu\/de\/wp-json\/wp\/v2\/pages"}],"about":[{"href":"https:\/\/hbiconsulting.eu\/de\/wp-json\/wp\/v2\/types\/page"}],"author":[{"embeddable":true,"href":"https:\/\/hbiconsulting.eu\/de\/wp-json\/wp\/v2\/users\/4"}],"replies":[{"embeddable":true,"href":"https:\/\/hbiconsulting.eu\/de\/wp-json\/wp\/v2\/comments?post=62072"}],"version-history":[{"count":1,"href":"https:\/\/hbiconsulting.eu\/de\/wp-json\/wp\/v2\/pages\/62072\/revisions"}],"predecessor-version":[{"id":62073,"href":"https:\/\/hbiconsulting.eu\/de\/wp-json\/wp\/v2\/pages\/62072\/revisions\/62073"}],"wp:attachment":[{"href":"https:\/\/hbiconsulting.eu\/de\/wp-json\/wp\/v2\/media?parent=62072"}],"curies":[{"name":"wp","href":"https:\/\/api.w.org\/{rel}","templated":true}]}}