{"id":62069,"date":"2025-10-08T11:41:56","date_gmt":"2025-10-08T09:41:56","guid":{"rendered":"https:\/\/hbiconsulting.eu\/?page_id=62069"},"modified":"2025-10-08T11:41:56","modified_gmt":"2025-10-08T09:41:56","slug":"ausgangspunkt-fuer-innovation-und-extroversion-in-der-region-zentralmazedonien","status":"publish","type":"page","link":"https:\/\/hbiconsulting.eu\/de\/ausgangspunkt-fuer-innovation-und-extroversion-in-der-region-zentralmazedonien\/","title":{"rendered":"\u00abAusgangspunkt f\u00fcr Innovation und Extroversion in der Region Zentralmazedonien\u00bb"},"content":{"rendered":"<div class=\"wpb-content-wrapper\"><p>[vc_row][vc_column][vc_column_text css=&#8220;&#8220;]Die Aktion zielt darauf ab, das neue Unternehmertum in der Region Zentralmazedonien zu st\u00e4rken und Anreize f\u00fcr die Gr\u00fcndung neuer, technologisch und organisatorisch fortschrittlicher Unternehmen im verarbeitenden Gewerbe und im Fremdenverkehr zu schaffen, die nach au\u00dfen orientiert sind.<\/p>\n<p>&nbsp;<\/p>\n<p><strong><u>TEILNAHMEBEDINGUNGEN<\/u><\/strong><\/p>\n<p>Ein neu gegr\u00fcndetes oder neues Unternehmen kann die Aktion beantragen, wenn es &#8211; kumulativ &#8211; die folgenden Bedingungen erf\u00fcllt:<\/p>\n<ul>\n<li>Das zu gr\u00fcndende Unternehmen muss seine T\u00e4tigkeit nach der Online-Einreichung des F\u00f6rderantrags aufnehmen.<\/li>\n<li>Jedes neue Unternehmen muss nach dem 01.01.2023 gegr\u00fcndet werden.<\/li>\n<li>Ein und dieselbe investierende Einheit (Partner\/Anteilseigner\/Unternehmen) darf nicht an mehr als einem (1) Investitionsprojekt beteiligt sein, das ein in Gr\u00fcndung befindliches Unternehmen betrifft.<\/li>\n<li>Ein Gesellschafter\/Aktion\u00e4r eines Unternehmens in Gr\u00fcndung oder eines neuen Unternehmens mit einem Startdatum nach dem 06\/05\/2025, der eine juristische oder nat\u00fcrliche Person mit einem aktiven Einzelunternehmen ist, darf ab dem 06\/05\/2025 keine aktive T\u00e4tigkeit im SIC f\u00fcr Investitionen (zweistellige Analyse) aus\u00fcben.<\/li>\n<li>Mindestens ein f\u00f6rderf\u00e4higes &#8211; basierend auf dem Aufruf &#8211; SIC haben, in dem es bis zur Einreichung des 1. <u>Insbesondere f\u00fcr Investitionsprojekte mit dem Investitionscode \u201cBeherbergung\u201d (Code 55) im Tourismussektor m\u00fcssen <\/u>die folgenden Bedingungen w\u00e4hrend der Fertigstellung und Abnahme der Projekte erf\u00fcllt sein:<\/li>\n<li>Hotels: Hotels der Kategorie drei (3) Sterne und h\u00f6her mit einer Kapazit\u00e4t von acht (8) Betten oder mehr<\/li>\n<li>Beherbergungsbetriebe in traditionellen Geb\u00e4uden gem\u00e4\u00df P.D. 33\/1979<\/li>\n<li>Camping: Einstufung in eine Kategorie von drei (3) Sternen und mehr<\/li>\n<li>Jugendherbergen<\/li>\n<li>Unterk\u00fcnfte f\u00fcr Selbstversorger &#8211; touristisch eingerichtete H\u00e4user: Mindestens drei (3) Wohnungen, die in ein und dasselbe Schild integriert sein m\u00fcssen<\/li>\n<li>M\u00f6blierte Zimmer &#8211; Wohnungen zur Miete: Einstufung in eine Kategorie von drei (3) Schl\u00fcsseln und h\u00f6her mit einer Mindestkapazit\u00e4t von zehn (10) Betten<\/li>\n<li>Betreiben Sie Ihr Unternehmen oder werden Sie es betreiben, wenn Sie \u00fcber die entsprechende Lizenz verf\u00fcgen.<\/li>\n<li>Weisen Sie die Verf\u00fcgbarkeit des Investitionsstandortes nach, wenn das Investitionsvorhaben den Bau\/Ausbau eines Geb\u00e4udes umfasst.<\/li>\n<li>Weisen Sie nach, dass Mittel in H\u00f6he von mindestens 25 % der Gesamtkosten des Investitionsvorhabens zur Verf\u00fcgung stehen.<\/li>\n<li>Sich verpflichten, daf\u00fcr zu sorgen, dass bis zum Abschluss der Investition und je nach Art und Charakter des Vorhabens der Zugang f\u00fcr Menschen mit Behinderungen zu den Geb\u00e4uden, Dienstleistungen und elektronischen Umgebungen des Unternehmens gew\u00e4hrleistet wird.<\/li>\n<\/ul>\n<p>&nbsp;<\/p>\n<p><strong><u>HAUSHALTSPLAN &#8211; DURCHF\u00dcHRUNGSZEITRAUM &#8211; BEIHILFESATZ<\/u><\/strong><\/p>\n<ul>\n<li>Minimales m\u00f6gliches Budget: 25.000,00\u20ac \/ Maximales m\u00f6gliches Budget: 500.000,00\u20ac<\/li>\n<li>Die Laufzeit der Aktion betr\u00e4gt vierundzwanzig (24) Monate ab dem Datum der Ver\u00f6ffentlichung der Entscheidung \u00fcber die Aufnahme der einzelnen Projekte.<\/li>\n<li>Der Beihilfesatz f\u00fcr alle Investitionsprojekte betr\u00e4gt 50 % des bezuschussten Budgets.<\/li>\n<\/ul>\n<p><em>\u00a0<\/em><\/p>\n<p>&nbsp;<\/p>\n<p><strong><u>F\u00d6RDERF\u00c4HIGE AUSGABEN<\/u><\/strong><\/p>\n<table width=\"649\">\n<tbody>\n<tr>\n<td width=\"208\"><strong>Ausgabenkategorie<\/strong><\/td>\n<td width=\"441\"><strong>Unterkategorie der Ausgaben<\/strong><\/td>\n<\/tr>\n<tr>\n<td width=\"208\"><strong>Ausgaben f\u00fcr Ausr\u00fcstung, Transportmittel und Instrumente<\/strong><\/td>\n<td width=\"441\">\u00b7\u00a0\u00a0\u00a0\u00a0\u00a0\u00a0\u00a0\u00a0 Ausr\u00fcstung f\u00fcr Umweltschutz und Energieeinsparung<\/p>\n<p>\u00b7\u00a0\u00a0\u00a0\u00a0\u00a0\u00a0\u00a0\u00a0 Sonstige Ger\u00e4te<\/p>\n<p>\u00b7\u00a0\u00a0\u00a0\u00a0\u00a0\u00a0\u00a0\u00a0 Digitale B\u00fcroger\u00e4te<\/p>\n<p>\u00b7\u00a0\u00a0\u00a0\u00a0\u00a0\u00a0\u00a0\u00a0\u00a0 Produktion und mechanische Ausr\u00fcstung<\/p>\n<p>\u00b7\u00a0\u00a0\u00a0\u00a0\u00a0\u00a0\u00a0\u00a0\u00a0 Elektrische Transportmittel<\/td>\n<\/tr>\n<tr>\n<td width=\"208\"><strong>Ausgaben f\u00fcr Geb\u00e4ude, Grundst\u00fccke, Anlagen und Umwelt<\/strong><\/td>\n<td width=\"441\">\u00b7\u00a0\u00a0\u00a0\u00a0\u00a0\u00a0\u00a0\u00a0\u00a0 Geb\u00e4ude, Einrichtungen und Umgebung<\/td>\n<\/tr>\n<tr>\n<td width=\"208\"><strong>Ausgaben f\u00fcr die Erbringung von Dienstleistungen<\/strong><\/td>\n<td width=\"441\">\u00b7\u00a0\u00a0\u00a0\u00a0\u00a0\u00a0\u00a0\u00a0 Kosten f\u00fcr von externen Beratern erbrachte Beratungsleistungen<\/p>\n<p>\u00b7\u00a0\u00a0\u00a0\u00a0\u00a0\u00a0\u00a0\u00a0 Bereitstellung\/Nutzung von Software im Rahmen von \u201cSoftware as a Service\u201d, \u201cCloud Computing\u201d oder \u00e4hnlichem<\/p>\n<p>\u00b7\u00a0\u00a0\u00a0\u00a0\u00a0\u00a0\u00a0\u00a0 Kosten f\u00fcr die Erbringung von Dienstleistungen f\u00fcr Studien zur Produkt- und\/oder Prozessentwicklung<\/p>\n<p>\u00b7\u00a0\u00a0\u00a0\u00a0\u00a0\u00a0\u00a0\u00a0 Zertifizierung von Dienstleistungen und Verfahren nach nationalen, harmonisierten und anderen europ\u00e4ischen und internationalen Normen<\/p>\n<p>\u00b7\u00a0\u00a0\u00a0\u00a0\u00a0\u00a0\u00a0\u00a0\u00a0 Verpackungsdesign-Dienstleistungen &#8211; Etikettendesign \u2013 Branding<\/p>\n<p>\u00b7\u00a0\u00a0\u00a0\u00a0\u00a0\u00a0\u00a0\u00a0\u00a0 Geistiges Eigentum &#8211; Patente &#8211; Transfer von Know-how<\/td>\n<\/tr>\n<tr>\n<td width=\"208\"><strong>Software-Kosten<\/strong><\/td>\n<td width=\"441\">\u00b7\u00a0\u00a0\u00a0\u00a0\u00a0\u00a0\u00a0\u00a0\u00a0 Software und Lizenzen f\u00fcr Softwareprogramme<\/td>\n<\/tr>\n<tr>\n<td width=\"208\"><strong>Werbung, Verkaufsf\u00f6rderung und Networking<\/strong><\/td>\n<td width=\"441\">\u00b7\u00a0\u00a0\u00a0\u00a0\u00a0\u00a0\u00a0\u00a0\u00a0 Ausgaben f\u00fcr die Teilnahme an Fachmessen<\/p>\n<p>\u00b7\u00a0\u00a0\u00a0\u00a0\u00a0\u00a0\u00a0\u00a0\u00a0 Sonstige Kosten f\u00fcr \u00d6ffentlichkeitsarbeit, Werbung und Vernetzung<\/td>\n<\/tr>\n<tr>\n<td width=\"208\"><strong>Indirekte Kosten<\/strong><\/td>\n<td width=\"441\">\u00b7\u00a0\u00a0\u00a0\u00a0\u00a0\u00a0\u00a0\u00a0\u00a0 Indirekte Kosten<\/td>\n<\/tr>\n<\/tbody>\n<\/table>\n<p><u>Das Datum der Zuschussf\u00e4higkeit der Ausgaben ist das Datum der Ver\u00f6ffentlichung der Aufforderung zur Einreichung von Vorschl\u00e4gen, d.h. der 06\/05\/2025.<\/u><\/p>\n<p>&nbsp;<\/p>\n<p><strong><u>BEWERTUNGSKRITERIEN<\/u><\/strong><\/p>\n<p>Die Bewertungsmethode ist vergleichend mit einer akzeptablen Mindestpunktzahl von 50 Punkten und basiert auf den folgenden Kriterien: \u25aa <em>Verf\u00fcgbares Kapital in Bezug auf das Investitionsprojekt \u25aa Erfahrung des Eigent\u00fcmers oder Partners\/Anteilseigners mit dem h\u00f6chsten Beteiligungsprozentsatz \u25aa Studien des Eigent\u00fcmers oder Partners\/Anteilseigners mit dem h\u00f6chsten Beteiligungsprozentsatz \u25aa Nachweis der Verf\u00fcgbarkeit des Investitionsstandorts.<\/em><\/p>\n<p>&nbsp;<\/p>\n<p><strong><u>\u00d6ffnungstermin f\u00fcr die Einreichung von Bewerbungen:<\/u><\/strong> 20\/05\/2025, 13:00<\/p>\n<p><strong><u>Einsendeschluss f\u00fcr die Bewerbung:<\/u><\/strong> 11\/08\/2025, 15:00<\/p>\n<p>&nbsp;<\/p>\n<p>F\u00fcr weitere Informationen k\u00f6nnen Sie uns telefonisch unter 2108020555 oder per e-mail unter info@hbiconsulting.eu kontaktieren.[\/vc_column_text][\/vc_column][\/vc_row][vc_row disable_element=&#8220;yes&#8220;][vc_column][vc_empty_space height=&#8220;40px&#8220;][vc_column_text css=&#8220;&#8220;]<strong>\u0393\u03b9\u03b1 \u03c0\u03b5\u03c1\u03b9\u03c3\u03c3\u03cc\u03c4\u03b5\u03c1\u03b5\u03c2 \u03c0\u03bb\u03b7\u03c1\u03bf\u03c6\u03bf\u03c1\u03af\u03b5\u03c2 \u03bc\u03c0\u03bf\u03c1\u03b5\u03af\u03c4\u03b5 \u03bd\u03b1 \u03b5\u03c0\u03b9\u03ba\u03bf\u03b9\u03bd\u03c9\u03bd\u03ae\u03c3\u03b5\u03c4\u03b5 \u03bc\u03b1\u03b6\u03af \u03bc\u03b1\u03c2 \u03c4\u03b7\u03bb\u03b5\u03c6\u03c9\u03bd\u03b9\u03ba\u03ce\u03c2 \u03c3\u03c4\u03bf 2108020555 \u03ae \u03c3\u03c5\u03bc\u03c0\u03bb\u03b7\u03c1\u03ce\u03bd\u03bf\u03bd\u03c4\u03b1\u03c2 \u03c4\u03b7\u03bd \u03c0\u03b1\u03c1\u03b1\u03ba\u03ac\u03c4\u03c9 \u03c6\u03cc\u03c1\u03bc\u03b1.<\/strong>[\/vc_column_text][vc_empty_space height=&#8220;40px&#8220;][vc_row_inner content_placement=&#8220;middle&#8220; css=&#8220;.vc_custom_1752573252837{margin-bottom: 120px !important;padding-top: 40px !important;padding-right: 40px !important;padding-bottom: 40px !important;padding-left: 40px !important;background-color: #FDC800 !important;}&#8220; el_class=&#8220;box-shadow&#8220;][vc_column_inner width=&#8220;1\/2&#8243;]<div id=\"ultimate-heading-104269eca2bd8dca1\" class=\"uvc-heading ult-adjust-bottom-margin ultimate-heading-104269eca2bd8dca1 uvc-1671 white medium title\" data-hspacer=\"no_spacer\"  data-halign=\"left\" style=\"text-align:left\"><div class=\"uvc-heading-spacer no_spacer\" style=\"top\"><\/div><div class=\"uvc-sub-heading ult-responsive\"  data-ultimate-target='.uvc-heading.ultimate-heading-104269eca2bd8dca1 .uvc-sub-heading '  data-responsive-json-new='{\"font-size\":\"\",\"line-height\":\"\"}'  style=\"font-weight:normal;\">\u0395\u039d\u0394\u0399\u0391\u03a6\u0395\u03a1\u0395\u03a3\u03a4\u0395 \u0393\u0399\u0391 \u03a0\u0395\u03a1\u0399\u03a3\u03a3\u039f\u03a4\u0395\u03a1\u0395\u03a3<br \/>\n\u03a0\u039b\u0397\u03a1\u039f\u03a6\u039f\u03a1\u0399\u0395\u03a3 \u03a3\u03a7\u0395\u03a4\u0399\u039a\u0391;<\/div><\/div>[\/vc_column_inner][vc_column_inner width=&#8220;1\/2&#8243;]\n<div class=\"wpcf7 no-js\" id=\"wpcf7-f61575-o1\" lang=\"el\" dir=\"ltr\" data-wpcf7-id=\"61575\">\n<div class=\"screen-reader-response\"><p role=\"status\" aria-live=\"polite\" aria-atomic=\"true\"><\/p> <ul><\/ul><\/div>\n<form action=\"\/de\/wp-json\/wp\/v2\/pages\/62069#wpcf7-f61575-o1\" method=\"post\" class=\"wpcf7-form init\" aria-label=\"\u03a6\u03cc\u03c1\u03bc\u03b1 \u03b5\u03c0\u03b9\u03ba\u03bf\u03b9\u03bd\u03c9\u03bd\u03af\u03b1\u03c2\" novalidate=\"novalidate\" data-status=\"init\">\n<fieldset class=\"hidden-fields-container\"><input type=\"hidden\" name=\"_wpcf7\" value=\"61575\" \/><input type=\"hidden\" name=\"_wpcf7_version\" value=\"6.1\" \/><input type=\"hidden\" name=\"_wpcf7_locale\" value=\"el\" \/><input type=\"hidden\" name=\"_wpcf7_unit_tag\" value=\"wpcf7-f61575-o1\" \/><input type=\"hidden\" name=\"_wpcf7_container_post\" value=\"0\" \/><input type=\"hidden\" name=\"_wpcf7_posted_data_hash\" value=\"\" \/>\n<\/fieldset>\n<div class=\"vc_row\">\n\t<div class=\"vc_col-sm-6\">\n\t\t<p><label for=\"namefield\"> \u039f\u03bd\u03bf\u03bc\/\u03bd\u03c5\u03bc\u03bf*<br \/>\n<span class=\"wpcf7-form-control-wrap\" data-name=\"your-name\"><input size=\"40\" maxlength=\"400\" class=\"wpcf7-form-control wpcf7-text wpcf7-validates-as-required\" id=\"namefield\" aria-required=\"true\" aria-invalid=\"false\" value=\"\" type=\"text\" name=\"your-name\" \/><\/span> <\/label>\n\t\t<\/p>\n\t<\/div>\n\t<div class=\"vc_col-sm-6\">\n\t\t<p><label for=\"email\"> Email*<br \/>\n<span class=\"wpcf7-form-control-wrap\" data-name=\"your-email\"><input size=\"40\" maxlength=\"400\" class=\"wpcf7-form-control wpcf7-email wpcf7-validates-as-required wpcf7-text wpcf7-validates-as-email\" id=\"email\" aria-required=\"true\" aria-invalid=\"false\" value=\"\" type=\"email\" name=\"your-email\" \/><\/span> <\/label>\n\t\t<\/p>\n\t<\/div>\n\t<div class=\"vc_col-sm-12\">\n\t\t<p><label for=\"checkbox\" class=\"guide-checkbox-label\">\u03a0\u03bf\u03bb\u03b9\u03c4\u03b9\u03ba\u03ae \u0391\u03c0\u03bf\u03c1\u03c1\u03ae\u03c4\u03bf\u03c5<br \/>\n<span class=\"wpcf7-form-control-wrap\" data-name=\"your-consent\"><span class=\"wpcf7-form-control wpcf7-acceptance\"><span class=\"wpcf7-list-item\"><label><input type=\"checkbox\" name=\"your-consent\" value=\"1\" id=\"checkbox\" aria-invalid=\"false\" \/><span class=\"wpcf7-list-item-label\">\u0395\u03bd\u03b7\u03bc\u03b5\u03c1\u03ce\u03b8\u03b7\u03ba\u03b1 \u03ba\u03b1\u03b9 \u03b1\u03c0\u03bf\u03b4\u03ad\u03c7\u03bf\u03bc\u03b1\u03b9 \u03c4\u03b7\u03bd <a href=\"\/politiki-aporritou\/\">\u03c0\u03bf\u03bb\u03b9\u03c4\u03b9\u03ba\u03ae \u03b1\u03c0\u03bf\u03c1\u03c1\u03ae\u03c4\u03bf\u03c5<\/a> \u03c3\u03c7\u03b5\u03c4\u03b9\u03ba\u03ac \u03bc\u03b5 \u03c4\u03b7\u03bd \u03c3\u03c5\u03bb\u03bb\u03bf\u03b3\u03ae \u03ba\u03b1\u03b9 \u03c7\u03c1\u03ae\u03c3\u03b7 \u03b4\u03b5\u03b4\u03bf\u03bc\u03ad\u03bd\u03c9\u03bd<\/span><\/label><\/span><\/span><\/span><\/label>\n\t\t<\/p>\n\t<\/div>\n\t<div class=\"vc_col-sm-12\">\n\t\t<p><input class=\"wpcf7-form-control wpcf7-submit has-spinner\" type=\"submit\" value=\"\u0391\u03c0\u03bf\u03c3\u03c4\u03bf\u03bb\u03ae\" \/>\n\t\t<\/p>\n\t<\/div>\n<\/div><div class=\"wpcf7-response-output\" aria-hidden=\"true\"><\/div>\n<\/form>\n<\/div>\n[\/vc_column_inner][\/vc_row_inner][\/vc_column][\/vc_row]<\/p>\n<\/div>","protected":false},"excerpt":{"rendered":"<p>[vc_row][vc_column][vc_column_text css=&#8220;&#8220;]Die Aktion zielt darauf ab, das neue Unternehmertum in der Region Zentralmazedonien zu st\u00e4rken und Anreize f\u00fcr die Gr\u00fcndung neuer, technologisch und organisatorisch fortschrittlicher Unternehmen im verarbeitenden Gewerbe und im Fremdenverkehr zu schaffen, die nach au\u00dfen orientiert sind. &nbsp; TEILNAHMEBEDINGUNGEN Ein neu gegr\u00fcndetes oder neues Unternehmen kann die Aktion beantragen, wenn es &#8211; kumulativ&hellip;<\/p>\n","protected":false},"author":4,"featured_media":0,"parent":0,"menu_order":0,"comment_status":"closed","ping_status":"closed","template":"","meta":{"footnotes":""},"class_list":["post-62069","page","type-page","status-publish","hentry","description-off"],"yoast_head":"<!-- This site is optimized with the Yoast SEO plugin v25.5 - https:\/\/yoast.com\/wordpress\/plugins\/seo\/ -->\n<title>\u00abAusgangspunkt f\u00fcr Innovation und Extroversion in der Region Zentralmazedonien\u00bb - HBI<\/title>\n<meta name=\"robots\" content=\"index, follow, max-snippet:-1, max-image-preview:large, max-video-preview:-1\" \/>\n<link rel=\"canonical\" href=\"https:\/\/hbiconsulting.eu\/de\/ausgangspunkt-fuer-innovation-und-extroversion-in-der-region-zentralmazedonien\/\" \/>\n<meta property=\"og:locale\" content=\"de_DE\" \/>\n<meta property=\"og:type\" content=\"article\" \/>\n<meta property=\"og:title\" content=\"\u00abAusgangspunkt f\u00fcr Innovation und Extroversion in der Region Zentralmazedonien\u00bb - HBI\" \/>\n<meta property=\"og:description\" content=\"[vc_row][vc_column][vc_column_text css=&#8220;&#8220;]Die Aktion zielt darauf ab, das neue Unternehmertum in der Region Zentralmazedonien zu st\u00e4rken und Anreize f\u00fcr die Gr\u00fcndung neuer, technologisch und organisatorisch fortschrittlicher Unternehmen im verarbeitenden Gewerbe und im Fremdenverkehr zu schaffen, die nach au\u00dfen orientiert sind. &nbsp; TEILNAHMEBEDINGUNGEN Ein neu gegr\u00fcndetes oder neues Unternehmen kann die Aktion beantragen, wenn es &#8211; kumulativ&hellip;\" \/>\n<meta property=\"og:url\" content=\"https:\/\/hbiconsulting.eu\/de\/ausgangspunkt-fuer-innovation-und-extroversion-in-der-region-zentralmazedonien\/\" \/>\n<meta property=\"og:site_name\" content=\"HBI\" \/>\n<meta property=\"article:publisher\" content=\"https:\/\/www.facebook.com\/harevabusinessideas\/\" \/>\n<meta name=\"twitter:card\" content=\"summary_large_image\" \/>\n<meta name=\"twitter:label1\" content=\"Gesch\u00e4tzte Lesezeit\" \/>\n\t<meta name=\"twitter:data1\" content=\"4\u00a0Minuten\" \/>\n<script type=\"application\/ld+json\" class=\"yoast-schema-graph\">{\"@context\":\"https:\/\/schema.org\",\"@graph\":[{\"@type\":\"WebPage\",\"@id\":\"https:\/\/hbiconsulting.eu\/de\/ausgangspunkt-fuer-innovation-und-extroversion-in-der-region-zentralmazedonien\/\",\"url\":\"https:\/\/hbiconsulting.eu\/de\/ausgangspunkt-fuer-innovation-und-extroversion-in-der-region-zentralmazedonien\/\",\"name\":\"\u00abAusgangspunkt f\u00fcr Innovation und Extroversion in der Region Zentralmazedonien\u00bb - HBI\",\"isPartOf\":{\"@id\":\"https:\/\/hbiconsulting.eu\/de\/#website\"},\"datePublished\":\"2025-10-08T09:41:56+00:00\",\"breadcrumb\":{\"@id\":\"https:\/\/hbiconsulting.eu\/de\/ausgangspunkt-fuer-innovation-und-extroversion-in-der-region-zentralmazedonien\/#breadcrumb\"},\"inLanguage\":\"de\",\"potentialAction\":[{\"@type\":\"ReadAction\",\"target\":[\"https:\/\/hbiconsulting.eu\/de\/ausgangspunkt-fuer-innovation-und-extroversion-in-der-region-zentralmazedonien\/\"]}]},{\"@type\":\"BreadcrumbList\",\"@id\":\"https:\/\/hbiconsulting.eu\/de\/ausgangspunkt-fuer-innovation-und-extroversion-in-der-region-zentralmazedonien\/#breadcrumb\",\"itemListElement\":[{\"@type\":\"ListItem\",\"position\":1,\"name\":\"Home\",\"item\":\"https:\/\/hbiconsulting.eu\/de\/\"},{\"@type\":\"ListItem\",\"position\":2,\"name\":\"\u00abAusgangspunkt f\u00fcr Innovation und Extroversion in der Region Zentralmazedonien\u00bb\"}]},{\"@type\":\"WebSite\",\"@id\":\"https:\/\/hbiconsulting.eu\/de\/#website\",\"url\":\"https:\/\/hbiconsulting.eu\/de\/\",\"name\":\"HBI\",\"description\":\"BUSINESS IDEAS\",\"potentialAction\":[{\"@type\":\"SearchAction\",\"target\":{\"@type\":\"EntryPoint\",\"urlTemplate\":\"https:\/\/hbiconsulting.eu\/de\/?s={search_term_string}\"},\"query-input\":{\"@type\":\"PropertyValueSpecification\",\"valueRequired\":true,\"valueName\":\"search_term_string\"}}],\"inLanguage\":\"de\"}]}<\/script>\n<!-- \/ Yoast SEO plugin. -->","yoast_head_json":{"title":"\u00abAusgangspunkt f\u00fcr Innovation und Extroversion in der Region Zentralmazedonien\u00bb - HBI","robots":{"index":"index","follow":"follow","max-snippet":"max-snippet:-1","max-image-preview":"max-image-preview:large","max-video-preview":"max-video-preview:-1"},"canonical":"https:\/\/hbiconsulting.eu\/de\/ausgangspunkt-fuer-innovation-und-extroversion-in-der-region-zentralmazedonien\/","og_locale":"de_DE","og_type":"article","og_title":"\u00abAusgangspunkt f\u00fcr Innovation und Extroversion in der Region Zentralmazedonien\u00bb - HBI","og_description":"[vc_row][vc_column][vc_column_text css=&#8220;&#8220;]Die Aktion zielt darauf ab, das neue Unternehmertum in der Region Zentralmazedonien zu st\u00e4rken und Anreize f\u00fcr die Gr\u00fcndung neuer, technologisch und organisatorisch fortschrittlicher Unternehmen im verarbeitenden Gewerbe und im Fremdenverkehr zu schaffen, die nach au\u00dfen orientiert sind. &nbsp; TEILNAHMEBEDINGUNGEN Ein neu gegr\u00fcndetes oder neues Unternehmen kann die Aktion beantragen, wenn es &#8211; kumulativ&hellip;","og_url":"https:\/\/hbiconsulting.eu\/de\/ausgangspunkt-fuer-innovation-und-extroversion-in-der-region-zentralmazedonien\/","og_site_name":"HBI","article_publisher":"https:\/\/www.facebook.com\/harevabusinessideas\/","twitter_card":"summary_large_image","twitter_misc":{"Gesch\u00e4tzte Lesezeit":"4\u00a0Minuten"},"schema":{"@context":"https:\/\/schema.org","@graph":[{"@type":"WebPage","@id":"https:\/\/hbiconsulting.eu\/de\/ausgangspunkt-fuer-innovation-und-extroversion-in-der-region-zentralmazedonien\/","url":"https:\/\/hbiconsulting.eu\/de\/ausgangspunkt-fuer-innovation-und-extroversion-in-der-region-zentralmazedonien\/","name":"\u00abAusgangspunkt f\u00fcr Innovation und Extroversion in der Region Zentralmazedonien\u00bb - HBI","isPartOf":{"@id":"https:\/\/hbiconsulting.eu\/de\/#website"},"datePublished":"2025-10-08T09:41:56+00:00","breadcrumb":{"@id":"https:\/\/hbiconsulting.eu\/de\/ausgangspunkt-fuer-innovation-und-extroversion-in-der-region-zentralmazedonien\/#breadcrumb"},"inLanguage":"de","potentialAction":[{"@type":"ReadAction","target":["https:\/\/hbiconsulting.eu\/de\/ausgangspunkt-fuer-innovation-und-extroversion-in-der-region-zentralmazedonien\/"]}]},{"@type":"BreadcrumbList","@id":"https:\/\/hbiconsulting.eu\/de\/ausgangspunkt-fuer-innovation-und-extroversion-in-der-region-zentralmazedonien\/#breadcrumb","itemListElement":[{"@type":"ListItem","position":1,"name":"Home","item":"https:\/\/hbiconsulting.eu\/de\/"},{"@type":"ListItem","position":2,"name":"\u00abAusgangspunkt f\u00fcr Innovation und Extroversion in der Region Zentralmazedonien\u00bb"}]},{"@type":"WebSite","@id":"https:\/\/hbiconsulting.eu\/de\/#website","url":"https:\/\/hbiconsulting.eu\/de\/","name":"HBI","description":"BUSINESS IDEAS","potentialAction":[{"@type":"SearchAction","target":{"@type":"EntryPoint","urlTemplate":"https:\/\/hbiconsulting.eu\/de\/?s={search_term_string}"},"query-input":{"@type":"PropertyValueSpecification","valueRequired":true,"valueName":"search_term_string"}}],"inLanguage":"de"}]}},"_links":{"self":[{"href":"https:\/\/hbiconsulting.eu\/de\/wp-json\/wp\/v2\/pages\/62069","targetHints":{"allow":["GET"]}}],"collection":[{"href":"https:\/\/hbiconsulting.eu\/de\/wp-json\/wp\/v2\/pages"}],"about":[{"href":"https:\/\/hbiconsulting.eu\/de\/wp-json\/wp\/v2\/types\/page"}],"author":[{"embeddable":true,"href":"https:\/\/hbiconsulting.eu\/de\/wp-json\/wp\/v2\/users\/4"}],"replies":[{"embeddable":true,"href":"https:\/\/hbiconsulting.eu\/de\/wp-json\/wp\/v2\/comments?post=62069"}],"version-history":[{"count":1,"href":"https:\/\/hbiconsulting.eu\/de\/wp-json\/wp\/v2\/pages\/62069\/revisions"}],"predecessor-version":[{"id":62070,"href":"https:\/\/hbiconsulting.eu\/de\/wp-json\/wp\/v2\/pages\/62069\/revisions\/62070"}],"wp:attachment":[{"href":"https:\/\/hbiconsulting.eu\/de\/wp-json\/wp\/v2\/media?parent=62069"}],"curies":[{"name":"wp","href":"https:\/\/api.w.org\/{rel}","templated":true}]}}