{"id":62063,"date":"2025-10-08T11:37:48","date_gmt":"2025-10-08T09:37:48","guid":{"rendered":"https:\/\/hbiconsulting.eu\/?page_id=62063"},"modified":"2025-10-08T11:37:48","modified_gmt":"2025-10-08T09:37:48","slug":"staerkung-bestehender-klein-und-kleinstunternehmen-in-der-inselregion-im-rahmen-des-fdt-programms-2021-2027-business-gruen","status":"publish","type":"page","link":"https:\/\/hbiconsulting.eu\/de\/staerkung-bestehender-klein-und-kleinstunternehmen-in-der-inselregion-im-rahmen-des-fdt-programms-2021-2027-business-gruen\/","title":{"rendered":"\u00abSt\u00e4rkung bestehender Klein- und Kleinstunternehmen in der Inselregion im Rahmen des FDT-Programms 2021-2027 (Business Gr\u00fcn)\u00bb"},"content":{"rendered":"<div class=\"wpb-content-wrapper\"><p>[vc_row][vc_column][vc_column_text css=&#8220;&#8220;]Die Ma\u00dfnahme zielt darauf ab, die Wettbewerbsf\u00e4higkeit bestehender kleiner und sehr kleiner Unternehmen auf kleinen Inseln mit bis zu 3.100 Einwohnern zu st\u00e4rken.<\/p>\n<p>&nbsp;<\/p>\n<p><strong>Teilnahmebedingungen und Konditionen<\/strong><\/p>\n<p>Ein Unternehmen kann sich f\u00fcr die Ma\u00dfnahme bewerben, wenn es \u2013 kumulativ \u2013 die folgenden Bedingungen erf\u00fcllt:<\/p>\n<ul>\n<li>Es m\u00fcssen mindestens zwei (2) vollst\u00e4ndige abgeschlossene Gesch\u00e4ftsjahre vor dem Datum der Online-Einreichung des F\u00f6rderantrags vorliegen.<\/li>\n<li>Ein Investitionsprojekt umsetzen, das mindestens einen f\u00f6rderf\u00e4higen SIC betrifft (basierend auf den in der Ausschreibung aufgef\u00fchrten SICs) und in dem das Unternehmen vor dem Datum der Einreichung des F\u00f6rderantrags aktiv sein muss.<\/li>\n<li>Auf dem griechischen Staatsgebiet t\u00e4tig zu sein und ausschlie\u00dflich in eine (1) Einrichtung innerhalb der geografischen Grenzen von Inseln mit einer Einwohnerzahl von bis zu 3.100 Einwohnern zu investieren, gem\u00e4\u00df der letzten Volksz\u00e4hlung des Jahres 2021.Operate legally with the appropriate licensing document.<\/li>\n<li>Im Register der Beg\u00fcnstigten eingetragen sein.<\/li>\n<li>Verpflichtung, bis zum Abschluss des Projekts und je nach Art und Beschaffenheit des Projekts daf\u00fcr zu sorgen, dass geeignete Ma\u00dfnahmen ergriffen werden, um Menschen mit Behinderungen den Zugang zu den Geb\u00e4uden, Dienstleistungen und elektronischen Umgebungen des Unternehmens zu gew\u00e4hrleisten.<\/li>\n<li>Nachweis \u00fcber die Verf\u00fcgbarkeit von Mitteln in H\u00f6he von mindestens 30 % des Gesamtbudgets des Investitionsplans.<\/li>\n<li>Der Antrag auf F\u00f6rderung muss mindestens 30 % Ausgaben enthalten, die sich auf die Unterkategorien beziehen, die als Beitrag zum Umweltschutz und zur Energieeinsparung identifiziert wurden (gr\u00fcne Technologiel\u00f6sungen).<\/li>\n<li>Verpflichten Sie sich zu einer Erh\u00f6hung der Besch\u00e4ftigung w\u00e4hrend der Umsetzung der Investition, die bei einer Aufrechterhaltung \u00fcber ein Jahr zu einer Steigerung der Besch\u00e4ftigung um mindestens eine halbe (0,5) Einheit (im Vergleich zur Besch\u00e4ftigung im Jahr 2024) f\u00fchren wird. Verpflichten Sie sich dar\u00fcber hinaus, die Steigerung nach Abschluss der Investition f\u00fcr mindestens ein Jahr aufrechtzuerhalten.<\/li>\n<li>Der Investitionsplan sollte nicht die Erh\u00f6hung der Kapazit\u00e4t von Beherbergungsbetrieben zum Gegenstand haben.<\/li>\n<\/ul>\n<p>&nbsp;<\/p>\n<p><strong>Budget und H\u00f6he der Beihilfe<\/strong><\/p>\n<p>Das Budget der Ma\u00dfnahme bel\u00e4uft sich auf 20.000.000,00 \u20ac und die Beihilferegelung ist die Verordnung (EU) Nr. 2023\/2831 der Europ\u00e4ischen Kommission vom 13.12.2023 (De-minimis-Regelung).<\/p>\n<p>&nbsp;<\/p>\n<p>Das Mindestf\u00f6rderbudget betr\u00e4gt 20.000,00 \u20ac und das H\u00f6chstf\u00f6rderbudget 150.000,00 \u20ac, wobei sich der proportionale F\u00f6rderanteil auf 70 % der f\u00f6rderf\u00e4higen Kosten bel\u00e4uft.<\/p>\n<p><strong>\u00a0<\/strong><\/p>\n<p>Die Dauer der Projektdurchf\u00fchrung betr\u00e4gt achtzehn (18) Monate ab dem Datum der Ver\u00f6ffentlichung der Entscheidung \u00fcber die Aufnahme jedes Projekts.<\/p>\n<p>&nbsp;<\/p>\n<p><strong>F\u00f6rderf\u00e4hige Ausgaben<\/strong><\/p>\n<table width=\"634\">\n<tbody>\n<tr>\n<td width=\"160\"><strong>Ausgabenkategorie<\/strong><\/td>\n<td width=\"474\"><strong>Unterkategorie der Ausgaben<\/strong><\/td>\n<\/tr>\n<tr>\n<td rowspan=\"8\" width=\"160\"><strong>Ausgaben f\u00fcr Ausr\u00fcstung, Fahrzeuge und Instrumente<\/strong><\/td>\n<td width=\"474\">Fertigung und mechanische Ausr\u00fcstung<\/td>\n<\/tr>\n<tr>\n<td width=\"474\">Automatisierungssysteme und spezifische Computersysteme<\/td>\n<\/tr>\n<tr>\n<td width=\"474\">Digitale B\u00fcroausstattung<\/td>\n<\/tr>\n<tr>\n<td width=\"474\">Sonstige Gesch\u00e4ftsausstattung<\/td>\n<\/tr>\n<tr>\n<td width=\"474\"><strong>Ausr\u00fcstung f\u00fcr Umweltschutz und Energieeinsparung*<\/strong><\/td>\n<\/tr>\n<tr>\n<td width=\"474\"><strong>Ausr\u00fcstung f\u00fcr die Kreislaufwirtschaft*<\/strong><\/td>\n<\/tr>\n<tr>\n<td width=\"474\"><strong>Ausr\u00fcstung f\u00fcr die Installation von Photovoltaikanlagen und Speichersystemen zur Stromerzeugung und Eigenproduktion*<\/strong><\/td>\n<\/tr>\n<tr>\n<td width=\"474\"><strong>Elektrische Verkehrsmittel*<\/strong><\/td>\n<\/tr>\n<tr>\n<td rowspan=\"2\" width=\"160\"><strong>Ausgaben f\u00fcr Geb\u00e4ude, Grundst\u00fccke, Einrichtungen und Au\u00dfenanlagen<\/strong><\/td>\n<td width=\"474\"><strong>Ma\u00dfnahmen zum Schutz der Umwelt, Energie, Wasser und Abwasserbehandlung*<\/strong><\/td>\n<\/tr>\n<tr>\n<td width=\"474\">Geb\u00e4ude, Einrichtungen und Umgebung<\/td>\n<\/tr>\n<tr>\n<td rowspan=\"6\" width=\"160\"><strong>Ausgaben f\u00fcr Dienstleistungen<\/strong><\/td>\n<td width=\"474\">Beratende Unterst\u00fctzung bei der \u00dcberwachung der Umsetzung des Investitionsplans<\/td>\n<\/tr>\n<tr>\n<td width=\"474\">Zertifizierung und Konformit\u00e4t von Produkten gem\u00e4\u00df nationalen, harmonisierten und optionalen Normen europ\u00e4ischer L\u00e4nder und\/oder L\u00e4nder au\u00dferhalb der EU<\/td>\n<\/tr>\n<tr>\n<td width=\"474\">Zertifizierung von Dienstleistungen und Verfahren gem\u00e4\u00df nationalen, harmonisierten und anderen europ\u00e4ischen und internationalen Normen<\/td>\n<\/tr>\n<tr>\n<td width=\"474\">Werbe- und Verkaufsf\u00f6rderungsausgaben<\/td>\n<\/tr>\n<tr>\n<td width=\"474\">Teilnahme an Messen<\/td>\n<\/tr>\n<tr>\n<td width=\"474\">Technische Studien, die zwangsl\u00e4ufig mit den Kosten des Investitionsvorhabens verbunden sind<\/td>\n<\/tr>\n<tr>\n<td width=\"160\"><strong>Indirekte Kosten<\/strong><\/td>\n<td width=\"474\">Indirekte Kosten<\/td>\n<\/tr>\n<\/tbody>\n<\/table>\n<p><strong><u>*Die Umsetzung der Ausgaben f\u00fcr den Umweltschutz und die Energieeinsparung sollte mindestens 30 % betragen.<\/u><\/strong><\/p>\n<p>&nbsp;<\/p>\n<p><u>Der Beginn der F\u00f6rderf\u00e4higkeit der Ausgaben ist das Datum der Ver\u00f6ffentlichung der Aufforderung, d. h. der 26\/03\/2025.<\/u><\/p>\n<p>&nbsp;<\/p>\n<p><strong>Beginn der Einreichungsfrist f\u00fcr die Bewerbungen: 30\/04\/2025, 13:00<\/strong><\/p>\n<p><strong>Einsendeschluss f\u00fcr die Einreichung der Bewerbungen: <\/strong><strong>19<\/strong><strong>\/0<\/strong><strong>9<\/strong><strong>\/2025, 15:00<\/strong><\/p>\n<p><strong>\u00a0<\/strong><\/p>\n<p>F\u00fcr weitere Informationen k\u00f6nnen Sie uns unter der Nummer 2108020555 anrufen oder eine e-mail an <a href=\"mailto:info@hbiconsulting.eu\">info@hbiconsulting.eu<\/a> senden.[\/vc_column_text][\/vc_column][\/vc_row][vc_row disable_element=&#8220;yes&#8220;][vc_column][vc_empty_space height=&#8220;40px&#8220;][vc_column_text css=&#8220;&#8220;]<strong>\u0393\u03b9\u03b1 \u03c0\u03b5\u03c1\u03b9\u03c3\u03c3\u03cc\u03c4\u03b5\u03c1\u03b5\u03c2 \u03c0\u03bb\u03b7\u03c1\u03bf\u03c6\u03bf\u03c1\u03af\u03b5\u03c2 \u03bc\u03c0\u03bf\u03c1\u03b5\u03af\u03c4\u03b5 \u03bd\u03b1 \u03b5\u03c0\u03b9\u03ba\u03bf\u03b9\u03bd\u03c9\u03bd\u03ae\u03c3\u03b5\u03c4\u03b5 \u03bc\u03b1\u03b6\u03af \u03bc\u03b1\u03c2 \u03c4\u03b7\u03bb\u03b5\u03c6\u03c9\u03bd\u03b9\u03ba\u03ce\u03c2 \u03c3\u03c4\u03bf 2108020555 \u03ae \u03c3\u03c5\u03bc\u03c0\u03bb\u03b7\u03c1\u03ce\u03bd\u03bf\u03bd\u03c4\u03b1\u03c2 \u03c4\u03b7\u03bd \u03c0\u03b1\u03c1\u03b1\u03ba\u03ac\u03c4\u03c9 \u03c6\u03cc\u03c1\u03bc\u03b1.<\/strong>[\/vc_column_text][vc_empty_space height=&#8220;40px&#8220;][vc_row_inner content_placement=&#8220;middle&#8220; css=&#8220;.vc_custom_1752573252837{margin-bottom: 120px !important;padding-top: 40px !important;padding-right: 40px !important;padding-bottom: 40px !important;padding-left: 40px !important;background-color: #FDC800 !important;}&#8220; el_class=&#8220;box-shadow&#8220;][vc_column_inner width=&#8220;1\/2&#8243;]<div id=\"ultimate-heading-827269eca28033fa7\" class=\"uvc-heading ult-adjust-bottom-margin ultimate-heading-827269eca28033fa7 uvc-3913 white medium title\" data-hspacer=\"no_spacer\"  data-halign=\"left\" style=\"text-align:left\"><div class=\"uvc-heading-spacer no_spacer\" style=\"top\"><\/div><div class=\"uvc-sub-heading ult-responsive\"  data-ultimate-target='.uvc-heading.ultimate-heading-827269eca28033fa7 .uvc-sub-heading '  data-responsive-json-new='{\"font-size\":\"\",\"line-height\":\"\"}'  style=\"font-weight:normal;\">\u0395\u039d\u0394\u0399\u0391\u03a6\u0395\u03a1\u0395\u03a3\u03a4\u0395 \u0393\u0399\u0391 \u03a0\u0395\u03a1\u0399\u03a3\u03a3\u039f\u03a4\u0395\u03a1\u0395\u03a3<br \/>\n\u03a0\u039b\u0397\u03a1\u039f\u03a6\u039f\u03a1\u0399\u0395\u03a3 \u03a3\u03a7\u0395\u03a4\u0399\u039a\u0391;<\/div><\/div>[\/vc_column_inner][vc_column_inner width=&#8220;1\/2&#8243;]\n<div class=\"wpcf7 no-js\" id=\"wpcf7-f61575-o1\" lang=\"el\" dir=\"ltr\" data-wpcf7-id=\"61575\">\n<div class=\"screen-reader-response\"><p role=\"status\" aria-live=\"polite\" aria-atomic=\"true\"><\/p> <ul><\/ul><\/div>\n<form action=\"\/de\/wp-json\/wp\/v2\/pages\/62063#wpcf7-f61575-o1\" method=\"post\" class=\"wpcf7-form init\" aria-label=\"\u03a6\u03cc\u03c1\u03bc\u03b1 \u03b5\u03c0\u03b9\u03ba\u03bf\u03b9\u03bd\u03c9\u03bd\u03af\u03b1\u03c2\" novalidate=\"novalidate\" data-status=\"init\">\n<fieldset class=\"hidden-fields-container\"><input type=\"hidden\" name=\"_wpcf7\" value=\"61575\" \/><input type=\"hidden\" name=\"_wpcf7_version\" value=\"6.1\" \/><input type=\"hidden\" name=\"_wpcf7_locale\" value=\"el\" \/><input type=\"hidden\" name=\"_wpcf7_unit_tag\" value=\"wpcf7-f61575-o1\" \/><input type=\"hidden\" name=\"_wpcf7_container_post\" value=\"0\" \/><input type=\"hidden\" name=\"_wpcf7_posted_data_hash\" value=\"\" \/>\n<\/fieldset>\n<div class=\"vc_row\">\n\t<div class=\"vc_col-sm-6\">\n\t\t<p><label for=\"namefield\"> \u039f\u03bd\u03bf\u03bc\/\u03bd\u03c5\u03bc\u03bf*<br \/>\n<span class=\"wpcf7-form-control-wrap\" data-name=\"your-name\"><input size=\"40\" maxlength=\"400\" class=\"wpcf7-form-control wpcf7-text wpcf7-validates-as-required\" id=\"namefield\" aria-required=\"true\" aria-invalid=\"false\" value=\"\" type=\"text\" name=\"your-name\" \/><\/span> <\/label>\n\t\t<\/p>\n\t<\/div>\n\t<div class=\"vc_col-sm-6\">\n\t\t<p><label for=\"email\"> Email*<br \/>\n<span class=\"wpcf7-form-control-wrap\" data-name=\"your-email\"><input size=\"40\" maxlength=\"400\" class=\"wpcf7-form-control wpcf7-email wpcf7-validates-as-required wpcf7-text wpcf7-validates-as-email\" id=\"email\" aria-required=\"true\" aria-invalid=\"false\" value=\"\" type=\"email\" name=\"your-email\" \/><\/span> <\/label>\n\t\t<\/p>\n\t<\/div>\n\t<div class=\"vc_col-sm-12\">\n\t\t<p><label for=\"checkbox\" class=\"guide-checkbox-label\">\u03a0\u03bf\u03bb\u03b9\u03c4\u03b9\u03ba\u03ae \u0391\u03c0\u03bf\u03c1\u03c1\u03ae\u03c4\u03bf\u03c5<br \/>\n<span class=\"wpcf7-form-control-wrap\" data-name=\"your-consent\"><span class=\"wpcf7-form-control wpcf7-acceptance\"><span class=\"wpcf7-list-item\"><label><input type=\"checkbox\" name=\"your-consent\" value=\"1\" id=\"checkbox\" aria-invalid=\"false\" \/><span class=\"wpcf7-list-item-label\">\u0395\u03bd\u03b7\u03bc\u03b5\u03c1\u03ce\u03b8\u03b7\u03ba\u03b1 \u03ba\u03b1\u03b9 \u03b1\u03c0\u03bf\u03b4\u03ad\u03c7\u03bf\u03bc\u03b1\u03b9 \u03c4\u03b7\u03bd <a href=\"\/politiki-aporritou\/\">\u03c0\u03bf\u03bb\u03b9\u03c4\u03b9\u03ba\u03ae \u03b1\u03c0\u03bf\u03c1\u03c1\u03ae\u03c4\u03bf\u03c5<\/a> \u03c3\u03c7\u03b5\u03c4\u03b9\u03ba\u03ac \u03bc\u03b5 \u03c4\u03b7\u03bd \u03c3\u03c5\u03bb\u03bb\u03bf\u03b3\u03ae \u03ba\u03b1\u03b9 \u03c7\u03c1\u03ae\u03c3\u03b7 \u03b4\u03b5\u03b4\u03bf\u03bc\u03ad\u03bd\u03c9\u03bd<\/span><\/label><\/span><\/span><\/span><\/label>\n\t\t<\/p>\n\t<\/div>\n\t<div class=\"vc_col-sm-12\">\n\t\t<p><input class=\"wpcf7-form-control wpcf7-submit has-spinner\" type=\"submit\" value=\"\u0391\u03c0\u03bf\u03c3\u03c4\u03bf\u03bb\u03ae\" \/>\n\t\t<\/p>\n\t<\/div>\n<\/div><div class=\"wpcf7-response-output\" aria-hidden=\"true\"><\/div>\n<\/form>\n<\/div>\n[\/vc_column_inner][\/vc_row_inner][\/vc_column][\/vc_row]<\/p>\n<\/div>","protected":false},"excerpt":{"rendered":"<p>[vc_row][vc_column][vc_column_text css=&#8220;&#8220;]Die Ma\u00dfnahme zielt darauf ab, die Wettbewerbsf\u00e4higkeit bestehender kleiner und sehr kleiner Unternehmen auf kleinen Inseln mit bis zu 3.100 Einwohnern zu st\u00e4rken. &nbsp; Teilnahmebedingungen und Konditionen Ein Unternehmen kann sich f\u00fcr die Ma\u00dfnahme bewerben, wenn es \u2013 kumulativ \u2013 die folgenden Bedingungen erf\u00fcllt: Es m\u00fcssen mindestens zwei (2) vollst\u00e4ndige abgeschlossene Gesch\u00e4ftsjahre vor dem&hellip;<\/p>\n","protected":false},"author":4,"featured_media":0,"parent":0,"menu_order":0,"comment_status":"closed","ping_status":"closed","template":"","meta":{"footnotes":""},"class_list":["post-62063","page","type-page","status-publish","hentry","description-off"],"yoast_head":"<!-- This site is optimized with the Yoast SEO plugin v25.5 - https:\/\/yoast.com\/wordpress\/plugins\/seo\/ -->\n<title>\u00abSt\u00e4rkung bestehender Klein- und Kleinstunternehmen in der Inselregion im Rahmen des FDT-Programms 2021-2027 (Business Gr\u00fcn)\u00bb - HBI<\/title>\n<meta name=\"robots\" content=\"index, follow, max-snippet:-1, max-image-preview:large, max-video-preview:-1\" \/>\n<link rel=\"canonical\" href=\"https:\/\/hbiconsulting.eu\/de\/staerkung-bestehender-klein-und-kleinstunternehmen-in-der-inselregion-im-rahmen-des-fdt-programms-2021-2027-business-gruen\/\" \/>\n<meta property=\"og:locale\" content=\"de_DE\" \/>\n<meta property=\"og:type\" content=\"article\" \/>\n<meta property=\"og:title\" content=\"\u00abSt\u00e4rkung bestehender Klein- und Kleinstunternehmen in der Inselregion im Rahmen des FDT-Programms 2021-2027 (Business Gr\u00fcn)\u00bb - HBI\" \/>\n<meta property=\"og:description\" content=\"[vc_row][vc_column][vc_column_text css=&#8220;&#8220;]Die Ma\u00dfnahme zielt darauf ab, die Wettbewerbsf\u00e4higkeit bestehender kleiner und sehr kleiner Unternehmen auf kleinen Inseln mit bis zu 3.100 Einwohnern zu st\u00e4rken. &nbsp; Teilnahmebedingungen und Konditionen Ein Unternehmen kann sich f\u00fcr die Ma\u00dfnahme bewerben, wenn es \u2013 kumulativ \u2013 die folgenden Bedingungen erf\u00fcllt: Es m\u00fcssen mindestens zwei (2) vollst\u00e4ndige abgeschlossene Gesch\u00e4ftsjahre vor dem&hellip;\" \/>\n<meta property=\"og:url\" content=\"https:\/\/hbiconsulting.eu\/de\/staerkung-bestehender-klein-und-kleinstunternehmen-in-der-inselregion-im-rahmen-des-fdt-programms-2021-2027-business-gruen\/\" \/>\n<meta property=\"og:site_name\" content=\"HBI\" \/>\n<meta property=\"article:publisher\" content=\"https:\/\/www.facebook.com\/harevabusinessideas\/\" \/>\n<meta name=\"twitter:card\" content=\"summary_large_image\" \/>\n<meta name=\"twitter:label1\" content=\"Gesch\u00e4tzte Lesezeit\" \/>\n\t<meta name=\"twitter:data1\" content=\"4\u00a0Minuten\" \/>\n<script type=\"application\/ld+json\" class=\"yoast-schema-graph\">{\"@context\":\"https:\/\/schema.org\",\"@graph\":[{\"@type\":\"WebPage\",\"@id\":\"https:\/\/hbiconsulting.eu\/de\/staerkung-bestehender-klein-und-kleinstunternehmen-in-der-inselregion-im-rahmen-des-fdt-programms-2021-2027-business-gruen\/\",\"url\":\"https:\/\/hbiconsulting.eu\/de\/staerkung-bestehender-klein-und-kleinstunternehmen-in-der-inselregion-im-rahmen-des-fdt-programms-2021-2027-business-gruen\/\",\"name\":\"\u00abSt\u00e4rkung bestehender Klein- und Kleinstunternehmen in der Inselregion im Rahmen des FDT-Programms 2021-2027 (Business Gr\u00fcn)\u00bb - HBI\",\"isPartOf\":{\"@id\":\"https:\/\/hbiconsulting.eu\/de\/#website\"},\"datePublished\":\"2025-10-08T09:37:48+00:00\",\"breadcrumb\":{\"@id\":\"https:\/\/hbiconsulting.eu\/de\/staerkung-bestehender-klein-und-kleinstunternehmen-in-der-inselregion-im-rahmen-des-fdt-programms-2021-2027-business-gruen\/#breadcrumb\"},\"inLanguage\":\"de\",\"potentialAction\":[{\"@type\":\"ReadAction\",\"target\":[\"https:\/\/hbiconsulting.eu\/de\/staerkung-bestehender-klein-und-kleinstunternehmen-in-der-inselregion-im-rahmen-des-fdt-programms-2021-2027-business-gruen\/\"]}]},{\"@type\":\"BreadcrumbList\",\"@id\":\"https:\/\/hbiconsulting.eu\/de\/staerkung-bestehender-klein-und-kleinstunternehmen-in-der-inselregion-im-rahmen-des-fdt-programms-2021-2027-business-gruen\/#breadcrumb\",\"itemListElement\":[{\"@type\":\"ListItem\",\"position\":1,\"name\":\"Home\",\"item\":\"https:\/\/hbiconsulting.eu\/de\/\"},{\"@type\":\"ListItem\",\"position\":2,\"name\":\"\u00abSt\u00e4rkung bestehender Klein- und Kleinstunternehmen in der Inselregion im Rahmen des FDT-Programms 2021-2027 (Business Gr\u00fcn)\u00bb\"}]},{\"@type\":\"WebSite\",\"@id\":\"https:\/\/hbiconsulting.eu\/de\/#website\",\"url\":\"https:\/\/hbiconsulting.eu\/de\/\",\"name\":\"HBI\",\"description\":\"BUSINESS IDEAS\",\"potentialAction\":[{\"@type\":\"SearchAction\",\"target\":{\"@type\":\"EntryPoint\",\"urlTemplate\":\"https:\/\/hbiconsulting.eu\/de\/?s={search_term_string}\"},\"query-input\":{\"@type\":\"PropertyValueSpecification\",\"valueRequired\":true,\"valueName\":\"search_term_string\"}}],\"inLanguage\":\"de\"}]}<\/script>\n<!-- \/ Yoast SEO plugin. -->","yoast_head_json":{"title":"\u00abSt\u00e4rkung bestehender Klein- und Kleinstunternehmen in der Inselregion im Rahmen des FDT-Programms 2021-2027 (Business Gr\u00fcn)\u00bb - HBI","robots":{"index":"index","follow":"follow","max-snippet":"max-snippet:-1","max-image-preview":"max-image-preview:large","max-video-preview":"max-video-preview:-1"},"canonical":"https:\/\/hbiconsulting.eu\/de\/staerkung-bestehender-klein-und-kleinstunternehmen-in-der-inselregion-im-rahmen-des-fdt-programms-2021-2027-business-gruen\/","og_locale":"de_DE","og_type":"article","og_title":"\u00abSt\u00e4rkung bestehender Klein- und Kleinstunternehmen in der Inselregion im Rahmen des FDT-Programms 2021-2027 (Business Gr\u00fcn)\u00bb - HBI","og_description":"[vc_row][vc_column][vc_column_text css=&#8220;&#8220;]Die Ma\u00dfnahme zielt darauf ab, die Wettbewerbsf\u00e4higkeit bestehender kleiner und sehr kleiner Unternehmen auf kleinen Inseln mit bis zu 3.100 Einwohnern zu st\u00e4rken. &nbsp; Teilnahmebedingungen und Konditionen Ein Unternehmen kann sich f\u00fcr die Ma\u00dfnahme bewerben, wenn es \u2013 kumulativ \u2013 die folgenden Bedingungen erf\u00fcllt: Es m\u00fcssen mindestens zwei (2) vollst\u00e4ndige abgeschlossene Gesch\u00e4ftsjahre vor dem&hellip;","og_url":"https:\/\/hbiconsulting.eu\/de\/staerkung-bestehender-klein-und-kleinstunternehmen-in-der-inselregion-im-rahmen-des-fdt-programms-2021-2027-business-gruen\/","og_site_name":"HBI","article_publisher":"https:\/\/www.facebook.com\/harevabusinessideas\/","twitter_card":"summary_large_image","twitter_misc":{"Gesch\u00e4tzte Lesezeit":"4\u00a0Minuten"},"schema":{"@context":"https:\/\/schema.org","@graph":[{"@type":"WebPage","@id":"https:\/\/hbiconsulting.eu\/de\/staerkung-bestehender-klein-und-kleinstunternehmen-in-der-inselregion-im-rahmen-des-fdt-programms-2021-2027-business-gruen\/","url":"https:\/\/hbiconsulting.eu\/de\/staerkung-bestehender-klein-und-kleinstunternehmen-in-der-inselregion-im-rahmen-des-fdt-programms-2021-2027-business-gruen\/","name":"\u00abSt\u00e4rkung bestehender Klein- und Kleinstunternehmen in der Inselregion im Rahmen des FDT-Programms 2021-2027 (Business Gr\u00fcn)\u00bb - HBI","isPartOf":{"@id":"https:\/\/hbiconsulting.eu\/de\/#website"},"datePublished":"2025-10-08T09:37:48+00:00","breadcrumb":{"@id":"https:\/\/hbiconsulting.eu\/de\/staerkung-bestehender-klein-und-kleinstunternehmen-in-der-inselregion-im-rahmen-des-fdt-programms-2021-2027-business-gruen\/#breadcrumb"},"inLanguage":"de","potentialAction":[{"@type":"ReadAction","target":["https:\/\/hbiconsulting.eu\/de\/staerkung-bestehender-klein-und-kleinstunternehmen-in-der-inselregion-im-rahmen-des-fdt-programms-2021-2027-business-gruen\/"]}]},{"@type":"BreadcrumbList","@id":"https:\/\/hbiconsulting.eu\/de\/staerkung-bestehender-klein-und-kleinstunternehmen-in-der-inselregion-im-rahmen-des-fdt-programms-2021-2027-business-gruen\/#breadcrumb","itemListElement":[{"@type":"ListItem","position":1,"name":"Home","item":"https:\/\/hbiconsulting.eu\/de\/"},{"@type":"ListItem","position":2,"name":"\u00abSt\u00e4rkung bestehender Klein- und Kleinstunternehmen in der Inselregion im Rahmen des FDT-Programms 2021-2027 (Business Gr\u00fcn)\u00bb"}]},{"@type":"WebSite","@id":"https:\/\/hbiconsulting.eu\/de\/#website","url":"https:\/\/hbiconsulting.eu\/de\/","name":"HBI","description":"BUSINESS IDEAS","potentialAction":[{"@type":"SearchAction","target":{"@type":"EntryPoint","urlTemplate":"https:\/\/hbiconsulting.eu\/de\/?s={search_term_string}"},"query-input":{"@type":"PropertyValueSpecification","valueRequired":true,"valueName":"search_term_string"}}],"inLanguage":"de"}]}},"_links":{"self":[{"href":"https:\/\/hbiconsulting.eu\/de\/wp-json\/wp\/v2\/pages\/62063","targetHints":{"allow":["GET"]}}],"collection":[{"href":"https:\/\/hbiconsulting.eu\/de\/wp-json\/wp\/v2\/pages"}],"about":[{"href":"https:\/\/hbiconsulting.eu\/de\/wp-json\/wp\/v2\/types\/page"}],"author":[{"embeddable":true,"href":"https:\/\/hbiconsulting.eu\/de\/wp-json\/wp\/v2\/users\/4"}],"replies":[{"embeddable":true,"href":"https:\/\/hbiconsulting.eu\/de\/wp-json\/wp\/v2\/comments?post=62063"}],"version-history":[{"count":1,"href":"https:\/\/hbiconsulting.eu\/de\/wp-json\/wp\/v2\/pages\/62063\/revisions"}],"predecessor-version":[{"id":62067,"href":"https:\/\/hbiconsulting.eu\/de\/wp-json\/wp\/v2\/pages\/62063\/revisions\/62067"}],"wp:attachment":[{"href":"https:\/\/hbiconsulting.eu\/de\/wp-json\/wp\/v2\/media?parent=62063"}],"curies":[{"name":"wp","href":"https:\/\/api.w.org\/{rel}","templated":true}]}}