{"id":61837,"date":"2020-09-08T20:54:42","date_gmt":"2020-09-08T18:54:42","guid":{"rendered":"https:\/\/hbiconsulting.eu\/gdpr\/"},"modified":"2025-07-22T23:21:57","modified_gmt":"2025-07-22T21:21:57","slug":"gdpr","status":"publish","type":"page","link":"https:\/\/hbiconsulting.eu\/de\/gdpr\/","title":{"rendered":"GDPR"},"content":{"rendered":"<div class=\"wpb-content-wrapper\"><p>[vc_row][vc_column][vc_empty_space height=&#8220;50px&#8220;][\/vc_column][\/vc_row][vc_row][vc_column][vc_column_text css=&#8220;&#8220;]Die Datenschutz-Grundverordnung (DSGVO) ist ein Gesetz der Europ\u00e4ischen Union zum Schutz personenbezogener Daten und gilt seit dem 25. Mai 2018. Zweck der Datenschutz-Grundverordnung ist die Schaffung eines einheitlichen rechtlichen Rahmens f\u00fcr die Verarbeitung personenbezogener Daten in allen Mitgliedstaaten der Europ\u00e4ischen Union, indem sie Regeln zum Schutz nat\u00fcrlicher Personen sowie zur freien Bewegung ihrer personenbezogenen Daten festlegt. Die Allgemeine Datenschutzverordnung gilt f\u00fcr alle (privaten und \u00f6ffentlichen) Organisationen, die personenbezogene Daten speichern und\/oder verarbeiten.<\/p>\n<p>Unsere Dienstleistungen:<\/p>\n<ul>\n<li><strong>Diagnose des Ist-Zustands \u2013 Gap-Analyse.<\/strong><\/li>\n<li><strong>Datenabbildung (Datenabbildung, Datenfluss)<\/strong><\/li>\n<li><strong>Durchf\u00fchrung einer Datenschutz-Folgenabsch\u00e4tzung (Data Protection Impact Assessment \u2013 DPIA)<\/strong><\/li>\n<li><strong>Entwicklung von Richtlinien und Verfahren, die die Einhaltung der Anforderungen der Verordnung dokumentieren.<\/strong><\/li>\n<li><strong>Vorbereitung des Unternehmens auf die Zertifizierung nach internationalen Normen wie ISO 27701.<\/strong><\/li>\n<\/ul>\n<p>[\/vc_column_text][\/vc_column][\/vc_row][vc_row][vc_column][vc_empty_space height=&#8220;50px&#8220;][\/vc_column][\/vc_row]<\/p>\n<\/div>","protected":false},"excerpt":{"rendered":"<p>[vc_row][vc_column][vc_empty_space height=&#8220;50px&#8220;][\/vc_column][\/vc_row][vc_row][vc_column][vc_column_text css=&#8220;&#8220;]Die Datenschutz-Grundverordnung (DSGVO) ist ein Gesetz der Europ\u00e4ischen Union zum Schutz personenbezogener Daten und gilt seit dem 25. Mai 2018. Zweck der Datenschutz-Grundverordnung ist die Schaffung eines einheitlichen rechtlichen Rahmens f\u00fcr die Verarbeitung personenbezogener Daten in allen Mitgliedstaaten der Europ\u00e4ischen Union, indem sie Regeln zum Schutz nat\u00fcrlicher Personen sowie zur freien Bewegung ihrer&hellip;<\/p>\n","protected":false},"author":2,"featured_media":0,"parent":0,"menu_order":260,"comment_status":"closed","ping_status":"closed","template":"","meta":{"footnotes":""},"class_list":["post-61837","page","type-page","status-publish","hentry","description-off"],"yoast_head":"<!-- This site is optimized with the Yoast SEO plugin v25.5 - https:\/\/yoast.com\/wordpress\/plugins\/seo\/ -->\n<title>GDPR - HBI<\/title>\n<meta name=\"robots\" content=\"index, follow, max-snippet:-1, max-image-preview:large, max-video-preview:-1\" \/>\n<link rel=\"canonical\" href=\"https:\/\/hbiconsulting.eu\/de\/gdpr\/\" \/>\n<meta property=\"og:locale\" content=\"de_DE\" \/>\n<meta property=\"og:type\" content=\"article\" \/>\n<meta property=\"og:title\" content=\"GDPR - HBI\" \/>\n<meta property=\"og:description\" content=\"[vc_row][vc_column][vc_empty_space height=&#8220;50px&#8220;][\/vc_column][\/vc_row][vc_row][vc_column][vc_column_text css=&#8220;&#8220;]Die Datenschutz-Grundverordnung (DSGVO) ist ein Gesetz der Europ\u00e4ischen Union zum Schutz personenbezogener Daten und gilt seit dem 25. Mai 2018. Zweck der Datenschutz-Grundverordnung ist die Schaffung eines einheitlichen rechtlichen Rahmens f\u00fcr die Verarbeitung personenbezogener Daten in allen Mitgliedstaaten der Europ\u00e4ischen Union, indem sie Regeln zum Schutz nat\u00fcrlicher Personen sowie zur freien Bewegung ihrer&hellip;\" \/>\n<meta property=\"og:url\" content=\"https:\/\/hbiconsulting.eu\/de\/gdpr\/\" \/>\n<meta property=\"og:site_name\" content=\"HBI\" \/>\n<meta property=\"article:publisher\" content=\"https:\/\/www.facebook.com\/harevabusinessideas\/\" \/>\n<meta property=\"article:modified_time\" content=\"2025-07-22T21:21:57+00:00\" \/>\n<meta name=\"twitter:card\" content=\"summary_large_image\" \/>\n<meta name=\"twitter:label1\" content=\"Gesch\u00e4tzte Lesezeit\" \/>\n\t<meta name=\"twitter:data1\" content=\"1\u00a0Minute\" \/>\n<script type=\"application\/ld+json\" class=\"yoast-schema-graph\">{\"@context\":\"https:\/\/schema.org\",\"@graph\":[{\"@type\":\"WebPage\",\"@id\":\"https:\/\/hbiconsulting.eu\/de\/gdpr\/\",\"url\":\"https:\/\/hbiconsulting.eu\/de\/gdpr\/\",\"name\":\"GDPR - HBI\",\"isPartOf\":{\"@id\":\"https:\/\/hbiconsulting.eu\/de\/#website\"},\"datePublished\":\"2020-09-08T18:54:42+00:00\",\"dateModified\":\"2025-07-22T21:21:57+00:00\",\"breadcrumb\":{\"@id\":\"https:\/\/hbiconsulting.eu\/de\/gdpr\/#breadcrumb\"},\"inLanguage\":\"de\",\"potentialAction\":[{\"@type\":\"ReadAction\",\"target\":[\"https:\/\/hbiconsulting.eu\/de\/gdpr\/\"]}]},{\"@type\":\"BreadcrumbList\",\"@id\":\"https:\/\/hbiconsulting.eu\/de\/gdpr\/#breadcrumb\",\"itemListElement\":[{\"@type\":\"ListItem\",\"position\":1,\"name\":\"Home\",\"item\":\"https:\/\/hbiconsulting.eu\/de\/\"},{\"@type\":\"ListItem\",\"position\":2,\"name\":\"GDPR\"}]},{\"@type\":\"WebSite\",\"@id\":\"https:\/\/hbiconsulting.eu\/de\/#website\",\"url\":\"https:\/\/hbiconsulting.eu\/de\/\",\"name\":\"HBI\",\"description\":\"BUSINESS IDEAS\",\"potentialAction\":[{\"@type\":\"SearchAction\",\"target\":{\"@type\":\"EntryPoint\",\"urlTemplate\":\"https:\/\/hbiconsulting.eu\/de\/?s={search_term_string}\"},\"query-input\":{\"@type\":\"PropertyValueSpecification\",\"valueRequired\":true,\"valueName\":\"search_term_string\"}}],\"inLanguage\":\"de\"}]}<\/script>\n<!-- \/ Yoast SEO plugin. -->","yoast_head_json":{"title":"GDPR - HBI","robots":{"index":"index","follow":"follow","max-snippet":"max-snippet:-1","max-image-preview":"max-image-preview:large","max-video-preview":"max-video-preview:-1"},"canonical":"https:\/\/hbiconsulting.eu\/de\/gdpr\/","og_locale":"de_DE","og_type":"article","og_title":"GDPR - HBI","og_description":"[vc_row][vc_column][vc_empty_space height=&#8220;50px&#8220;][\/vc_column][\/vc_row][vc_row][vc_column][vc_column_text css=&#8220;&#8220;]Die Datenschutz-Grundverordnung (DSGVO) ist ein Gesetz der Europ\u00e4ischen Union zum Schutz personenbezogener Daten und gilt seit dem 25. Mai 2018. Zweck der Datenschutz-Grundverordnung ist die Schaffung eines einheitlichen rechtlichen Rahmens f\u00fcr die Verarbeitung personenbezogener Daten in allen Mitgliedstaaten der Europ\u00e4ischen Union, indem sie Regeln zum Schutz nat\u00fcrlicher Personen sowie zur freien Bewegung ihrer&hellip;","og_url":"https:\/\/hbiconsulting.eu\/de\/gdpr\/","og_site_name":"HBI","article_publisher":"https:\/\/www.facebook.com\/harevabusinessideas\/","article_modified_time":"2025-07-22T21:21:57+00:00","twitter_card":"summary_large_image","twitter_misc":{"Gesch\u00e4tzte Lesezeit":"1\u00a0Minute"},"schema":{"@context":"https:\/\/schema.org","@graph":[{"@type":"WebPage","@id":"https:\/\/hbiconsulting.eu\/de\/gdpr\/","url":"https:\/\/hbiconsulting.eu\/de\/gdpr\/","name":"GDPR - HBI","isPartOf":{"@id":"https:\/\/hbiconsulting.eu\/de\/#website"},"datePublished":"2020-09-08T18:54:42+00:00","dateModified":"2025-07-22T21:21:57+00:00","breadcrumb":{"@id":"https:\/\/hbiconsulting.eu\/de\/gdpr\/#breadcrumb"},"inLanguage":"de","potentialAction":[{"@type":"ReadAction","target":["https:\/\/hbiconsulting.eu\/de\/gdpr\/"]}]},{"@type":"BreadcrumbList","@id":"https:\/\/hbiconsulting.eu\/de\/gdpr\/#breadcrumb","itemListElement":[{"@type":"ListItem","position":1,"name":"Home","item":"https:\/\/hbiconsulting.eu\/de\/"},{"@type":"ListItem","position":2,"name":"GDPR"}]},{"@type":"WebSite","@id":"https:\/\/hbiconsulting.eu\/de\/#website","url":"https:\/\/hbiconsulting.eu\/de\/","name":"HBI","description":"BUSINESS IDEAS","potentialAction":[{"@type":"SearchAction","target":{"@type":"EntryPoint","urlTemplate":"https:\/\/hbiconsulting.eu\/de\/?s={search_term_string}"},"query-input":{"@type":"PropertyValueSpecification","valueRequired":true,"valueName":"search_term_string"}}],"inLanguage":"de"}]}},"_links":{"self":[{"href":"https:\/\/hbiconsulting.eu\/de\/wp-json\/wp\/v2\/pages\/61837","targetHints":{"allow":["GET"]}}],"collection":[{"href":"https:\/\/hbiconsulting.eu\/de\/wp-json\/wp\/v2\/pages"}],"about":[{"href":"https:\/\/hbiconsulting.eu\/de\/wp-json\/wp\/v2\/types\/page"}],"author":[{"embeddable":true,"href":"https:\/\/hbiconsulting.eu\/de\/wp-json\/wp\/v2\/users\/2"}],"replies":[{"embeddable":true,"href":"https:\/\/hbiconsulting.eu\/de\/wp-json\/wp\/v2\/comments?post=61837"}],"version-history":[{"count":1,"href":"https:\/\/hbiconsulting.eu\/de\/wp-json\/wp\/v2\/pages\/61837\/revisions"}],"predecessor-version":[{"id":61853,"href":"https:\/\/hbiconsulting.eu\/de\/wp-json\/wp\/v2\/pages\/61837\/revisions\/61853"}],"wp:attachment":[{"href":"https:\/\/hbiconsulting.eu\/de\/wp-json\/wp\/v2\/media?parent=61837"}],"curies":[{"name":"wp","href":"https:\/\/api.w.org\/{rel}","templated":true}]}}