{"id":61836,"date":"2025-07-01T23:06:37","date_gmt":"2025-07-01T21:06:37","guid":{"rendered":"https:\/\/hbiconsulting.eu\/european-corporate-sustainability-reporting-directive-csrd\/"},"modified":"2025-07-22T23:21:19","modified_gmt":"2025-07-22T21:21:19","slug":"european-corporate-sustainability-reporting-directive-csrd","status":"publish","type":"page","link":"https:\/\/hbiconsulting.eu\/de\/european-corporate-sustainability-reporting-directive-csrd\/","title":{"rendered":"Europ\u00e4ische Richtlinie Zur Nachhaltigkeit Von Unternehmen (Csrd)"},"content":{"rendered":"<div class=\"wpb-content-wrapper\"><p>[vc_row][vc_column][vc_empty_space height=&#8220;50px&#8220;][\/vc_column][\/vc_row][vc_row][vc_column][vc_column_text css=&#8220;&#8220;]Die CSRD-Richtlinie (Corporate Sustainability Reporting Directive) zur unternehmerischen Nachhaltigkeitsberichterstattung zielt darauf ab, die Transparenz und Zuverl\u00e4ssigkeit der von Unternehmen ver\u00f6ffentlichten Nachhaltigkeitsinformationen zu st\u00e4rken. Sie schreibt die Ver\u00f6ffentlichung von Nachhaltigkeitsberichten auf der Grundlage der Europ\u00e4ischen Standards f\u00fcr die Nachhaltigkeitsberichterstattung (ESRS) vor, die mit dem EU-Rahmenwerk f\u00fcr nachhaltige Finanzen in Einklang stehen.<\/p>\n<p>Unsere Dienstleistungen:<\/p>\n<ul>\n<li><strong>Analyse der Anforderungen der CSRD-Richtlinie und der Europ\u00e4ischen Standards f\u00fcr Nachhaltigkeitsberichterstattung (ESRS) f\u00fcr die Organisation<\/strong>.<\/li>\n<li><strong>Auswertung bestehender Nachhaltigkeitsberichte oder anderer relevanter ver\u00f6ffentlichter Daten<\/strong>.<\/li>\n<li><strong>Kartierung des gesch\u00e4ftlichen Umfelds und der ESG-Strategie der Organisation<\/strong>.<\/li>\n<li><strong>Erfassung der Interessengruppen (stakeholders) und ihrer Erwartungen<\/strong>.<\/li>\n<li><strong>Vorl\u00e4ufige Compliance-Analyse (Gap-Analyse) auf Grundlage der Anforderungen der CSRD und der ESRS<\/strong>.<\/li>\n<li><strong>Datenerhebung von den zust\u00e4ndigen Einheiten der Organisation zu Umwelt-, Sozial- und Governance-Leistungen (ESG)<\/strong>.<\/li>\n<li><strong>Durchf\u00fchrung einer doppelten Wesentlichkeitsanalyse (Double Materiality Assessment), um die Themen mit der gr\u00f6\u00dften Auswirkung auf die Organisation und die Gesellschaft zu ermitteln<\/strong>.<\/li>\n<li><strong>Priorisierung von Themen basierend auf Risiken, Chancen und strategischen Auswirkungen<\/strong>.<\/li>\n<li><strong>Analyse der f\u00fcr die Organisation relevanten sektorspezifischen ESRS-Standards und Auswahl der entsprechenden Berichtspflichten<\/strong>.<\/li>\n<li><strong>Entwicklung eines strategischen Ansatzes zur systematischen \u00dcberwachung der ESG-Leistung<\/strong>.<\/li>\n<li><strong>Verkn\u00fcpfung des Nachhaltigkeitsberichts mit den strategischen Priorit\u00e4ten und Gesch\u00e4ftspl\u00e4nen der Organisation<\/strong>.<\/li>\n<li><strong>Entwicklung eines Mechanismus zur kontinuierlichen Verbesserung f\u00fcr die kommenden Jahre<\/strong>.<\/li>\n<li><strong>Erstellung des Nachhaltigkeitsberichts in \u00dcbereinstimmung mit den CSRD- und ESRS-Anforderungen<\/strong>.<\/li>\n<li><strong>Sicherstellung der Vollst\u00e4ndigkeit der Offenlegungen auf der Grundlage der ESRS-Anforderungen und Leistungsindikatoren (KPIs)<\/strong>.<\/li>\n<li><strong>Analyse der Ergebnisse, um die Einhaltung der Strategie zu gew\u00e4hrleisten und eine interne Politik zu ESG-Themen zu formulieren<\/strong>.<\/li>\n<li><strong>Vorschl\u00e4ge f\u00fcr die k\u00fcnftige Verbesserung der Berichterstattung und die St\u00e4rkung der ESG-Prozesse unterbreiten<\/strong>.<\/li>\n<li><strong>Vorbereitung der Organisation auf die Pr\u00fcfung des Berichts durch eine externe Pr\u00fcfstelle<\/strong>.<\/li>\n<li><strong>Anwesenheit und Unterst\u00fctzung w\u00e4hrend der Inspektion<\/strong>.<\/li>\n<li><strong>\u00dcbermittlung des Berichts in digitaler Form gem\u00e4\u00df den Anforderungen des European Single Access Point (ESAP) zur \u00f6ffentlichen Zug\u00e4nglichkeit der Nachhaltigkeitsdaten der Organisation<\/strong>.<\/li>\n<\/ul>\n<p>[\/vc_column_text][\/vc_column][\/vc_row][vc_row][vc_column][vc_empty_space height=&#8220;50px&#8220;][\/vc_column][\/vc_row]<\/p>\n<\/div>","protected":false},"excerpt":{"rendered":"<p>[vc_row][vc_column][vc_empty_space height=&#8220;50px&#8220;][\/vc_column][\/vc_row][vc_row][vc_column][vc_column_text css=&#8220;&#8220;]Die CSRD-Richtlinie (Corporate Sustainability Reporting Directive) zur unternehmerischen Nachhaltigkeitsberichterstattung zielt darauf ab, die Transparenz und Zuverl\u00e4ssigkeit der von Unternehmen ver\u00f6ffentlichten Nachhaltigkeitsinformationen zu st\u00e4rken. Sie schreibt die Ver\u00f6ffentlichung von Nachhaltigkeitsberichten auf der Grundlage der Europ\u00e4ischen Standards f\u00fcr die Nachhaltigkeitsberichterstattung (ESRS) vor, die mit dem EU-Rahmenwerk f\u00fcr nachhaltige Finanzen in Einklang stehen. Unsere Dienstleistungen: Analyse&hellip;<\/p>\n","protected":false},"author":2,"featured_media":0,"parent":0,"menu_order":0,"comment_status":"closed","ping_status":"closed","template":"","meta":{"footnotes":""},"class_list":["post-61836","page","type-page","status-publish","hentry","description-off"],"yoast_head":"<!-- This site is optimized with the Yoast SEO plugin v25.5 - https:\/\/yoast.com\/wordpress\/plugins\/seo\/ -->\n<title>Europ\u00e4ische Richtlinie Zur Nachhaltigkeit Von Unternehmen (Csrd) - HBI<\/title>\n<meta name=\"robots\" content=\"index, follow, max-snippet:-1, max-image-preview:large, max-video-preview:-1\" \/>\n<link rel=\"canonical\" href=\"https:\/\/hbiconsulting.eu\/de\/european-corporate-sustainability-reporting-directive-csrd\/\" \/>\n<meta property=\"og:locale\" content=\"de_DE\" \/>\n<meta property=\"og:type\" content=\"article\" \/>\n<meta property=\"og:title\" content=\"Europ\u00e4ische Richtlinie Zur Nachhaltigkeit Von Unternehmen (Csrd) - HBI\" \/>\n<meta property=\"og:description\" content=\"[vc_row][vc_column][vc_empty_space height=&#8220;50px&#8220;][\/vc_column][\/vc_row][vc_row][vc_column][vc_column_text css=&#8220;&#8220;]Die CSRD-Richtlinie (Corporate Sustainability Reporting Directive) zur unternehmerischen Nachhaltigkeitsberichterstattung zielt darauf ab, die Transparenz und Zuverl\u00e4ssigkeit der von Unternehmen ver\u00f6ffentlichten Nachhaltigkeitsinformationen zu st\u00e4rken. Sie schreibt die Ver\u00f6ffentlichung von Nachhaltigkeitsberichten auf der Grundlage der Europ\u00e4ischen Standards f\u00fcr die Nachhaltigkeitsberichterstattung (ESRS) vor, die mit dem EU-Rahmenwerk f\u00fcr nachhaltige Finanzen in Einklang stehen. Unsere Dienstleistungen: Analyse&hellip;\" \/>\n<meta property=\"og:url\" content=\"https:\/\/hbiconsulting.eu\/de\/european-corporate-sustainability-reporting-directive-csrd\/\" \/>\n<meta property=\"og:site_name\" content=\"HBI\" \/>\n<meta property=\"article:publisher\" content=\"https:\/\/www.facebook.com\/harevabusinessideas\/\" \/>\n<meta property=\"article:modified_time\" content=\"2025-07-22T21:21:19+00:00\" \/>\n<meta name=\"twitter:card\" content=\"summary_large_image\" \/>\n<meta name=\"twitter:label1\" content=\"Gesch\u00e4tzte Lesezeit\" \/>\n\t<meta name=\"twitter:data1\" content=\"2\u00a0Minuten\" \/>\n<script type=\"application\/ld+json\" class=\"yoast-schema-graph\">{\"@context\":\"https:\/\/schema.org\",\"@graph\":[{\"@type\":\"WebPage\",\"@id\":\"https:\/\/hbiconsulting.eu\/de\/european-corporate-sustainability-reporting-directive-csrd\/\",\"url\":\"https:\/\/hbiconsulting.eu\/de\/european-corporate-sustainability-reporting-directive-csrd\/\",\"name\":\"Europ\u00e4ische Richtlinie Zur Nachhaltigkeit Von Unternehmen (Csrd) - HBI\",\"isPartOf\":{\"@id\":\"https:\/\/hbiconsulting.eu\/de\/#website\"},\"datePublished\":\"2025-07-01T21:06:37+00:00\",\"dateModified\":\"2025-07-22T21:21:19+00:00\",\"breadcrumb\":{\"@id\":\"https:\/\/hbiconsulting.eu\/de\/european-corporate-sustainability-reporting-directive-csrd\/#breadcrumb\"},\"inLanguage\":\"de\",\"potentialAction\":[{\"@type\":\"ReadAction\",\"target\":[\"https:\/\/hbiconsulting.eu\/de\/european-corporate-sustainability-reporting-directive-csrd\/\"]}]},{\"@type\":\"BreadcrumbList\",\"@id\":\"https:\/\/hbiconsulting.eu\/de\/european-corporate-sustainability-reporting-directive-csrd\/#breadcrumb\",\"itemListElement\":[{\"@type\":\"ListItem\",\"position\":1,\"name\":\"Home\",\"item\":\"https:\/\/hbiconsulting.eu\/de\/\"},{\"@type\":\"ListItem\",\"position\":2,\"name\":\"Europ\u00e4ische Richtlinie Zur Nachhaltigkeit Von Unternehmen (Csrd)\"}]},{\"@type\":\"WebSite\",\"@id\":\"https:\/\/hbiconsulting.eu\/de\/#website\",\"url\":\"https:\/\/hbiconsulting.eu\/de\/\",\"name\":\"HBI\",\"description\":\"BUSINESS IDEAS\",\"potentialAction\":[{\"@type\":\"SearchAction\",\"target\":{\"@type\":\"EntryPoint\",\"urlTemplate\":\"https:\/\/hbiconsulting.eu\/de\/?s={search_term_string}\"},\"query-input\":{\"@type\":\"PropertyValueSpecification\",\"valueRequired\":true,\"valueName\":\"search_term_string\"}}],\"inLanguage\":\"de\"}]}<\/script>\n<!-- \/ Yoast SEO plugin. -->","yoast_head_json":{"title":"Europ\u00e4ische Richtlinie Zur Nachhaltigkeit Von Unternehmen (Csrd) - HBI","robots":{"index":"index","follow":"follow","max-snippet":"max-snippet:-1","max-image-preview":"max-image-preview:large","max-video-preview":"max-video-preview:-1"},"canonical":"https:\/\/hbiconsulting.eu\/de\/european-corporate-sustainability-reporting-directive-csrd\/","og_locale":"de_DE","og_type":"article","og_title":"Europ\u00e4ische Richtlinie Zur Nachhaltigkeit Von Unternehmen (Csrd) - HBI","og_description":"[vc_row][vc_column][vc_empty_space height=&#8220;50px&#8220;][\/vc_column][\/vc_row][vc_row][vc_column][vc_column_text css=&#8220;&#8220;]Die CSRD-Richtlinie (Corporate Sustainability Reporting Directive) zur unternehmerischen Nachhaltigkeitsberichterstattung zielt darauf ab, die Transparenz und Zuverl\u00e4ssigkeit der von Unternehmen ver\u00f6ffentlichten Nachhaltigkeitsinformationen zu st\u00e4rken. Sie schreibt die Ver\u00f6ffentlichung von Nachhaltigkeitsberichten auf der Grundlage der Europ\u00e4ischen Standards f\u00fcr die Nachhaltigkeitsberichterstattung (ESRS) vor, die mit dem EU-Rahmenwerk f\u00fcr nachhaltige Finanzen in Einklang stehen. Unsere Dienstleistungen: Analyse&hellip;","og_url":"https:\/\/hbiconsulting.eu\/de\/european-corporate-sustainability-reporting-directive-csrd\/","og_site_name":"HBI","article_publisher":"https:\/\/www.facebook.com\/harevabusinessideas\/","article_modified_time":"2025-07-22T21:21:19+00:00","twitter_card":"summary_large_image","twitter_misc":{"Gesch\u00e4tzte Lesezeit":"2\u00a0Minuten"},"schema":{"@context":"https:\/\/schema.org","@graph":[{"@type":"WebPage","@id":"https:\/\/hbiconsulting.eu\/de\/european-corporate-sustainability-reporting-directive-csrd\/","url":"https:\/\/hbiconsulting.eu\/de\/european-corporate-sustainability-reporting-directive-csrd\/","name":"Europ\u00e4ische Richtlinie Zur Nachhaltigkeit Von Unternehmen (Csrd) - HBI","isPartOf":{"@id":"https:\/\/hbiconsulting.eu\/de\/#website"},"datePublished":"2025-07-01T21:06:37+00:00","dateModified":"2025-07-22T21:21:19+00:00","breadcrumb":{"@id":"https:\/\/hbiconsulting.eu\/de\/european-corporate-sustainability-reporting-directive-csrd\/#breadcrumb"},"inLanguage":"de","potentialAction":[{"@type":"ReadAction","target":["https:\/\/hbiconsulting.eu\/de\/european-corporate-sustainability-reporting-directive-csrd\/"]}]},{"@type":"BreadcrumbList","@id":"https:\/\/hbiconsulting.eu\/de\/european-corporate-sustainability-reporting-directive-csrd\/#breadcrumb","itemListElement":[{"@type":"ListItem","position":1,"name":"Home","item":"https:\/\/hbiconsulting.eu\/de\/"},{"@type":"ListItem","position":2,"name":"Europ\u00e4ische Richtlinie Zur Nachhaltigkeit Von Unternehmen (Csrd)"}]},{"@type":"WebSite","@id":"https:\/\/hbiconsulting.eu\/de\/#website","url":"https:\/\/hbiconsulting.eu\/de\/","name":"HBI","description":"BUSINESS IDEAS","potentialAction":[{"@type":"SearchAction","target":{"@type":"EntryPoint","urlTemplate":"https:\/\/hbiconsulting.eu\/de\/?s={search_term_string}"},"query-input":{"@type":"PropertyValueSpecification","valueRequired":true,"valueName":"search_term_string"}}],"inLanguage":"de"}]}},"_links":{"self":[{"href":"https:\/\/hbiconsulting.eu\/de\/wp-json\/wp\/v2\/pages\/61836","targetHints":{"allow":["GET"]}}],"collection":[{"href":"https:\/\/hbiconsulting.eu\/de\/wp-json\/wp\/v2\/pages"}],"about":[{"href":"https:\/\/hbiconsulting.eu\/de\/wp-json\/wp\/v2\/types\/page"}],"author":[{"embeddable":true,"href":"https:\/\/hbiconsulting.eu\/de\/wp-json\/wp\/v2\/users\/2"}],"replies":[{"embeddable":true,"href":"https:\/\/hbiconsulting.eu\/de\/wp-json\/wp\/v2\/comments?post=61836"}],"version-history":[{"count":1,"href":"https:\/\/hbiconsulting.eu\/de\/wp-json\/wp\/v2\/pages\/61836\/revisions"}],"predecessor-version":[{"id":61852,"href":"https:\/\/hbiconsulting.eu\/de\/wp-json\/wp\/v2\/pages\/61836\/revisions\/61852"}],"wp:attachment":[{"href":"https:\/\/hbiconsulting.eu\/de\/wp-json\/wp\/v2\/media?parent=61836"}],"curies":[{"name":"wp","href":"https:\/\/api.w.org\/{rel}","templated":true}]}}