{"id":61835,"date":"2025-04-14T13:13:54","date_gmt":"2025-04-14T11:13:54","guid":{"rendered":"https:\/\/hbiconsulting.eu\/nis2\/"},"modified":"2025-07-22T23:20:19","modified_gmt":"2025-07-22T21:20:19","slug":"nis2","status":"publish","type":"page","link":"https:\/\/hbiconsulting.eu\/de\/nis2\/","title":{"rendered":"NIS2"},"content":{"rendered":"<div class=\"wpb-content-wrapper\"><p>[vc_row][vc_column][vc_empty_space height=&#8220;50px&#8220;][\/vc_column][\/vc_row][vc_row][vc_column][vc_column_text css=&#8220;&#8220;]<strong>Machen Sie die NIS2-Herausforderung zu Ihrem strategischen Vorteil<\/strong>.<\/p>\n<p>Die Einhaltung der NIS2-Richtlinie ist nicht nur eine Verpflichtung \u2013 sie ist eine hervorragende Chance, Ihr Unternehmen gegen Cyberbedrohungen zu sch\u00fctzen und das Vertrauen Ihrer Partner und Kunden zu st\u00e4rken.<\/p>\n<p>Bei HBI bieten wir nicht nur L\u00f6sungen an &#8211; wir werden Ihr strategischer Verb\u00fcndeter auf dem Weg zur Einhaltung der Vorschriften. Mit langj\u00e4hriger Erfahrung und Expertise im Bereich der Cybersicherheit entwickeln und implementieren wir gezielte Dienstleistungen, die die Anforderungen der NIS2 vollst\u00e4ndig erf\u00fcllen \u2013 ma\u00dfgeschneidert auf die Bed\u00fcrfnisse jedes Unternehmens.<\/p>\n<p>Sichern Sie die Zukunft Ihres Unternehmens &#8211; mit Zuverl\u00e4ssigkeit, Kompetenz und dem richtigen Partner an Ihrer Seite.<\/p>\n<p><strong>Die Einhaltung der NIS2 erfordert einen strategischen Ansatz, Expertenwissen und praktische L\u00f6sungen. Die HBI steht Ihnen mit einem umfassenden Leistungsspektrum zur Seite, das darauf ausgelegt ist, die Cybersicherheit Ihres Unternehmens nachhaltig zu st\u00e4rken.<\/strong><\/p>\n<p>&nbsp;<\/p>\n<p>Unsere Dienstleistungen:<\/p>\n<ul>\n<li><strong>Risikobewertung &amp; Bedrohungsanalyse<\/strong><\/li>\n<\/ul>\n<p>Die Grundlage jeder wirksamen Compliance-Strategie beginnt mit einem umfassenden Verst\u00e4ndnis der Risiken. Bei HBI f\u00fchren wir eine gr\u00fcndliche Bewertung und Analyse der Cyber-Bedrohungen f\u00fcr Ihr Unternehmen durch.<\/p>\n<p>Wir ermitteln kritische Schwachstellen, setzen Priorit\u00e4ten bei den Risiken und formulieren gezielte Vorschl\u00e4ge zu deren Beseitigung. Wir konzentrieren uns auf Ihre Bed\u00fcrfnisse und stellen einen funktionalen und effektiven Plan zur Verbesserung der Sicherheit zusammen.<\/p>\n<ul>\n<li><strong>Entwicklung von Richtlinien &amp; Sicherheitsverfahren<\/strong><\/li>\n<\/ul>\n<p>Die Einhaltung von NIS2 erfordert klare, dokumentierte und durchsetzbare Richtlinien. Wir arbeiten mit Ihnen zusammen, um einen Rahmen von Richtlinien und Verfahren zu entwickeln, der Ihre Informationssysteme sch\u00fctzt und auf Ihre Gesch\u00e4ftsspezifika abgestimmt ist.<\/p>\n<p>Von der Risikomanagement und Incident-Response bis hin zur Sicherstellung der Gesch\u00e4ftskontinuit\u00e4t bieten wir Ihnen die Werkzeuge f\u00fcr ein koh\u00e4rentes und effektives Sicherheitssystem.<\/p>\n<ul>\n<li><strong>Anwendung modernster technologischer L\u00f6sungen<\/strong><\/li>\n<\/ul>\n<p>Die Technologie ist ein Verb\u00fcndeter bei den Bem\u00fchungen um Einhaltung der Vorschriften und Schutz. HBI stattet Sie mit fortschrittlichen Tools und L\u00f6sungen aus, wie z.B. \u00dcberwachungssysteme, Bedrohungserkennung und sicheres Datenmanagement.<\/p>\n<p>Mit L\u00f6sungen, die auf Ihre Gesch\u00e4ftsanforderungen zugeschnitten sind, k\u00f6nnen Sie eine zuverl\u00e4ssige Betriebsumgebung sicherstellen, die den modernen Bedrohungen der digitalen Welt gewachsen ist.[\/vc_column_text][\/vc_column][\/vc_row][vc_row][vc_column][vc_empty_space height=&#8220;50px&#8220;][\/vc_column][\/vc_row]<\/p>\n<\/div>","protected":false},"excerpt":{"rendered":"<p>[vc_row][vc_column][vc_empty_space height=&#8220;50px&#8220;][\/vc_column][\/vc_row][vc_row][vc_column][vc_column_text css=&#8220;&#8220;]Machen Sie die NIS2-Herausforderung zu Ihrem strategischen Vorteil. Die Einhaltung der NIS2-Richtlinie ist nicht nur eine Verpflichtung \u2013 sie ist eine hervorragende Chance, Ihr Unternehmen gegen Cyberbedrohungen zu sch\u00fctzen und das Vertrauen Ihrer Partner und Kunden zu st\u00e4rken. Bei HBI bieten wir nicht nur L\u00f6sungen an &#8211; wir werden Ihr strategischer Verb\u00fcndeter auf&hellip;<\/p>\n","protected":false},"author":4,"featured_media":0,"parent":0,"menu_order":260,"comment_status":"closed","ping_status":"closed","template":"","meta":{"footnotes":""},"class_list":["post-61835","page","type-page","status-publish","hentry","description-off"],"yoast_head":"<!-- This site is optimized with the Yoast SEO plugin v25.5 - https:\/\/yoast.com\/wordpress\/plugins\/seo\/ -->\n<title>NIS2 - HBI<\/title>\n<meta name=\"robots\" content=\"index, follow, max-snippet:-1, max-image-preview:large, max-video-preview:-1\" \/>\n<link rel=\"canonical\" href=\"https:\/\/hbiconsulting.eu\/de\/nis2\/\" \/>\n<meta property=\"og:locale\" content=\"de_DE\" \/>\n<meta property=\"og:type\" content=\"article\" \/>\n<meta property=\"og:title\" content=\"NIS2 - HBI\" \/>\n<meta property=\"og:description\" content=\"[vc_row][vc_column][vc_empty_space height=&#8220;50px&#8220;][\/vc_column][\/vc_row][vc_row][vc_column][vc_column_text css=&#8220;&#8220;]Machen Sie die NIS2-Herausforderung zu Ihrem strategischen Vorteil. Die Einhaltung der NIS2-Richtlinie ist nicht nur eine Verpflichtung \u2013 sie ist eine hervorragende Chance, Ihr Unternehmen gegen Cyberbedrohungen zu sch\u00fctzen und das Vertrauen Ihrer Partner und Kunden zu st\u00e4rken. Bei HBI bieten wir nicht nur L\u00f6sungen an &#8211; wir werden Ihr strategischer Verb\u00fcndeter auf&hellip;\" \/>\n<meta property=\"og:url\" content=\"https:\/\/hbiconsulting.eu\/de\/nis2\/\" \/>\n<meta property=\"og:site_name\" content=\"HBI\" \/>\n<meta property=\"article:publisher\" content=\"https:\/\/www.facebook.com\/harevabusinessideas\/\" \/>\n<meta property=\"article:modified_time\" content=\"2025-07-22T21:20:19+00:00\" \/>\n<meta name=\"twitter:card\" content=\"summary_large_image\" \/>\n<meta name=\"twitter:label1\" content=\"Gesch\u00e4tzte Lesezeit\" \/>\n\t<meta name=\"twitter:data1\" content=\"2\u00a0Minuten\" \/>\n<script type=\"application\/ld+json\" class=\"yoast-schema-graph\">{\"@context\":\"https:\/\/schema.org\",\"@graph\":[{\"@type\":\"WebPage\",\"@id\":\"https:\/\/hbiconsulting.eu\/de\/nis2\/\",\"url\":\"https:\/\/hbiconsulting.eu\/de\/nis2\/\",\"name\":\"NIS2 - HBI\",\"isPartOf\":{\"@id\":\"https:\/\/hbiconsulting.eu\/de\/#website\"},\"datePublished\":\"2025-04-14T11:13:54+00:00\",\"dateModified\":\"2025-07-22T21:20:19+00:00\",\"breadcrumb\":{\"@id\":\"https:\/\/hbiconsulting.eu\/de\/nis2\/#breadcrumb\"},\"inLanguage\":\"de\",\"potentialAction\":[{\"@type\":\"ReadAction\",\"target\":[\"https:\/\/hbiconsulting.eu\/de\/nis2\/\"]}]},{\"@type\":\"BreadcrumbList\",\"@id\":\"https:\/\/hbiconsulting.eu\/de\/nis2\/#breadcrumb\",\"itemListElement\":[{\"@type\":\"ListItem\",\"position\":1,\"name\":\"Home\",\"item\":\"https:\/\/hbiconsulting.eu\/de\/\"},{\"@type\":\"ListItem\",\"position\":2,\"name\":\"NIS2\"}]},{\"@type\":\"WebSite\",\"@id\":\"https:\/\/hbiconsulting.eu\/de\/#website\",\"url\":\"https:\/\/hbiconsulting.eu\/de\/\",\"name\":\"HBI\",\"description\":\"BUSINESS IDEAS\",\"potentialAction\":[{\"@type\":\"SearchAction\",\"target\":{\"@type\":\"EntryPoint\",\"urlTemplate\":\"https:\/\/hbiconsulting.eu\/de\/?s={search_term_string}\"},\"query-input\":{\"@type\":\"PropertyValueSpecification\",\"valueRequired\":true,\"valueName\":\"search_term_string\"}}],\"inLanguage\":\"de\"}]}<\/script>\n<!-- \/ Yoast SEO plugin. -->","yoast_head_json":{"title":"NIS2 - HBI","robots":{"index":"index","follow":"follow","max-snippet":"max-snippet:-1","max-image-preview":"max-image-preview:large","max-video-preview":"max-video-preview:-1"},"canonical":"https:\/\/hbiconsulting.eu\/de\/nis2\/","og_locale":"de_DE","og_type":"article","og_title":"NIS2 - HBI","og_description":"[vc_row][vc_column][vc_empty_space height=&#8220;50px&#8220;][\/vc_column][\/vc_row][vc_row][vc_column][vc_column_text css=&#8220;&#8220;]Machen Sie die NIS2-Herausforderung zu Ihrem strategischen Vorteil. Die Einhaltung der NIS2-Richtlinie ist nicht nur eine Verpflichtung \u2013 sie ist eine hervorragende Chance, Ihr Unternehmen gegen Cyberbedrohungen zu sch\u00fctzen und das Vertrauen Ihrer Partner und Kunden zu st\u00e4rken. Bei HBI bieten wir nicht nur L\u00f6sungen an &#8211; wir werden Ihr strategischer Verb\u00fcndeter auf&hellip;","og_url":"https:\/\/hbiconsulting.eu\/de\/nis2\/","og_site_name":"HBI","article_publisher":"https:\/\/www.facebook.com\/harevabusinessideas\/","article_modified_time":"2025-07-22T21:20:19+00:00","twitter_card":"summary_large_image","twitter_misc":{"Gesch\u00e4tzte Lesezeit":"2\u00a0Minuten"},"schema":{"@context":"https:\/\/schema.org","@graph":[{"@type":"WebPage","@id":"https:\/\/hbiconsulting.eu\/de\/nis2\/","url":"https:\/\/hbiconsulting.eu\/de\/nis2\/","name":"NIS2 - HBI","isPartOf":{"@id":"https:\/\/hbiconsulting.eu\/de\/#website"},"datePublished":"2025-04-14T11:13:54+00:00","dateModified":"2025-07-22T21:20:19+00:00","breadcrumb":{"@id":"https:\/\/hbiconsulting.eu\/de\/nis2\/#breadcrumb"},"inLanguage":"de","potentialAction":[{"@type":"ReadAction","target":["https:\/\/hbiconsulting.eu\/de\/nis2\/"]}]},{"@type":"BreadcrumbList","@id":"https:\/\/hbiconsulting.eu\/de\/nis2\/#breadcrumb","itemListElement":[{"@type":"ListItem","position":1,"name":"Home","item":"https:\/\/hbiconsulting.eu\/de\/"},{"@type":"ListItem","position":2,"name":"NIS2"}]},{"@type":"WebSite","@id":"https:\/\/hbiconsulting.eu\/de\/#website","url":"https:\/\/hbiconsulting.eu\/de\/","name":"HBI","description":"BUSINESS IDEAS","potentialAction":[{"@type":"SearchAction","target":{"@type":"EntryPoint","urlTemplate":"https:\/\/hbiconsulting.eu\/de\/?s={search_term_string}"},"query-input":{"@type":"PropertyValueSpecification","valueRequired":true,"valueName":"search_term_string"}}],"inLanguage":"de"}]}},"_links":{"self":[{"href":"https:\/\/hbiconsulting.eu\/de\/wp-json\/wp\/v2\/pages\/61835","targetHints":{"allow":["GET"]}}],"collection":[{"href":"https:\/\/hbiconsulting.eu\/de\/wp-json\/wp\/v2\/pages"}],"about":[{"href":"https:\/\/hbiconsulting.eu\/de\/wp-json\/wp\/v2\/types\/page"}],"author":[{"embeddable":true,"href":"https:\/\/hbiconsulting.eu\/de\/wp-json\/wp\/v2\/users\/4"}],"replies":[{"embeddable":true,"href":"https:\/\/hbiconsulting.eu\/de\/wp-json\/wp\/v2\/comments?post=61835"}],"version-history":[{"count":1,"href":"https:\/\/hbiconsulting.eu\/de\/wp-json\/wp\/v2\/pages\/61835\/revisions"}],"predecessor-version":[{"id":61851,"href":"https:\/\/hbiconsulting.eu\/de\/wp-json\/wp\/v2\/pages\/61835\/revisions\/61851"}],"wp:attachment":[{"href":"https:\/\/hbiconsulting.eu\/de\/wp-json\/wp\/v2\/media?parent=61835"}],"curies":[{"name":"wp","href":"https:\/\/api.w.org\/{rel}","templated":true}]}}