{"id":61834,"date":"2025-03-10T13:27:02","date_gmt":"2025-03-10T11:27:02","guid":{"rendered":"https:\/\/hbiconsulting.eu\/risk-management-consultancy-services-for-public-and-private-sector-organisations\/"},"modified":"2025-07-22T23:19:35","modified_gmt":"2025-07-22T21:19:35","slug":"risk-management-consultancy-services-for-public-and-private-sector-organisations","status":"publish","type":"page","link":"https:\/\/hbiconsulting.eu\/de\/risk-management-consultancy-services-for-public-and-private-sector-organisations\/","title":{"rendered":"Beratungsleistungen Im Risikomanagement F\u00fcr Organisationen Des \u00d6ffentlichen Und Privaten Sektors"},"content":{"rendered":"<div class=\"wpb-content-wrapper\"><p>[vc_row][vc_column][vc_column_text css=&#8220;&#8220;]Wir unterst\u00fctzen \u00f6ffentliche und private Organisationen bei der Identifikation, Bewertung und Bew\u00e4ltigung von Risiken, die den Betrieb, den Ruf oder die finanzielle Stabilit\u00e4t beeintr\u00e4chtigen k\u00f6nnen. Unser Ziel ist es, die Widerstandsf\u00e4higkeit und die proaktive F\u00e4higkeit jeder Organisation gegen\u00fcber internen und externen Bedrohungen zu st\u00e4rken, um einen nachhaltigen und ununterbrochenen Betrieb zu gew\u00e4hrleisten.<\/p>\n<p>Unsere Dienstleistungen:<\/p>\n<ul>\n<li><strong>Bewertung des bestehenden Internen Kontrollsystems (IKS<\/strong>).<\/li>\n<li><strong>Identifikation kritischer Bereiche und Anpassung basierend auf Standards und Best Practices im Risikomanagement.<\/strong><\/li>\n<li><strong>Grundlegende Bewertung &#8211; Risikomanagement<\/strong>.<\/li>\n<li><strong>Kritische Prozessbewertung<\/strong>.<\/li>\n<li><strong>Einhaltung von Vorschriften<\/strong>.<\/li>\n<li><strong>Entwicklung eines Rahmens f\u00fcr das Risikomanagement &#8211; Verordnung und Handbuch<\/strong>.<\/li>\n<li><strong>\u00dcberwachung von Risikomanagementprogrammen und Feedback<\/strong>.<\/li>\n<\/ul>\n<p>[\/vc_column_text][\/vc_column][\/vc_row]<\/p>\n<\/div>","protected":false},"excerpt":{"rendered":"<p>[vc_row][vc_column][vc_column_text css=&#8220;&#8220;]Wir unterst\u00fctzen \u00f6ffentliche und private Organisationen bei der Identifikation, Bewertung und Bew\u00e4ltigung von Risiken, die den Betrieb, den Ruf oder die finanzielle Stabilit\u00e4t beeintr\u00e4chtigen k\u00f6nnen. Unser Ziel ist es, die Widerstandsf\u00e4higkeit und die proaktive F\u00e4higkeit jeder Organisation gegen\u00fcber internen und externen Bedrohungen zu st\u00e4rken, um einen nachhaltigen und ununterbrochenen Betrieb zu gew\u00e4hrleisten. Unsere Dienstleistungen:&hellip;<\/p>\n","protected":false},"author":2,"featured_media":0,"parent":0,"menu_order":0,"comment_status":"closed","ping_status":"closed","template":"","meta":{"footnotes":""},"class_list":["post-61834","page","type-page","status-publish","hentry","description-off"],"yoast_head":"<!-- This site is optimized with the Yoast SEO plugin v25.5 - https:\/\/yoast.com\/wordpress\/plugins\/seo\/ -->\n<title>Beratungsleistungen Im Risikomanagement F\u00fcr Organisationen Des \u00d6ffentlichen Und Privaten Sektors - HBI<\/title>\n<meta name=\"robots\" content=\"index, follow, max-snippet:-1, max-image-preview:large, max-video-preview:-1\" \/>\n<link rel=\"canonical\" href=\"https:\/\/hbiconsulting.eu\/de\/risk-management-consultancy-services-for-public-and-private-sector-organisations\/\" \/>\n<meta property=\"og:locale\" content=\"de_DE\" \/>\n<meta property=\"og:type\" content=\"article\" \/>\n<meta property=\"og:title\" content=\"Beratungsleistungen Im Risikomanagement F\u00fcr Organisationen Des \u00d6ffentlichen Und Privaten Sektors - HBI\" \/>\n<meta property=\"og:description\" content=\"[vc_row][vc_column][vc_column_text css=&#8220;&#8220;]Wir unterst\u00fctzen \u00f6ffentliche und private Organisationen bei der Identifikation, Bewertung und Bew\u00e4ltigung von Risiken, die den Betrieb, den Ruf oder die finanzielle Stabilit\u00e4t beeintr\u00e4chtigen k\u00f6nnen. Unser Ziel ist es, die Widerstandsf\u00e4higkeit und die proaktive F\u00e4higkeit jeder Organisation gegen\u00fcber internen und externen Bedrohungen zu st\u00e4rken, um einen nachhaltigen und ununterbrochenen Betrieb zu gew\u00e4hrleisten. Unsere Dienstleistungen:&hellip;\" \/>\n<meta property=\"og:url\" content=\"https:\/\/hbiconsulting.eu\/de\/risk-management-consultancy-services-for-public-and-private-sector-organisations\/\" \/>\n<meta property=\"og:site_name\" content=\"HBI\" \/>\n<meta property=\"article:publisher\" content=\"https:\/\/www.facebook.com\/harevabusinessideas\/\" \/>\n<meta property=\"article:modified_time\" content=\"2025-07-22T21:19:35+00:00\" \/>\n<meta name=\"twitter:card\" content=\"summary_large_image\" \/>\n<meta name=\"twitter:label1\" content=\"Gesch\u00e4tzte Lesezeit\" \/>\n\t<meta name=\"twitter:data1\" content=\"1\u00a0Minute\" \/>\n<script type=\"application\/ld+json\" class=\"yoast-schema-graph\">{\"@context\":\"https:\/\/schema.org\",\"@graph\":[{\"@type\":\"WebPage\",\"@id\":\"https:\/\/hbiconsulting.eu\/de\/risk-management-consultancy-services-for-public-and-private-sector-organisations\/\",\"url\":\"https:\/\/hbiconsulting.eu\/de\/risk-management-consultancy-services-for-public-and-private-sector-organisations\/\",\"name\":\"Beratungsleistungen Im Risikomanagement F\u00fcr Organisationen Des \u00d6ffentlichen Und Privaten Sektors - HBI\",\"isPartOf\":{\"@id\":\"https:\/\/hbiconsulting.eu\/de\/#website\"},\"datePublished\":\"2025-03-10T11:27:02+00:00\",\"dateModified\":\"2025-07-22T21:19:35+00:00\",\"breadcrumb\":{\"@id\":\"https:\/\/hbiconsulting.eu\/de\/risk-management-consultancy-services-for-public-and-private-sector-organisations\/#breadcrumb\"},\"inLanguage\":\"de\",\"potentialAction\":[{\"@type\":\"ReadAction\",\"target\":[\"https:\/\/hbiconsulting.eu\/de\/risk-management-consultancy-services-for-public-and-private-sector-organisations\/\"]}]},{\"@type\":\"BreadcrumbList\",\"@id\":\"https:\/\/hbiconsulting.eu\/de\/risk-management-consultancy-services-for-public-and-private-sector-organisations\/#breadcrumb\",\"itemListElement\":[{\"@type\":\"ListItem\",\"position\":1,\"name\":\"Home\",\"item\":\"https:\/\/hbiconsulting.eu\/de\/\"},{\"@type\":\"ListItem\",\"position\":2,\"name\":\"Beratungsleistungen Im Risikomanagement F\u00fcr Organisationen Des \u00d6ffentlichen Und Privaten Sektors\"}]},{\"@type\":\"WebSite\",\"@id\":\"https:\/\/hbiconsulting.eu\/de\/#website\",\"url\":\"https:\/\/hbiconsulting.eu\/de\/\",\"name\":\"HBI\",\"description\":\"BUSINESS IDEAS\",\"potentialAction\":[{\"@type\":\"SearchAction\",\"target\":{\"@type\":\"EntryPoint\",\"urlTemplate\":\"https:\/\/hbiconsulting.eu\/de\/?s={search_term_string}\"},\"query-input\":{\"@type\":\"PropertyValueSpecification\",\"valueRequired\":true,\"valueName\":\"search_term_string\"}}],\"inLanguage\":\"de\"}]}<\/script>\n<!-- \/ Yoast SEO plugin. -->","yoast_head_json":{"title":"Beratungsleistungen Im Risikomanagement F\u00fcr Organisationen Des \u00d6ffentlichen Und Privaten Sektors - HBI","robots":{"index":"index","follow":"follow","max-snippet":"max-snippet:-1","max-image-preview":"max-image-preview:large","max-video-preview":"max-video-preview:-1"},"canonical":"https:\/\/hbiconsulting.eu\/de\/risk-management-consultancy-services-for-public-and-private-sector-organisations\/","og_locale":"de_DE","og_type":"article","og_title":"Beratungsleistungen Im Risikomanagement F\u00fcr Organisationen Des \u00d6ffentlichen Und Privaten Sektors - HBI","og_description":"[vc_row][vc_column][vc_column_text css=&#8220;&#8220;]Wir unterst\u00fctzen \u00f6ffentliche und private Organisationen bei der Identifikation, Bewertung und Bew\u00e4ltigung von Risiken, die den Betrieb, den Ruf oder die finanzielle Stabilit\u00e4t beeintr\u00e4chtigen k\u00f6nnen. Unser Ziel ist es, die Widerstandsf\u00e4higkeit und die proaktive F\u00e4higkeit jeder Organisation gegen\u00fcber internen und externen Bedrohungen zu st\u00e4rken, um einen nachhaltigen und ununterbrochenen Betrieb zu gew\u00e4hrleisten. Unsere Dienstleistungen:&hellip;","og_url":"https:\/\/hbiconsulting.eu\/de\/risk-management-consultancy-services-for-public-and-private-sector-organisations\/","og_site_name":"HBI","article_publisher":"https:\/\/www.facebook.com\/harevabusinessideas\/","article_modified_time":"2025-07-22T21:19:35+00:00","twitter_card":"summary_large_image","twitter_misc":{"Gesch\u00e4tzte Lesezeit":"1\u00a0Minute"},"schema":{"@context":"https:\/\/schema.org","@graph":[{"@type":"WebPage","@id":"https:\/\/hbiconsulting.eu\/de\/risk-management-consultancy-services-for-public-and-private-sector-organisations\/","url":"https:\/\/hbiconsulting.eu\/de\/risk-management-consultancy-services-for-public-and-private-sector-organisations\/","name":"Beratungsleistungen Im Risikomanagement F\u00fcr Organisationen Des \u00d6ffentlichen Und Privaten Sektors - HBI","isPartOf":{"@id":"https:\/\/hbiconsulting.eu\/de\/#website"},"datePublished":"2025-03-10T11:27:02+00:00","dateModified":"2025-07-22T21:19:35+00:00","breadcrumb":{"@id":"https:\/\/hbiconsulting.eu\/de\/risk-management-consultancy-services-for-public-and-private-sector-organisations\/#breadcrumb"},"inLanguage":"de","potentialAction":[{"@type":"ReadAction","target":["https:\/\/hbiconsulting.eu\/de\/risk-management-consultancy-services-for-public-and-private-sector-organisations\/"]}]},{"@type":"BreadcrumbList","@id":"https:\/\/hbiconsulting.eu\/de\/risk-management-consultancy-services-for-public-and-private-sector-organisations\/#breadcrumb","itemListElement":[{"@type":"ListItem","position":1,"name":"Home","item":"https:\/\/hbiconsulting.eu\/de\/"},{"@type":"ListItem","position":2,"name":"Beratungsleistungen Im Risikomanagement F\u00fcr Organisationen Des \u00d6ffentlichen Und Privaten Sektors"}]},{"@type":"WebSite","@id":"https:\/\/hbiconsulting.eu\/de\/#website","url":"https:\/\/hbiconsulting.eu\/de\/","name":"HBI","description":"BUSINESS IDEAS","potentialAction":[{"@type":"SearchAction","target":{"@type":"EntryPoint","urlTemplate":"https:\/\/hbiconsulting.eu\/de\/?s={search_term_string}"},"query-input":{"@type":"PropertyValueSpecification","valueRequired":true,"valueName":"search_term_string"}}],"inLanguage":"de"}]}},"_links":{"self":[{"href":"https:\/\/hbiconsulting.eu\/de\/wp-json\/wp\/v2\/pages\/61834","targetHints":{"allow":["GET"]}}],"collection":[{"href":"https:\/\/hbiconsulting.eu\/de\/wp-json\/wp\/v2\/pages"}],"about":[{"href":"https:\/\/hbiconsulting.eu\/de\/wp-json\/wp\/v2\/types\/page"}],"author":[{"embeddable":true,"href":"https:\/\/hbiconsulting.eu\/de\/wp-json\/wp\/v2\/users\/2"}],"replies":[{"embeddable":true,"href":"https:\/\/hbiconsulting.eu\/de\/wp-json\/wp\/v2\/comments?post=61834"}],"version-history":[{"count":2,"href":"https:\/\/hbiconsulting.eu\/de\/wp-json\/wp\/v2\/pages\/61834\/revisions"}],"predecessor-version":[{"id":61850,"href":"https:\/\/hbiconsulting.eu\/de\/wp-json\/wp\/v2\/pages\/61834\/revisions\/61850"}],"wp:attachment":[{"href":"https:\/\/hbiconsulting.eu\/de\/wp-json\/wp\/v2\/media?parent=61834"}],"curies":[{"name":"wp","href":"https:\/\/api.w.org\/{rel}","templated":true}]}}