{"id":61831,"date":"2020-09-08T20:55:55","date_gmt":"2020-09-08T18:55:55","guid":{"rendered":"https:\/\/hbiconsulting.eu\/studies-research-projects\/"},"modified":"2025-07-22T23:16:21","modified_gmt":"2025-07-22T21:16:21","slug":"studies-research-projects","status":"publish","type":"page","link":"https:\/\/hbiconsulting.eu\/de\/studies-research-projects\/","title":{"rendered":"Forschungsprogramme"},"content":{"rendered":"<div class=\"wpb-content-wrapper\"><p>[vc_row][vc_column][vc_empty_space height=&#8220;50px&#8220;][\/vc_column][\/vc_row][vc_row][vc_column][vc_column_text css=&#8220;&#8220;]Bei HBI bieten wir umfassende Dienstleistungen f\u00fcr Organisationen, Forschungszentren und Unternehmen an, die den gesamten Zyklus eines Forschungsprojekts abdecken \u2013 von der ersten Idee bis zum Abschluss. Dabei betreuen wir sowohl nationale Programme (Strukturfonds, Nationaler Aufbau- und Resilienzfonds) als auch europ\u00e4ische F\u00f6rderprogramme (Horizon Europe).<\/p>\n<p>Unsere Dienstleistungen:<\/p>\n<ul>\n<li><strong>Strategie f\u00fcr die Antragstellung &amp; Bewertung:<\/strong>\n<ul>\n<li>Wir legen besonderen Wert auf exzellentes Antragsmanagement, einschlie\u00dflich der detaillierten Budgeterstellung und fundierten technischen Dokumentation, um den Erfolg Ihrer Antragstellung sicherzustellen.<\/li>\n<li>Erstellung eines vollst\u00e4ndigen Einreichungsdossiers.<\/li>\n<li>Unterst\u00fctzung bei der Bewertung durch die zust\u00e4ndigen Beh\u00f6rden.<\/li>\n<\/ul>\n<\/li>\n<li><strong>Integriertes Projektmanagement &amp; Umsetzung:<\/strong>\n<ul>\n<li>Projektkoordinierung und Projektmanagement w\u00e4hrend der Durchf\u00fchrung Ihres Investitionsprojekts.<\/li>\n<li>\u00dcberwachung und Unterst\u00fctzung bei der Umsetzung.<\/li>\n<li>Zusammenstellung und Einreichung von Zahlungsantr\u00e4gen und \u00c4nderungsantr\u00e4gen.<\/li>\n<li>Beratung zur Einhaltung der Ma\u00dfnahmen, vom Beginn bis zum Abschluss Ihrer Investition.<\/li>\n<li>Extroversion, F\u00f6rderung und Verbreitung von Forschungsprojekten und deren Ergebnissen.<\/li>\n<\/ul>\n<\/li>\n<\/ul>\n<p>[\/vc_column_text][\/vc_column][\/vc_row][vc_row][vc_column][vc_empty_space height=&#8220;50px&#8220;][\/vc_column][\/vc_row]<\/p>\n<\/div>","protected":false},"excerpt":{"rendered":"<p>[vc_row][vc_column][vc_empty_space height=&#8220;50px&#8220;][\/vc_column][\/vc_row][vc_row][vc_column][vc_column_text css=&#8220;&#8220;]Bei HBI bieten wir umfassende Dienstleistungen f\u00fcr Organisationen, Forschungszentren und Unternehmen an, die den gesamten Zyklus eines Forschungsprojekts abdecken \u2013 von der ersten Idee bis zum Abschluss. Dabei betreuen wir sowohl nationale Programme (Strukturfonds, Nationaler Aufbau- und Resilienzfonds) als auch europ\u00e4ische F\u00f6rderprogramme (Horizon Europe). Unsere Dienstleistungen: Strategie f\u00fcr die Antragstellung &amp; Bewertung: Wir&hellip;<\/p>\n","protected":false},"author":2,"featured_media":0,"parent":0,"menu_order":110,"comment_status":"closed","ping_status":"closed","template":"","meta":{"footnotes":""},"class_list":["post-61831","page","type-page","status-publish","hentry","description-off"],"yoast_head":"<!-- This site is optimized with the Yoast SEO plugin v25.5 - https:\/\/yoast.com\/wordpress\/plugins\/seo\/ -->\n<title>Forschungsprogramme - HBI<\/title>\n<meta name=\"robots\" content=\"index, follow, max-snippet:-1, max-image-preview:large, max-video-preview:-1\" \/>\n<link rel=\"canonical\" href=\"https:\/\/hbiconsulting.eu\/de\/studies-research-projects\/\" \/>\n<meta property=\"og:locale\" content=\"de_DE\" \/>\n<meta property=\"og:type\" content=\"article\" \/>\n<meta property=\"og:title\" content=\"Forschungsprogramme - HBI\" \/>\n<meta property=\"og:description\" content=\"[vc_row][vc_column][vc_empty_space height=&#8220;50px&#8220;][\/vc_column][\/vc_row][vc_row][vc_column][vc_column_text css=&#8220;&#8220;]Bei HBI bieten wir umfassende Dienstleistungen f\u00fcr Organisationen, Forschungszentren und Unternehmen an, die den gesamten Zyklus eines Forschungsprojekts abdecken \u2013 von der ersten Idee bis zum Abschluss. Dabei betreuen wir sowohl nationale Programme (Strukturfonds, Nationaler Aufbau- und Resilienzfonds) als auch europ\u00e4ische F\u00f6rderprogramme (Horizon Europe). Unsere Dienstleistungen: Strategie f\u00fcr die Antragstellung &amp; Bewertung: Wir&hellip;\" \/>\n<meta property=\"og:url\" content=\"https:\/\/hbiconsulting.eu\/de\/studies-research-projects\/\" \/>\n<meta property=\"og:site_name\" content=\"HBI\" \/>\n<meta property=\"article:publisher\" content=\"https:\/\/www.facebook.com\/harevabusinessideas\/\" \/>\n<meta property=\"article:modified_time\" content=\"2025-07-22T21:16:21+00:00\" \/>\n<meta name=\"twitter:card\" content=\"summary_large_image\" \/>\n<meta name=\"twitter:label1\" content=\"Gesch\u00e4tzte Lesezeit\" \/>\n\t<meta name=\"twitter:data1\" content=\"1\u00a0Minute\" \/>\n<script type=\"application\/ld+json\" class=\"yoast-schema-graph\">{\"@context\":\"https:\/\/schema.org\",\"@graph\":[{\"@type\":\"WebPage\",\"@id\":\"https:\/\/hbiconsulting.eu\/de\/studies-research-projects\/\",\"url\":\"https:\/\/hbiconsulting.eu\/de\/studies-research-projects\/\",\"name\":\"Forschungsprogramme - HBI\",\"isPartOf\":{\"@id\":\"https:\/\/hbiconsulting.eu\/de\/#website\"},\"datePublished\":\"2020-09-08T18:55:55+00:00\",\"dateModified\":\"2025-07-22T21:16:21+00:00\",\"breadcrumb\":{\"@id\":\"https:\/\/hbiconsulting.eu\/de\/studies-research-projects\/#breadcrumb\"},\"inLanguage\":\"de\",\"potentialAction\":[{\"@type\":\"ReadAction\",\"target\":[\"https:\/\/hbiconsulting.eu\/de\/studies-research-projects\/\"]}]},{\"@type\":\"BreadcrumbList\",\"@id\":\"https:\/\/hbiconsulting.eu\/de\/studies-research-projects\/#breadcrumb\",\"itemListElement\":[{\"@type\":\"ListItem\",\"position\":1,\"name\":\"Home\",\"item\":\"https:\/\/hbiconsulting.eu\/de\/\"},{\"@type\":\"ListItem\",\"position\":2,\"name\":\"Forschungsprogramme\"}]},{\"@type\":\"WebSite\",\"@id\":\"https:\/\/hbiconsulting.eu\/de\/#website\",\"url\":\"https:\/\/hbiconsulting.eu\/de\/\",\"name\":\"HBI\",\"description\":\"BUSINESS IDEAS\",\"potentialAction\":[{\"@type\":\"SearchAction\",\"target\":{\"@type\":\"EntryPoint\",\"urlTemplate\":\"https:\/\/hbiconsulting.eu\/de\/?s={search_term_string}\"},\"query-input\":{\"@type\":\"PropertyValueSpecification\",\"valueRequired\":true,\"valueName\":\"search_term_string\"}}],\"inLanguage\":\"de\"}]}<\/script>\n<!-- \/ Yoast SEO plugin. -->","yoast_head_json":{"title":"Forschungsprogramme - HBI","robots":{"index":"index","follow":"follow","max-snippet":"max-snippet:-1","max-image-preview":"max-image-preview:large","max-video-preview":"max-video-preview:-1"},"canonical":"https:\/\/hbiconsulting.eu\/de\/studies-research-projects\/","og_locale":"de_DE","og_type":"article","og_title":"Forschungsprogramme - HBI","og_description":"[vc_row][vc_column][vc_empty_space height=&#8220;50px&#8220;][\/vc_column][\/vc_row][vc_row][vc_column][vc_column_text css=&#8220;&#8220;]Bei HBI bieten wir umfassende Dienstleistungen f\u00fcr Organisationen, Forschungszentren und Unternehmen an, die den gesamten Zyklus eines Forschungsprojekts abdecken \u2013 von der ersten Idee bis zum Abschluss. Dabei betreuen wir sowohl nationale Programme (Strukturfonds, Nationaler Aufbau- und Resilienzfonds) als auch europ\u00e4ische F\u00f6rderprogramme (Horizon Europe). Unsere Dienstleistungen: Strategie f\u00fcr die Antragstellung &amp; Bewertung: Wir&hellip;","og_url":"https:\/\/hbiconsulting.eu\/de\/studies-research-projects\/","og_site_name":"HBI","article_publisher":"https:\/\/www.facebook.com\/harevabusinessideas\/","article_modified_time":"2025-07-22T21:16:21+00:00","twitter_card":"summary_large_image","twitter_misc":{"Gesch\u00e4tzte Lesezeit":"1\u00a0Minute"},"schema":{"@context":"https:\/\/schema.org","@graph":[{"@type":"WebPage","@id":"https:\/\/hbiconsulting.eu\/de\/studies-research-projects\/","url":"https:\/\/hbiconsulting.eu\/de\/studies-research-projects\/","name":"Forschungsprogramme - HBI","isPartOf":{"@id":"https:\/\/hbiconsulting.eu\/de\/#website"},"datePublished":"2020-09-08T18:55:55+00:00","dateModified":"2025-07-22T21:16:21+00:00","breadcrumb":{"@id":"https:\/\/hbiconsulting.eu\/de\/studies-research-projects\/#breadcrumb"},"inLanguage":"de","potentialAction":[{"@type":"ReadAction","target":["https:\/\/hbiconsulting.eu\/de\/studies-research-projects\/"]}]},{"@type":"BreadcrumbList","@id":"https:\/\/hbiconsulting.eu\/de\/studies-research-projects\/#breadcrumb","itemListElement":[{"@type":"ListItem","position":1,"name":"Home","item":"https:\/\/hbiconsulting.eu\/de\/"},{"@type":"ListItem","position":2,"name":"Forschungsprogramme"}]},{"@type":"WebSite","@id":"https:\/\/hbiconsulting.eu\/de\/#website","url":"https:\/\/hbiconsulting.eu\/de\/","name":"HBI","description":"BUSINESS IDEAS","potentialAction":[{"@type":"SearchAction","target":{"@type":"EntryPoint","urlTemplate":"https:\/\/hbiconsulting.eu\/de\/?s={search_term_string}"},"query-input":{"@type":"PropertyValueSpecification","valueRequired":true,"valueName":"search_term_string"}}],"inLanguage":"de"}]}},"_links":{"self":[{"href":"https:\/\/hbiconsulting.eu\/de\/wp-json\/wp\/v2\/pages\/61831","targetHints":{"allow":["GET"]}}],"collection":[{"href":"https:\/\/hbiconsulting.eu\/de\/wp-json\/wp\/v2\/pages"}],"about":[{"href":"https:\/\/hbiconsulting.eu\/de\/wp-json\/wp\/v2\/types\/page"}],"author":[{"embeddable":true,"href":"https:\/\/hbiconsulting.eu\/de\/wp-json\/wp\/v2\/users\/2"}],"replies":[{"embeddable":true,"href":"https:\/\/hbiconsulting.eu\/de\/wp-json\/wp\/v2\/comments?post=61831"}],"version-history":[{"count":1,"href":"https:\/\/hbiconsulting.eu\/de\/wp-json\/wp\/v2\/pages\/61831\/revisions"}],"predecessor-version":[{"id":61845,"href":"https:\/\/hbiconsulting.eu\/de\/wp-json\/wp\/v2\/pages\/61831\/revisions\/61845"}],"wp:attachment":[{"href":"https:\/\/hbiconsulting.eu\/de\/wp-json\/wp\/v2\/media?parent=61831"}],"curies":[{"name":"wp","href":"https:\/\/api.w.org\/{rel}","templated":true}]}}