{"id":61830,"date":"2020-09-08T20:15:22","date_gmt":"2020-09-08T18:15:22","guid":{"rendered":"https:\/\/hbiconsulting.eu\/economic-and-technical-studies\/"},"modified":"2025-07-22T23:14:51","modified_gmt":"2025-07-22T21:14:51","slug":"economic-and-technical-studies","status":"publish","type":"page","link":"https:\/\/hbiconsulting.eu\/de\/economic-and-technical-studies\/","title":{"rendered":"Wirtschaftlich-Technische Studien"},"content":{"rendered":"<div class=\"wpb-content-wrapper\"><p>[vc_row][vc_column][vc_empty_space height=&#8220;50px&#8220;][\/vc_column][\/vc_row][vc_row][vc_column][vc_column_text css=&#8220;&#8220;]Unsere Dienstleistungen umfassen die ganzheitliche Bewertung der wirtschaftlichen und technischen Tragf\u00e4higkeit eines Projekts, einschlie\u00dflich Kosten-Nutzen-Analyse, Risikoabsch\u00e4tzung und fundierten Finanzierungsvorschl\u00e4gen. Durch diesen ganzheitlichen Ansatz unterst\u00fctzen wir unsere Kunden dabei, fundierte Entscheidungen zu treffen und ihre Investitionen erfolgreich umzusetzen.<\/p>\n<p>Unsere Dienstleistungen:<\/p>\n<ul>\n<li><strong>Gesch\u00e4ftsplanung<\/strong><\/li>\n<li><strong>Marktforschung und -analyse<\/strong><\/li>\n<li><strong>Unterst\u00fctzende Begleitung f\u00fcr neue Unternehmen (Mentoring)<\/strong><\/li>\n<li><strong>Strategieentwicklung und -umsetzung f\u00fcr bestehende Unternehmen<\/strong><\/li>\n<li><strong>Unternehmensplanung<\/strong><\/li>\n<li><strong>Gestaltung und Durchf\u00fchrung von Social Media-Kampagnen (Gestaltung und Durchf\u00fchrung von Social Media-Kampagnen)<\/strong><\/li>\n<li><strong>Schulungen\/Seminare<\/strong><\/li>\n<\/ul>\n<p>[\/vc_column_text][\/vc_column][\/vc_row][vc_row][vc_column][vc_empty_space height=&#8220;50px&#8220;][\/vc_column][\/vc_row]<\/p>\n<\/div>","protected":false},"excerpt":{"rendered":"<p>[vc_row][vc_column][vc_empty_space height=&#8220;50px&#8220;][\/vc_column][\/vc_row][vc_row][vc_column][vc_column_text css=&#8220;&#8220;]Unsere Dienstleistungen umfassen die ganzheitliche Bewertung der wirtschaftlichen und technischen Tragf\u00e4higkeit eines Projekts, einschlie\u00dflich Kosten-Nutzen-Analyse, Risikoabsch\u00e4tzung und fundierten Finanzierungsvorschl\u00e4gen. Durch diesen ganzheitlichen Ansatz unterst\u00fctzen wir unsere Kunden dabei, fundierte Entscheidungen zu treffen und ihre Investitionen erfolgreich umzusetzen. Unsere Dienstleistungen: Gesch\u00e4ftsplanung Marktforschung und -analyse Unterst\u00fctzende Begleitung f\u00fcr neue Unternehmen (Mentoring) Strategieentwicklung und -umsetzung f\u00fcr&hellip;<\/p>\n","protected":false},"author":2,"featured_media":0,"parent":0,"menu_order":260,"comment_status":"closed","ping_status":"closed","template":"","meta":{"footnotes":""},"class_list":["post-61830","page","type-page","status-publish","hentry","description-off"],"yoast_head":"<!-- This site is optimized with the Yoast SEO plugin v25.5 - https:\/\/yoast.com\/wordpress\/plugins\/seo\/ -->\n<title>Wirtschaftlich-Technische Studien - HBI<\/title>\n<meta name=\"robots\" content=\"index, follow, max-snippet:-1, max-image-preview:large, max-video-preview:-1\" \/>\n<link rel=\"canonical\" href=\"https:\/\/hbiconsulting.eu\/de\/economic-and-technical-studies\/\" \/>\n<meta property=\"og:locale\" content=\"de_DE\" \/>\n<meta property=\"og:type\" content=\"article\" \/>\n<meta property=\"og:title\" content=\"Wirtschaftlich-Technische Studien - HBI\" \/>\n<meta property=\"og:description\" content=\"[vc_row][vc_column][vc_empty_space height=&#8220;50px&#8220;][\/vc_column][\/vc_row][vc_row][vc_column][vc_column_text css=&#8220;&#8220;]Unsere Dienstleistungen umfassen die ganzheitliche Bewertung der wirtschaftlichen und technischen Tragf\u00e4higkeit eines Projekts, einschlie\u00dflich Kosten-Nutzen-Analyse, Risikoabsch\u00e4tzung und fundierten Finanzierungsvorschl\u00e4gen. Durch diesen ganzheitlichen Ansatz unterst\u00fctzen wir unsere Kunden dabei, fundierte Entscheidungen zu treffen und ihre Investitionen erfolgreich umzusetzen. Unsere Dienstleistungen: Gesch\u00e4ftsplanung Marktforschung und -analyse Unterst\u00fctzende Begleitung f\u00fcr neue Unternehmen (Mentoring) Strategieentwicklung und -umsetzung f\u00fcr&hellip;\" \/>\n<meta property=\"og:url\" content=\"https:\/\/hbiconsulting.eu\/de\/economic-and-technical-studies\/\" \/>\n<meta property=\"og:site_name\" content=\"HBI\" \/>\n<meta property=\"article:publisher\" content=\"https:\/\/www.facebook.com\/harevabusinessideas\/\" \/>\n<meta property=\"article:modified_time\" content=\"2025-07-22T21:14:51+00:00\" \/>\n<meta name=\"twitter:card\" content=\"summary_large_image\" \/>\n<meta name=\"twitter:label1\" content=\"Gesch\u00e4tzte Lesezeit\" \/>\n\t<meta name=\"twitter:data1\" content=\"1\u00a0Minute\" \/>\n<script type=\"application\/ld+json\" class=\"yoast-schema-graph\">{\"@context\":\"https:\/\/schema.org\",\"@graph\":[{\"@type\":\"WebPage\",\"@id\":\"https:\/\/hbiconsulting.eu\/de\/economic-and-technical-studies\/\",\"url\":\"https:\/\/hbiconsulting.eu\/de\/economic-and-technical-studies\/\",\"name\":\"Wirtschaftlich-Technische Studien - HBI\",\"isPartOf\":{\"@id\":\"https:\/\/hbiconsulting.eu\/de\/#website\"},\"datePublished\":\"2020-09-08T18:15:22+00:00\",\"dateModified\":\"2025-07-22T21:14:51+00:00\",\"breadcrumb\":{\"@id\":\"https:\/\/hbiconsulting.eu\/de\/economic-and-technical-studies\/#breadcrumb\"},\"inLanguage\":\"de\",\"potentialAction\":[{\"@type\":\"ReadAction\",\"target\":[\"https:\/\/hbiconsulting.eu\/de\/economic-and-technical-studies\/\"]}]},{\"@type\":\"BreadcrumbList\",\"@id\":\"https:\/\/hbiconsulting.eu\/de\/economic-and-technical-studies\/#breadcrumb\",\"itemListElement\":[{\"@type\":\"ListItem\",\"position\":1,\"name\":\"Home\",\"item\":\"https:\/\/hbiconsulting.eu\/de\/\"},{\"@type\":\"ListItem\",\"position\":2,\"name\":\"Wirtschaftlich-Technische Studien\"}]},{\"@type\":\"WebSite\",\"@id\":\"https:\/\/hbiconsulting.eu\/de\/#website\",\"url\":\"https:\/\/hbiconsulting.eu\/de\/\",\"name\":\"HBI\",\"description\":\"BUSINESS IDEAS\",\"potentialAction\":[{\"@type\":\"SearchAction\",\"target\":{\"@type\":\"EntryPoint\",\"urlTemplate\":\"https:\/\/hbiconsulting.eu\/de\/?s={search_term_string}\"},\"query-input\":{\"@type\":\"PropertyValueSpecification\",\"valueRequired\":true,\"valueName\":\"search_term_string\"}}],\"inLanguage\":\"de\"}]}<\/script>\n<!-- \/ Yoast SEO plugin. -->","yoast_head_json":{"title":"Wirtschaftlich-Technische Studien - HBI","robots":{"index":"index","follow":"follow","max-snippet":"max-snippet:-1","max-image-preview":"max-image-preview:large","max-video-preview":"max-video-preview:-1"},"canonical":"https:\/\/hbiconsulting.eu\/de\/economic-and-technical-studies\/","og_locale":"de_DE","og_type":"article","og_title":"Wirtschaftlich-Technische Studien - HBI","og_description":"[vc_row][vc_column][vc_empty_space height=&#8220;50px&#8220;][\/vc_column][\/vc_row][vc_row][vc_column][vc_column_text css=&#8220;&#8220;]Unsere Dienstleistungen umfassen die ganzheitliche Bewertung der wirtschaftlichen und technischen Tragf\u00e4higkeit eines Projekts, einschlie\u00dflich Kosten-Nutzen-Analyse, Risikoabsch\u00e4tzung und fundierten Finanzierungsvorschl\u00e4gen. Durch diesen ganzheitlichen Ansatz unterst\u00fctzen wir unsere Kunden dabei, fundierte Entscheidungen zu treffen und ihre Investitionen erfolgreich umzusetzen. Unsere Dienstleistungen: Gesch\u00e4ftsplanung Marktforschung und -analyse Unterst\u00fctzende Begleitung f\u00fcr neue Unternehmen (Mentoring) Strategieentwicklung und -umsetzung f\u00fcr&hellip;","og_url":"https:\/\/hbiconsulting.eu\/de\/economic-and-technical-studies\/","og_site_name":"HBI","article_publisher":"https:\/\/www.facebook.com\/harevabusinessideas\/","article_modified_time":"2025-07-22T21:14:51+00:00","twitter_card":"summary_large_image","twitter_misc":{"Gesch\u00e4tzte Lesezeit":"1\u00a0Minute"},"schema":{"@context":"https:\/\/schema.org","@graph":[{"@type":"WebPage","@id":"https:\/\/hbiconsulting.eu\/de\/economic-and-technical-studies\/","url":"https:\/\/hbiconsulting.eu\/de\/economic-and-technical-studies\/","name":"Wirtschaftlich-Technische Studien - HBI","isPartOf":{"@id":"https:\/\/hbiconsulting.eu\/de\/#website"},"datePublished":"2020-09-08T18:15:22+00:00","dateModified":"2025-07-22T21:14:51+00:00","breadcrumb":{"@id":"https:\/\/hbiconsulting.eu\/de\/economic-and-technical-studies\/#breadcrumb"},"inLanguage":"de","potentialAction":[{"@type":"ReadAction","target":["https:\/\/hbiconsulting.eu\/de\/economic-and-technical-studies\/"]}]},{"@type":"BreadcrumbList","@id":"https:\/\/hbiconsulting.eu\/de\/economic-and-technical-studies\/#breadcrumb","itemListElement":[{"@type":"ListItem","position":1,"name":"Home","item":"https:\/\/hbiconsulting.eu\/de\/"},{"@type":"ListItem","position":2,"name":"Wirtschaftlich-Technische Studien"}]},{"@type":"WebSite","@id":"https:\/\/hbiconsulting.eu\/de\/#website","url":"https:\/\/hbiconsulting.eu\/de\/","name":"HBI","description":"BUSINESS IDEAS","potentialAction":[{"@type":"SearchAction","target":{"@type":"EntryPoint","urlTemplate":"https:\/\/hbiconsulting.eu\/de\/?s={search_term_string}"},"query-input":{"@type":"PropertyValueSpecification","valueRequired":true,"valueName":"search_term_string"}}],"inLanguage":"de"}]}},"_links":{"self":[{"href":"https:\/\/hbiconsulting.eu\/de\/wp-json\/wp\/v2\/pages\/61830","targetHints":{"allow":["GET"]}}],"collection":[{"href":"https:\/\/hbiconsulting.eu\/de\/wp-json\/wp\/v2\/pages"}],"about":[{"href":"https:\/\/hbiconsulting.eu\/de\/wp-json\/wp\/v2\/types\/page"}],"author":[{"embeddable":true,"href":"https:\/\/hbiconsulting.eu\/de\/wp-json\/wp\/v2\/users\/2"}],"replies":[{"embeddable":true,"href":"https:\/\/hbiconsulting.eu\/de\/wp-json\/wp\/v2\/comments?post=61830"}],"version-history":[{"count":1,"href":"https:\/\/hbiconsulting.eu\/de\/wp-json\/wp\/v2\/pages\/61830\/revisions"}],"predecessor-version":[{"id":61843,"href":"https:\/\/hbiconsulting.eu\/de\/wp-json\/wp\/v2\/pages\/61830\/revisions\/61843"}],"wp:attachment":[{"href":"https:\/\/hbiconsulting.eu\/de\/wp-json\/wp\/v2\/media?parent=61830"}],"curies":[{"name":"wp","href":"https:\/\/api.w.org\/{rel}","templated":true}]}}