{"id":61828,"date":"2025-07-01T22:55:40","date_gmt":"2025-07-01T20:55:40","guid":{"rendered":"https:\/\/hbiconsulting.eu\/subsidy-programmes\/"},"modified":"2025-07-22T23:11:47","modified_gmt":"2025-07-22T21:11:47","slug":"subsidy-programmes","status":"publish","type":"page","link":"https:\/\/hbiconsulting.eu\/de\/subsidy-programmes\/","title":{"rendered":"F\u00f6rderprogramme"},"content":{"rendered":"<div class=\"wpb-content-wrapper\"><p>[vc_row][vc_column][vc_empty_space height=&#8220;50px&#8220;][\/vc_column][\/vc_row][vc_row][vc_column][vc_column_text css=&#8220;&#8220;]Die HBI bietet umfassende Unterst\u00fctzungsleistungen zur Nutzung verf\u00fcgbarer Finanzierungsinstrumente aus nationalen und europ\u00e4ischen F\u00f6rderprogrammen an. Er verf\u00fcgt \u00fcber Fachwissen und umfangreiche Erfahrung in der Projektverwaltung des <strong>Nationalen Strategischen Bezugsrahmens (ESPA),<\/strong> des <strong>Entwicklungsgesetzes<\/strong>, der <strong>Regionalen Operativen Programmen (PEP)<\/strong>, des <strong>Aufbau- und Resilienzfonds <\/strong>usw.<\/p>\n<p>&nbsp;<\/p>\n<p>Unsere Dienstleistungen:<\/p>\n<ul>\n<li><strong>Auswahl eines geeigneten Programms<\/strong> auf der Grundlage der Merkmale Ihres Unternehmens und Ihrer Bed\u00fcrfnisse.<\/li>\n<li><strong>Bewertung der F\u00f6rderf\u00e4higkeit<\/strong> Ihres Unternehmens und Ihres Investitionsplans.<\/li>\n<li><strong>Erstellung einer vollst\u00e4ndigen Einreichungsakte<\/strong>.<\/li>\n<li><strong>Unterst\u00fctzung w\u00e4hrend des gesamten Bewertungsprozesses<\/strong> durch die zust\u00e4ndigen Beh\u00f6rden.<\/li>\n<li><strong>\u00dcberwachung und Unterst\u00fctzung bei der Durchf\u00fchrung Ihres Investitionsprojekts<\/strong>.<\/li>\n<li><strong>Zusammenstellung und Einreichung von Zahlungsantr\u00e4gen und \u00c4nderungsantr\u00e4gen<\/strong>.<\/li>\n<li><strong>Beratende Unterst\u00fctzung<\/strong> zur Einhaltung der Anforderungen jedes Programms \u2013 von der Projektinitiierung bis zum Abschluss Ihrer Investition.<\/li>\n<\/ul>\n<p>[\/vc_column_text][\/vc_column][\/vc_row][vc_row][vc_column][vc_empty_space height=&#8220;50px&#8220;][\/vc_column][\/vc_row]<\/p>\n<\/div>","protected":false},"excerpt":{"rendered":"<p>[vc_row][vc_column][vc_empty_space height=&#8220;50px&#8220;][\/vc_column][\/vc_row][vc_row][vc_column][vc_column_text css=&#8220;&#8220;]Die HBI bietet umfassende Unterst\u00fctzungsleistungen zur Nutzung verf\u00fcgbarer Finanzierungsinstrumente aus nationalen und europ\u00e4ischen F\u00f6rderprogrammen an. Er verf\u00fcgt \u00fcber Fachwissen und umfangreiche Erfahrung in der Projektverwaltung des Nationalen Strategischen Bezugsrahmens (ESPA), des Entwicklungsgesetzes, der Regionalen Operativen Programmen (PEP), des Aufbau- und Resilienzfonds usw. &nbsp; Unsere Dienstleistungen: Auswahl eines geeigneten Programms auf der Grundlage der&hellip;<\/p>\n","protected":false},"author":2,"featured_media":0,"parent":0,"menu_order":110,"comment_status":"closed","ping_status":"closed","template":"","meta":{"footnotes":""},"class_list":["post-61828","page","type-page","status-publish","hentry","description-off"],"yoast_head":"<!-- This site is optimized with the Yoast SEO plugin v25.5 - https:\/\/yoast.com\/wordpress\/plugins\/seo\/ -->\n<title>F\u00f6rderprogramme - HBI<\/title>\n<meta name=\"robots\" content=\"index, follow, max-snippet:-1, max-image-preview:large, max-video-preview:-1\" \/>\n<link rel=\"canonical\" href=\"https:\/\/hbiconsulting.eu\/de\/subsidy-programmes\/\" \/>\n<meta property=\"og:locale\" content=\"de_DE\" \/>\n<meta property=\"og:type\" content=\"article\" \/>\n<meta property=\"og:title\" content=\"F\u00f6rderprogramme - HBI\" \/>\n<meta property=\"og:description\" content=\"[vc_row][vc_column][vc_empty_space height=&#8220;50px&#8220;][\/vc_column][\/vc_row][vc_row][vc_column][vc_column_text css=&#8220;&#8220;]Die HBI bietet umfassende Unterst\u00fctzungsleistungen zur Nutzung verf\u00fcgbarer Finanzierungsinstrumente aus nationalen und europ\u00e4ischen F\u00f6rderprogrammen an. Er verf\u00fcgt \u00fcber Fachwissen und umfangreiche Erfahrung in der Projektverwaltung des Nationalen Strategischen Bezugsrahmens (ESPA), des Entwicklungsgesetzes, der Regionalen Operativen Programmen (PEP), des Aufbau- und Resilienzfonds usw. &nbsp; Unsere Dienstleistungen: Auswahl eines geeigneten Programms auf der Grundlage der&hellip;\" \/>\n<meta property=\"og:url\" content=\"https:\/\/hbiconsulting.eu\/de\/subsidy-programmes\/\" \/>\n<meta property=\"og:site_name\" content=\"HBI\" \/>\n<meta property=\"article:publisher\" content=\"https:\/\/www.facebook.com\/harevabusinessideas\/\" \/>\n<meta property=\"article:modified_time\" content=\"2025-07-22T21:11:47+00:00\" \/>\n<meta name=\"twitter:card\" content=\"summary_large_image\" \/>\n<meta name=\"twitter:label1\" content=\"Gesch\u00e4tzte Lesezeit\" \/>\n\t<meta name=\"twitter:data1\" content=\"1\u00a0Minute\" \/>\n<script type=\"application\/ld+json\" class=\"yoast-schema-graph\">{\"@context\":\"https:\/\/schema.org\",\"@graph\":[{\"@type\":\"WebPage\",\"@id\":\"https:\/\/hbiconsulting.eu\/de\/subsidy-programmes\/\",\"url\":\"https:\/\/hbiconsulting.eu\/de\/subsidy-programmes\/\",\"name\":\"F\u00f6rderprogramme - HBI\",\"isPartOf\":{\"@id\":\"https:\/\/hbiconsulting.eu\/de\/#website\"},\"datePublished\":\"2025-07-01T20:55:40+00:00\",\"dateModified\":\"2025-07-22T21:11:47+00:00\",\"breadcrumb\":{\"@id\":\"https:\/\/hbiconsulting.eu\/de\/subsidy-programmes\/#breadcrumb\"},\"inLanguage\":\"de\",\"potentialAction\":[{\"@type\":\"ReadAction\",\"target\":[\"https:\/\/hbiconsulting.eu\/de\/subsidy-programmes\/\"]}]},{\"@type\":\"BreadcrumbList\",\"@id\":\"https:\/\/hbiconsulting.eu\/de\/subsidy-programmes\/#breadcrumb\",\"itemListElement\":[{\"@type\":\"ListItem\",\"position\":1,\"name\":\"Home\",\"item\":\"https:\/\/hbiconsulting.eu\/de\/\"},{\"@type\":\"ListItem\",\"position\":2,\"name\":\"F\u00f6rderprogramme\"}]},{\"@type\":\"WebSite\",\"@id\":\"https:\/\/hbiconsulting.eu\/de\/#website\",\"url\":\"https:\/\/hbiconsulting.eu\/de\/\",\"name\":\"HBI\",\"description\":\"BUSINESS IDEAS\",\"potentialAction\":[{\"@type\":\"SearchAction\",\"target\":{\"@type\":\"EntryPoint\",\"urlTemplate\":\"https:\/\/hbiconsulting.eu\/de\/?s={search_term_string}\"},\"query-input\":{\"@type\":\"PropertyValueSpecification\",\"valueRequired\":true,\"valueName\":\"search_term_string\"}}],\"inLanguage\":\"de\"}]}<\/script>\n<!-- \/ Yoast SEO plugin. -->","yoast_head_json":{"title":"F\u00f6rderprogramme - HBI","robots":{"index":"index","follow":"follow","max-snippet":"max-snippet:-1","max-image-preview":"max-image-preview:large","max-video-preview":"max-video-preview:-1"},"canonical":"https:\/\/hbiconsulting.eu\/de\/subsidy-programmes\/","og_locale":"de_DE","og_type":"article","og_title":"F\u00f6rderprogramme - HBI","og_description":"[vc_row][vc_column][vc_empty_space height=&#8220;50px&#8220;][\/vc_column][\/vc_row][vc_row][vc_column][vc_column_text css=&#8220;&#8220;]Die HBI bietet umfassende Unterst\u00fctzungsleistungen zur Nutzung verf\u00fcgbarer Finanzierungsinstrumente aus nationalen und europ\u00e4ischen F\u00f6rderprogrammen an. Er verf\u00fcgt \u00fcber Fachwissen und umfangreiche Erfahrung in der Projektverwaltung des Nationalen Strategischen Bezugsrahmens (ESPA), des Entwicklungsgesetzes, der Regionalen Operativen Programmen (PEP), des Aufbau- und Resilienzfonds usw. &nbsp; Unsere Dienstleistungen: Auswahl eines geeigneten Programms auf der Grundlage der&hellip;","og_url":"https:\/\/hbiconsulting.eu\/de\/subsidy-programmes\/","og_site_name":"HBI","article_publisher":"https:\/\/www.facebook.com\/harevabusinessideas\/","article_modified_time":"2025-07-22T21:11:47+00:00","twitter_card":"summary_large_image","twitter_misc":{"Gesch\u00e4tzte Lesezeit":"1\u00a0Minute"},"schema":{"@context":"https:\/\/schema.org","@graph":[{"@type":"WebPage","@id":"https:\/\/hbiconsulting.eu\/de\/subsidy-programmes\/","url":"https:\/\/hbiconsulting.eu\/de\/subsidy-programmes\/","name":"F\u00f6rderprogramme - HBI","isPartOf":{"@id":"https:\/\/hbiconsulting.eu\/de\/#website"},"datePublished":"2025-07-01T20:55:40+00:00","dateModified":"2025-07-22T21:11:47+00:00","breadcrumb":{"@id":"https:\/\/hbiconsulting.eu\/de\/subsidy-programmes\/#breadcrumb"},"inLanguage":"de","potentialAction":[{"@type":"ReadAction","target":["https:\/\/hbiconsulting.eu\/de\/subsidy-programmes\/"]}]},{"@type":"BreadcrumbList","@id":"https:\/\/hbiconsulting.eu\/de\/subsidy-programmes\/#breadcrumb","itemListElement":[{"@type":"ListItem","position":1,"name":"Home","item":"https:\/\/hbiconsulting.eu\/de\/"},{"@type":"ListItem","position":2,"name":"F\u00f6rderprogramme"}]},{"@type":"WebSite","@id":"https:\/\/hbiconsulting.eu\/de\/#website","url":"https:\/\/hbiconsulting.eu\/de\/","name":"HBI","description":"BUSINESS IDEAS","potentialAction":[{"@type":"SearchAction","target":{"@type":"EntryPoint","urlTemplate":"https:\/\/hbiconsulting.eu\/de\/?s={search_term_string}"},"query-input":{"@type":"PropertyValueSpecification","valueRequired":true,"valueName":"search_term_string"}}],"inLanguage":"de"}]}},"_links":{"self":[{"href":"https:\/\/hbiconsulting.eu\/de\/wp-json\/wp\/v2\/pages\/61828","targetHints":{"allow":["GET"]}}],"collection":[{"href":"https:\/\/hbiconsulting.eu\/de\/wp-json\/wp\/v2\/pages"}],"about":[{"href":"https:\/\/hbiconsulting.eu\/de\/wp-json\/wp\/v2\/types\/page"}],"author":[{"embeddable":true,"href":"https:\/\/hbiconsulting.eu\/de\/wp-json\/wp\/v2\/users\/2"}],"replies":[{"embeddable":true,"href":"https:\/\/hbiconsulting.eu\/de\/wp-json\/wp\/v2\/comments?post=61828"}],"version-history":[{"count":1,"href":"https:\/\/hbiconsulting.eu\/de\/wp-json\/wp\/v2\/pages\/61828\/revisions"}],"predecessor-version":[{"id":61841,"href":"https:\/\/hbiconsulting.eu\/de\/wp-json\/wp\/v2\/pages\/61828\/revisions\/61841"}],"wp:attachment":[{"href":"https:\/\/hbiconsulting.eu\/de\/wp-json\/wp\/v2\/media?parent=61828"}],"curies":[{"name":"wp","href":"https:\/\/api.w.org\/{rel}","templated":true}]}}