{"id":61819,"date":"2025-07-03T11:56:24","date_gmt":"2025-07-03T09:56:24","guid":{"rendered":"https:\/\/hbiconsulting.eu\/politiki-aporritou\/"},"modified":"2025-07-23T15:37:40","modified_gmt":"2025-07-23T13:37:40","slug":"datenschutz","status":"publish","type":"page","link":"https:\/\/hbiconsulting.eu\/de\/datenschutz\/","title":{"rendered":"Datenschutz"},"content":{"rendered":"<div class=\"wpb-content-wrapper\"><p>[vc_row][vc_column][vc_column_text css=&#8220;&#8220;]<strong>Letzte Aktualisierung: 16. Juli 2025<\/strong><\/p>\n<p>Diese Datenschutzrichtlinie erl\u00e4utert, wie DAMVAKERAKI &amp; SIA S.A. &#8211; &#8222;HBI&#8220; (<a href=\"https:\/\/hbiconsulting.eu\/de\/\">https:\/\/hbiconsulting.eu<\/a>) Ihre pers\u00f6nlichen Daten sammelt, verwendet und sch\u00fctzt, wenn Sie auf der Website surfen oder ein Kontaktformular abschicken.<\/p>\n<ol>\n<li><strong> Verantwortlicher f\u00fcr die Verarbeitung<\/strong><\/li>\n<\/ol>\n<p>HBI hat seinen Sitz in Maroussi, Attika (32 Salaminos Street, P.O. Box 15124) und ist verantwortlich f\u00fcr die Verarbeitung Ihrer pers\u00f6nlichen Daten.\u2028info@hbiconsulting.eu | 210-8020555<\/p>\n<p>&nbsp;<\/p>\n<ol start=\"2\">\n<li><strong> Welche Daten wir erheben<\/strong><\/li>\n<\/ol>\n<p>Wir erheben personenbezogene Daten, die Sie uns zur Verf\u00fcgung stellen:<\/p>\n<ul>\n<li><strong>Beim Absenden eines Kontaktformulars<\/strong> auf der Website (<a href=\"https:\/\/hbi.b-labs.gr\/epikoinonia\/\">kontaktseite<\/a> oder auf den einzelnen Projektseiten) &#8211; wie z. B. Name, E-Mail, Telefonnummer, Thema des Interesses und Nachricht.<\/li>\n<li><strong>Wenn Sie die Website besuchen<\/strong> &#8211; durch Cookies (IP-Adresse, Browsertyp, besuchte Seiten). Siehe im Detail die <u>Cookies-Richtlinie<\/u>.<\/li>\n<\/ul>\n<p>&nbsp;<\/p>\n<ol start=\"3\">\n<li><strong> Zwecke der Verarbeitung<\/strong><\/li>\n<\/ol>\n<p>Die Daten werden ausschlie\u00dflich zu diesem Zweck verwendet:<\/p>\n<ul>\n<li>Sie zu kontaktieren und auf Ihre Anfrage zu antworten<\/li>\n<li>Ihnen auf Wunsch Informationen \u00fcber Programme und Ma\u00dfnahmen zukommen zu lassen<\/li>\n<li>Statistische Analyse der Nutzung der Website<\/li>\n<li>Einhaltung der rechtlichen Verpflichtungen<\/li>\n<\/ul>\n<p>&nbsp;<\/p>\n<ol start=\"4\">\n<li><strong> Rechtsgrundlage f\u00fcr die Verarbeitung<\/strong><\/li>\n<\/ol>\n<ul>\n<li><strong>Artikel 6 Absatz 1 Buchstabe a<\/strong> GDPR &#8211; ausdr\u00fcckliche Zustimmung (Formulare, Cookies)<\/li>\n<li><strong>Artikel 6 Absatz 1 Buchstabe f<\/strong> DSGVO &#8211; berechtigtes Interesse am wesentlichen Funktionieren der Website<\/li>\n<\/ul>\n<p>&nbsp;<\/p>\n<ol start=\"5\">\n<li><strong> Automatisierte Entscheidungsfindung\/Profilerstellung<\/strong><\/li>\n<\/ol>\n<p>Es findet keine automatisierte Entscheidungsfindung oder Profiling statt.<\/p>\n<p>&nbsp;<\/p>\n<ol start=\"6\">\n<li><strong> Rechte der Subjekte<\/strong><\/li>\n<\/ol>\n<p>Sie haben das Recht dazu:<\/p>\n<ul>\n<li>Zugang zu Ihren Daten<\/li>\n<li>Berichtigung oder L\u00f6schung<\/li>\n<li>Einschr\u00e4nkung oder Einspruch gegen die Verarbeitung<\/li>\n<li>\u00dcbertragbarkeit\u2028R\u00fccknahme der Zustimmung<\/li>\n<li>Einreichung einer Beschwerde bei <a href=\"https:\/\/www.dpa.gr\/\">Datenschutzbeh\u00f6rde<\/a><\/li>\n<\/ul>\n<p>Die Bewerbungen sind per Post (32 Salaminos Street, 15124 Maroussi) oder elektronisch unter <strong>info@hbiconsulting.eu<\/strong> einzureichen.<\/p>\n<p>&nbsp;<\/p>\n<ol start=\"7\">\n<li><strong> Dauer der Speicherung<\/strong><\/li>\n<\/ol>\n<p>Wir bewahren die Kontaktdaten bis zu <strong>24 Monate<\/strong> nach der letzten Mitteilung auf oder fr\u00fcher, wenn Sie die L\u00f6schung verlangen.<\/p>\n<p>&nbsp;<\/p>\n<ol start=\"8\">\n<li><strong> Dritte Empf\u00e4nger<\/strong><\/li>\n<\/ol>\n<p>Wir geben Ihre Daten nicht weiter, es sei denn, dies ist f\u00fcr den technischen Betrieb der Website (z.B. an Hosting-Provider) oder zur Einhaltung von Gesetzen erforderlich.<\/p>\n<p>&nbsp;<\/p>\n<ol start=\"9\">\n<li><strong> Links von Dritten<\/strong><\/li>\n<\/ol>\n<p>Die Website kann Links zu Dritten enthalten. Wir sind nicht verantwortlich f\u00fcr deren Inhalt oder Politik. Wir empfehlen Ihnen, die Datenschutzrichtlinien der jeweiligen Anbieter zu lesen.<\/p>\n<p>&nbsp;<\/p>\n<ol start=\"10\">\n<li><strong> Sicherheit<\/strong><\/li>\n<\/ol>\n<p>Wir setzen moderne technische und organisatorische Ma\u00dfnahmen zum Schutz Ihrer Daten ein.[\/vc_column_text][\/vc_column][\/vc_row]<\/p>\n<\/div>","protected":false},"excerpt":{"rendered":"<p>[vc_row][vc_column][vc_column_text css=&#8220;&#8220;]Letzte Aktualisierung: 16. Juli 2025 Diese Datenschutzrichtlinie erl\u00e4utert, wie DAMVAKERAKI &amp; SIA S.A. &#8211; &#8222;HBI&#8220; (https:\/\/hbiconsulting.eu) Ihre pers\u00f6nlichen Daten sammelt, verwendet und sch\u00fctzt, wenn Sie auf der Website surfen oder ein Kontaktformular abschicken. Verantwortlicher f\u00fcr die Verarbeitung HBI hat seinen Sitz in Maroussi, Attika (32 Salaminos Street, P.O. Box 15124) und ist verantwortlich f\u00fcr&hellip;<\/p>\n","protected":false},"author":2,"featured_media":0,"parent":0,"menu_order":0,"comment_status":"closed","ping_status":"closed","template":"","meta":{"footnotes":""},"class_list":["post-61819","page","type-page","status-publish","hentry","description-off"],"yoast_head":"<!-- This site is optimized with the Yoast SEO plugin v25.5 - https:\/\/yoast.com\/wordpress\/plugins\/seo\/ -->\n<title>Datenschutz - HBI<\/title>\n<meta name=\"robots\" content=\"index, follow, max-snippet:-1, max-image-preview:large, max-video-preview:-1\" \/>\n<link rel=\"canonical\" href=\"https:\/\/hbiconsulting.eu\/de\/datenschutz\/\" \/>\n<meta property=\"og:locale\" content=\"de_DE\" \/>\n<meta property=\"og:type\" content=\"article\" \/>\n<meta property=\"og:title\" content=\"Datenschutz - HBI\" \/>\n<meta property=\"og:description\" content=\"[vc_row][vc_column][vc_column_text css=&#8220;&#8220;]Letzte Aktualisierung: 16. Juli 2025 Diese Datenschutzrichtlinie erl\u00e4utert, wie DAMVAKERAKI &amp; SIA S.A. &#8211; &#8222;HBI&#8220; (https:\/\/hbiconsulting.eu) Ihre pers\u00f6nlichen Daten sammelt, verwendet und sch\u00fctzt, wenn Sie auf der Website surfen oder ein Kontaktformular abschicken. Verantwortlicher f\u00fcr die Verarbeitung HBI hat seinen Sitz in Maroussi, Attika (32 Salaminos Street, P.O. Box 15124) und ist verantwortlich f\u00fcr&hellip;\" \/>\n<meta property=\"og:url\" content=\"https:\/\/hbiconsulting.eu\/de\/datenschutz\/\" \/>\n<meta property=\"og:site_name\" content=\"HBI\" \/>\n<meta property=\"article:publisher\" content=\"https:\/\/www.facebook.com\/harevabusinessideas\/\" \/>\n<meta property=\"article:modified_time\" content=\"2025-07-23T13:37:40+00:00\" \/>\n<meta name=\"twitter:card\" content=\"summary_large_image\" \/>\n<meta name=\"twitter:label1\" content=\"Gesch\u00e4tzte Lesezeit\" \/>\n\t<meta name=\"twitter:data1\" content=\"2\u00a0Minuten\" \/>\n<script type=\"application\/ld+json\" class=\"yoast-schema-graph\">{\"@context\":\"https:\/\/schema.org\",\"@graph\":[{\"@type\":\"WebPage\",\"@id\":\"https:\/\/hbiconsulting.eu\/de\/datenschutz\/\",\"url\":\"https:\/\/hbiconsulting.eu\/de\/datenschutz\/\",\"name\":\"Datenschutz - HBI\",\"isPartOf\":{\"@id\":\"https:\/\/hbiconsulting.eu\/de\/#website\"},\"datePublished\":\"2025-07-03T09:56:24+00:00\",\"dateModified\":\"2025-07-23T13:37:40+00:00\",\"breadcrumb\":{\"@id\":\"https:\/\/hbiconsulting.eu\/de\/datenschutz\/#breadcrumb\"},\"inLanguage\":\"de\",\"potentialAction\":[{\"@type\":\"ReadAction\",\"target\":[\"https:\/\/hbiconsulting.eu\/de\/datenschutz\/\"]}]},{\"@type\":\"BreadcrumbList\",\"@id\":\"https:\/\/hbiconsulting.eu\/de\/datenschutz\/#breadcrumb\",\"itemListElement\":[{\"@type\":\"ListItem\",\"position\":1,\"name\":\"Home\",\"item\":\"https:\/\/hbiconsulting.eu\/de\/\"},{\"@type\":\"ListItem\",\"position\":2,\"name\":\"Datenschutz\"}]},{\"@type\":\"WebSite\",\"@id\":\"https:\/\/hbiconsulting.eu\/de\/#website\",\"url\":\"https:\/\/hbiconsulting.eu\/de\/\",\"name\":\"HBI\",\"description\":\"BUSINESS IDEAS\",\"potentialAction\":[{\"@type\":\"SearchAction\",\"target\":{\"@type\":\"EntryPoint\",\"urlTemplate\":\"https:\/\/hbiconsulting.eu\/de\/?s={search_term_string}\"},\"query-input\":{\"@type\":\"PropertyValueSpecification\",\"valueRequired\":true,\"valueName\":\"search_term_string\"}}],\"inLanguage\":\"de\"}]}<\/script>\n<!-- \/ Yoast SEO plugin. -->","yoast_head_json":{"title":"Datenschutz - HBI","robots":{"index":"index","follow":"follow","max-snippet":"max-snippet:-1","max-image-preview":"max-image-preview:large","max-video-preview":"max-video-preview:-1"},"canonical":"https:\/\/hbiconsulting.eu\/de\/datenschutz\/","og_locale":"de_DE","og_type":"article","og_title":"Datenschutz - HBI","og_description":"[vc_row][vc_column][vc_column_text css=&#8220;&#8220;]Letzte Aktualisierung: 16. Juli 2025 Diese Datenschutzrichtlinie erl\u00e4utert, wie DAMVAKERAKI &amp; SIA S.A. &#8211; &#8222;HBI&#8220; (https:\/\/hbiconsulting.eu) Ihre pers\u00f6nlichen Daten sammelt, verwendet und sch\u00fctzt, wenn Sie auf der Website surfen oder ein Kontaktformular abschicken. Verantwortlicher f\u00fcr die Verarbeitung HBI hat seinen Sitz in Maroussi, Attika (32 Salaminos Street, P.O. Box 15124) und ist verantwortlich f\u00fcr&hellip;","og_url":"https:\/\/hbiconsulting.eu\/de\/datenschutz\/","og_site_name":"HBI","article_publisher":"https:\/\/www.facebook.com\/harevabusinessideas\/","article_modified_time":"2025-07-23T13:37:40+00:00","twitter_card":"summary_large_image","twitter_misc":{"Gesch\u00e4tzte Lesezeit":"2\u00a0Minuten"},"schema":{"@context":"https:\/\/schema.org","@graph":[{"@type":"WebPage","@id":"https:\/\/hbiconsulting.eu\/de\/datenschutz\/","url":"https:\/\/hbiconsulting.eu\/de\/datenschutz\/","name":"Datenschutz - HBI","isPartOf":{"@id":"https:\/\/hbiconsulting.eu\/de\/#website"},"datePublished":"2025-07-03T09:56:24+00:00","dateModified":"2025-07-23T13:37:40+00:00","breadcrumb":{"@id":"https:\/\/hbiconsulting.eu\/de\/datenschutz\/#breadcrumb"},"inLanguage":"de","potentialAction":[{"@type":"ReadAction","target":["https:\/\/hbiconsulting.eu\/de\/datenschutz\/"]}]},{"@type":"BreadcrumbList","@id":"https:\/\/hbiconsulting.eu\/de\/datenschutz\/#breadcrumb","itemListElement":[{"@type":"ListItem","position":1,"name":"Home","item":"https:\/\/hbiconsulting.eu\/de\/"},{"@type":"ListItem","position":2,"name":"Datenschutz"}]},{"@type":"WebSite","@id":"https:\/\/hbiconsulting.eu\/de\/#website","url":"https:\/\/hbiconsulting.eu\/de\/","name":"HBI","description":"BUSINESS IDEAS","potentialAction":[{"@type":"SearchAction","target":{"@type":"EntryPoint","urlTemplate":"https:\/\/hbiconsulting.eu\/de\/?s={search_term_string}"},"query-input":{"@type":"PropertyValueSpecification","valueRequired":true,"valueName":"search_term_string"}}],"inLanguage":"de"}]}},"_links":{"self":[{"href":"https:\/\/hbiconsulting.eu\/de\/wp-json\/wp\/v2\/pages\/61819","targetHints":{"allow":["GET"]}}],"collection":[{"href":"https:\/\/hbiconsulting.eu\/de\/wp-json\/wp\/v2\/pages"}],"about":[{"href":"https:\/\/hbiconsulting.eu\/de\/wp-json\/wp\/v2\/types\/page"}],"author":[{"embeddable":true,"href":"https:\/\/hbiconsulting.eu\/de\/wp-json\/wp\/v2\/users\/2"}],"replies":[{"embeddable":true,"href":"https:\/\/hbiconsulting.eu\/de\/wp-json\/wp\/v2\/comments?post=61819"}],"version-history":[{"count":2,"href":"https:\/\/hbiconsulting.eu\/de\/wp-json\/wp\/v2\/pages\/61819\/revisions"}],"predecessor-version":[{"id":61822,"href":"https:\/\/hbiconsulting.eu\/de\/wp-json\/wp\/v2\/pages\/61819\/revisions\/61822"}],"wp:attachment":[{"href":"https:\/\/hbiconsulting.eu\/de\/wp-json\/wp\/v2\/media?parent=61819"}],"curies":[{"name":"wp","href":"https:\/\/api.w.org\/{rel}","templated":true}]}}